{"id":11,"date":"2021-12-03T16:44:22","date_gmt":"2021-12-03T15:44:22","guid":{"rendered":"https:\/\/slowdentist.it\/farmacia\/?page_id=11"},"modified":"2024-10-23T08:17:49","modified_gmt":"2024-10-23T07:17:49","slug":"resi","status":"publish","type":"page","link":"https:\/\/slowdentist.it\/farmacia\/resi\/","title":{"rendered":"Resi"},"content":{"rendered":"<h1>Resi<\/h1>\n<h2>POLITICA DI RIMBORSO DI ITALIANA FARMACIA<\/h2>\n<p>La soddisfazione del cliente \u00e8 la nostra priorit\u00e0 assoluta. Se per qualsiasi motivo non avete ricevuto il vostro ordine, oppure se l&#8217;ordine \u00e8 arrivato danneggiato o incompleto, Italiana Farmacia si impegna a rimborsare il 100% dell&#8217;importo pagato entro 30 giorni o a rispedire il prodotto senza alcun costo aggiuntivo.<\/p>\n<p>Il tempo massimo per la consegna \u00e8 di 21 giorni lavorativi dalla data di spedizione. Se non ricevete il vostro pacchetto entro questo periodo, o se vi viene notificato che il pacco \u00e8 stato trattenuto alla dogana o restituito, vi invitiamo a contattare il nostro servizio clienti per una rapida risoluzione del problema.<\/p>\n<p>\u00c8 possibile restituire i prodotti acquistati entro 30 giorni dalla data di consegna se:<\/p>\n<ul>\n<li>Il prodotto ricevuto \u00e8 danneggiato o difettoso;<\/li>\n<li>Il prodotto consegnato non corrisponde a quello ordinato.<\/li>\n<\/ul>\n<p>\u00c8 importante che il prodotto venga restituito nella confezione originale, intatto e completo di tutti gli accessori inclusi. Ogni reso deve essere preventivamente concordato con il nostro servizio clienti.<\/p>\n<p>Ci dispiace informarvi che non possiamo accettare resi di prodotti che sono stati aperti o utilizzati, o che superano il termine di 30 giorni dalla consegna.<\/p>\n<p>Per ulteriori informazioni sulle nostre politiche di reso o per avviare una procedura di reso, vi invitiamo a contattare il nostro team di supporto clienti. Siamo a vostra disposizione per assicurarci che la vostra esperienza con Italiana Farmacia sia completamente soddisfacente.<\/p>\n<h3>Informazioni aggiuntive sulla nostra politica di reso<\/h3>\n<p>Come avviare un reso:<\/p>\n<ol>\n<li><strong>Contattare il Supporto Clienti.<\/strong> Prima di procedere con un reso, contattate il nostro supporto clienti via email o telefono per discutere i dettagli e confermare la procedura.<\/li>\n<li><strong>Documentazione.<\/strong> Sar\u00e0 necessario fornire la documentazione relativa al motivo del reso, comprese eventuali foto del prodotto danneggiato, se applicabile.<\/li>\n<li><strong>Spedizione del Reso.<\/strong> Seguire le istruzioni fornite dal servizio clienti per la spedizione del reso. Italiana Farmacia pu\u00f2 fornire un&#8217;etichetta di spedizione prepagata per facilitare il processo.<\/li>\n<\/ol>\n","protected":false},"excerpt":{"rendered":"<p>Resi POLITICA DI RIMBORSO DI ITALIANA FARMACIA La soddisfazione del cliente \u00e8 la nostra priorit\u00e0 assoluta. Se per qualsiasi motivo<\/p>\n","protected":false},"author":3,"featured_media":0,"parent":0,"menu_order":0,"comment_status":"closed","ping_status":"closed","template":"","meta":[],"_links":{"self":[{"href":"https:\/\/slowdentist.it\/farmacia\/wp-json\/wp\/v2\/pages\/11"}],"collection":[{"href":"https:\/\/slowdentist.it\/farmacia\/wp-json\/wp\/v2\/pages"}],"about":[{"href":"https:\/\/slowdentist.it\/farmacia\/wp-json\/wp\/v2\/types\/page"}],"author":[{"embeddable":true,"href":"https:\/\/slowdentist.it\/farmacia\/wp-json\/wp\/v2\/users\/3"}],"replies":[{"embeddable":true,"href":"https:\/\/slowdentist.it\/farmacia\/wp-json\/wp\/v2\/comments?post=11"}],"version-history":[{"count":6,"href":"https:\/\/slowdentist.it\/farmacia\/wp-json\/wp\/v2\/pages\/11\/revisions"}],"predecessor-version":[{"id":6369,"href":"https:\/\/slowdentist.it\/farmacia\/wp-json\/wp\/v2\/pages\/11\/revisions\/6369"}],"wp:attachment":[{"href":"https:\/\/slowdentist.it\/farmacia\/wp-json\/wp\/v2\/media?parent=11"}],"curies":[{"name":"wp","href":"https:\/\/api.w.org\/{rel}","templated":true}]}}