{"id":19,"date":"2021-11-09T09:28:52","date_gmt":"2021-11-09T08:28:52","guid":{"rendered":"https:\/\/slowdentist.it\/farmacia\/?page_id=19"},"modified":"2024-10-23T10:15:37","modified_gmt":"2024-10-23T09:15:37","slug":"main-page","status":"publish","type":"page","link":"https:\/\/slowdentist.it\/farmacia\/","title":{"rendered":"MP"},"content":{"rendered":"<h1>Italiana farmacia per l`acquisto di Viagra, Cialis e Levitra<\/h1>\n<div class=\"row justify-content-center\">\n<div class=\"col-6 col-md-4 product-parent\">\n<div class=\"product-list-item\">\n<div class=\"product-item\">\n<div class=\"product-item-img\">\n             <a href=\"\/farmacia\/cialis-generico\/\"> <img decoding=\"async\" loading=\"lazy\" src=\"\/farmacia\/wp-content\/uploads\/wm\/cialis-generico.webp\" alt=\"Cialis Generico Tadalafil\" width=\"240\" height=\"180\"> <\/a><\/div>\n<div class=\"product-item-title\">\n<h2><a href=\"\/farmacia\/cialis-generico\/\" class=\"product-item-title-link\">Cialis Generico Tadalafil<\/a><\/h2>\n<\/div>\n<div class=\"product-item-pack\">2,5mg | 5mg | 10mg | 20mg | 40mg | 60mg<\/div>\n<div class=\"product-item-group\">\n<div class=\"product-item-price\">\n              <span class=\"product-item-cost\">\u20ac 1.90<\/span> per pillola<\/div>\n<div class=\"product-item-buy\">\n              <a href=\"\/farmacia\/cialis-generico\/\" class=\"product-item-btn\">Compra<\/a><\/div>\n<\/div>\n<\/div>\n<\/div>\n<\/div>\n<div class=\"col-6 col-md-4 product-parent\">\n<div class=\"product-list-item\">\n<div class=\"product-item\">\n<div class=\"product-item-img\">\n             <a href=\"\/farmacia\/viagra-generico\/\"> <img decoding=\"async\" loading=\"lazy\" src=\"\/farmacia\/wp-content\/uploads\/wm\/viagra-generico.webp\" alt=\"Viagra Generico Sildenafil\" width=\"240\" height=\"180\"> <\/a><\/div>\n<div class=\"product-item-title\">\n<h2><a href=\"\/farmacia\/viagra-generico\/\" class=\"product-item-title-link\">Viagra Generico Sildenafil<\/a><\/h2>\n<\/div>\n<div class=\"product-item-pack\">25mg | 50mg | 100mg | 150mg | 200mg<\/div>\n<div class=\"product-item-group\">\n<div class=\"product-item-price\">\n              <span class=\"product-item-cost\">\u20ac 1.80<\/span> per pillola<\/div>\n<div class=\"product-item-buy\">\n              <a href=\"\/farmacia\/viagra-generico\/\" class=\"product-item-btn\">Compra<\/a><\/div>\n<\/div>\n<\/div>\n<\/div>\n<\/div>\n<div class=\"col-6 col-md-4 product-parent\">\n<div class=\"product-list-item\">\n<div class=\"product-item\">\n<div class=\"product-item-img\">\n             <a href=\"\/farmacia\/levitra-generico\/\"> <img decoding=\"async\" loading=\"lazy\" src=\"\/farmacia\/wp-content\/uploads\/wm\/levitra-generico.webp\" alt=\"Levitra Generico Vardenafil\" width=\"240\" height=\"180\"> <\/a><\/div>\n<div class=\"product-item-title\">\n<h2><a href=\"\/farmacia\/levitra-generico\/\" class=\"product-item-title-link\">Levitra Generico Vardenafil<\/a><\/h2>\n<\/div>\n<div class=\"product-item-pack\">10mg | 20mg | 40mg | 60mg<\/div>\n<div class=\"product-item-group\">\n<div class=\"product-item-price\">\n              <span class=\"product-item-cost\">\u20ac 1.80<\/span> per pillola<\/div>\n<div class=\"product-item-buy\">\n              <a href=\"\/farmacia\/levitra-generico\/\" class=\"product-item-btn\">Compra<\/a><\/div>\n<\/div>\n<\/div>\n<\/div>\n<\/div>\n<div class=\"col-6 col-md-4 product-parent\">\n<div class=\"product-list-item\">\n<div class=\"product-item\">\n<div class=\"product-item-img\">\n             <a href=\"\/farmacia\/lovegra-viagra-per-donne\/\"> <img decoding=\"async\" loading=\"lazy\" src=\"\/farmacia\/wp-content\/uploads\/wm\/lovegra.webp\" alt=\"Lovegra (Viagra per Donne)\" width=\"240\" height=\"180\"> <\/a><\/div>\n<div class=\"product-item-title\">\n<h2><a href=\"\/farmacia\/lovegra-viagra-per-donne\/\" class=\"product-item-title-link\">Lovegra (Viagra per Donne)<\/a><\/h2>\n<\/div>\n<div class=\"product-item-pack\">100mg<\/div>\n<div class=\"product-item-group\">\n<div class=\"product-item-price\">\n              <span class=\"product-item-cost\">\u20ac 2.40<\/span> per pillola<\/div>\n<div class=\"product-item-buy\">\n              <a href=\"\/farmacia\/lovegra-viagra-per-donne\/\" class=\"product-item-btn\">Compra<\/a><\/div>\n<\/div>\n<\/div>\n<\/div>\n<\/div>\n<div class=\"col-6 col-md-4 product-parent\">\n<div class=\"product-list-item\">\n<div class=\"product-item\">\n<div class=\"product-item-img\">\n             <a href=\"\/farmacia\/kamagra\/\"> <img decoding=\"async\" loading=\"lazy\" src=\"\/farmacia\/wp-content\/uploads\/wm\/kamagra.webp\" alt=\"Kamagra 100 mg\" width=\"240\" height=\"180\"> <\/a><\/div>\n<div class=\"product-item-title\">\n<h2><a href=\"\/farmacia\/kamagra\/\" class=\"product-item-title-link\">Kamagra 100 mg<\/a><\/h2>\n<\/div>\n<div class=\"product-item-pack\">\n            100mg<\/div>\n<div class=\"product-item-group\">\n<div class=\"product-item-price\">\n              <span class=\"product-item-cost\">\u20ac 2.58<\/span> per pillola<\/div>\n<div class=\"product-item-buy\">\n              <a href=\"\/farmacia\/kamagra\/\" class=\"product-item-btn\">Compra<\/a><\/div>\n<\/div>\n<\/div>\n<\/div>\n<\/div>\n<div class=\"col-6 col-md-4 product-parent\">\n<div class=\"product-list-item\">\n<div class=\"product-item\">\n<div class=\"product-item-img\">\n             <a href=\"\/farmacia\/viagra-soft-tabs\/\"> <img decoding=\"async\" loading=\"lazy\" src=\"\/farmacia\/wp-content\/uploads\/wm\/viagra-soft-tabs.webp\" alt=\"Viagra Soft Tabs\" width=\"240\" height=\"180\"> <\/a><\/div>\n<div class=\"product-item-title\">\n<h2><a href=\"\/farmacia\/viagra-soft-tabs\/\" class=\"product-item-title-link\">Viagra Soft Tabs<\/a><\/h2>\n<\/div>\n<div class=\"product-item-pack\">50mg | 100mg<\/div>\n<div class=\"product-item-group\">\n<div class=\"product-item-price\">\n              <span class=\"product-item-cost\">\u20ac 2.40<\/span> per pillola<\/div>\n<div class=\"product-item-buy\">\n              <a href=\"\/farmacia\/viagra-soft-tabs\/\" class=\"product-item-btn\">Compra<\/a><\/div>\n<\/div>\n<\/div>\n<\/div>\n<\/div>\n<div class=\"col-6 col-md-4 product-parent\">\n<div class=\"product-list-item\">\n<div class=\"product-item\">\n<div class=\"product-item-img\">\n             <a href=\"\/farmacia\/kamagra-soft-tabs\/\"> <img decoding=\"async\" loading=\"lazy\" src=\"\/farmacia\/wp-content\/uploads\/wm\/kamagra-soft-tabs.webp\" alt=\"Kamagra Soft Tabs\" width=\"240\" height=\"180\"> <\/a><\/div>\n<div class=\"product-item-title\">\n<h2><a href=\"\/farmacia\/kamagra-soft-tabs\/\" class=\"product-item-title-link\">Kamagra Soft Tabs<\/a><\/h2>\n<\/div>\n<div class=\"product-item-pack\">\n            100mg<\/div>\n<div class=\"product-item-group\">\n<div class=\"product-item-price\">\n              <span class=\"product-item-cost\">\u20ac 3.33<\/span> per pillola<\/div>\n<div class=\"product-item-buy\">\n              <a href=\"\/farmacia\/kamagra-soft-tabs\/\" class=\"product-item-btn\">Compra<\/a><\/div>\n<\/div>\n<\/div>\n<\/div>\n<\/div>\n<div class=\"col-6 col-md-4 product-parent\">\n<div class=\"product-list-item\">\n<div class=\"product-item\">\n<div class=\"product-item-img\">\n             <a href=\"\/farmacia\/kamagra-oral-jelly\/\"> <img decoding=\"async\" loading=\"lazy\" src=\"\/farmacia\/wp-content\/uploads\/wm\/kamagra-oral-jelly.webp\" alt=\"Kamagra Oral Jelly\" width=\"240\" height=\"180\"> <\/a><\/div>\n<div class=\"product-item-title\">\n<h2><a href=\"\/farmacia\/kamagra-oral-jelly\/\" class=\"product-item-title-link\">Kamagra Oral Jelly<\/a><\/h2>\n<\/div>\n<div class=\"product-item-pack\">\n            100mg<\/div>\n<div class=\"product-item-group\">\n<div class=\"product-item-price\">\n              <span class=\"product-item-cost\">\u20ac 4.40<\/span> per bustine<\/div>\n<div class=\"product-item-buy\">\n              <a href=\"\/farmacia\/kamagra-oral-jelly\/\" class=\"product-item-btn\">Compra<\/a><\/div>\n<\/div>\n<\/div>\n<\/div>\n<\/div>\n<div class=\"col-6 col-md-4 product-parent\">\n<div class=\"product-list-item\">\n<div class=\"product-item\">\n<div class=\"product-item-img\">\n             <a href=\"\/farmacia\/kamagra-super\/\"> <img decoding=\"async\" loading=\"lazy\" src=\"\/farmacia\/wp-content\/uploads\/wm\/kamagra-super.webp\" alt=\"Super Kamagra\" width=\"240\" height=\"180\"> <\/a><\/div>\n<div class=\"product-item-title\">\n<h2><a href=\"\/farmacia\/kamagra-super\/\" class=\"product-item-title-link\">Super Kamagra<\/a><\/h2>\n<\/div>\n<div class=\"product-item-pack\">\n            100mg+60mg<\/div>\n<div class=\"product-item-group\">\n<div class=\"product-item-price\">\n              <span class=\"product-item-cost\">\u20ac 4.08<\/span> per pillola<\/div>\n<div class=\"product-item-buy\">\n              <a href=\"\/farmacia\/kamagra-super\/\" class=\"product-item-btn\">Compra<\/a><\/div>\n<\/div>\n<\/div>\n<\/div>\n<\/div>\n<div class=\"col-6 col-md-4 product-parent\">\n<div class=\"product-list-item\">\n<div class=\"product-item\">\n<div class=\"product-item-img\">\n             <a href=\"\/farmacia\/priligy-dapoxetina-generico\/\"> <img decoding=\"async\" loading=\"lazy\" src=\"\/farmacia\/wp-content\/uploads\/wm\/priligy-generic.webp\" alt=\"Priligy Generico\" width=\"240\" height=\"180\"> <\/a><\/div>\n<div class=\"product-item-title\">\n<h2><a href=\"\/farmacia\/priligy-dapoxetina-generico\/\" class=\"product-item-title-link\">Priligy Generico<\/a><\/h2>\n<\/div>\n<div class=\"product-item-pack\">30mg | 60mg | 90mg<\/div>\n<div class=\"product-item-group\">\n<div class=\"product-item-price\">\n              <span class=\"product-item-cost\">\u20ac 2.90<\/span> per pillola<\/div>\n<div class=\"product-item-buy\">\n              <a href=\"\/farmacia\/priligy-dapoxetina-generico\/\" class=\"product-item-btn\">Compra<\/a><\/div>\n<\/div>\n<\/div>\n<\/div>\n<\/div>\n<div class=\"col-6 col-md-4 product-parent\">\n<div class=\"product-list-item\">\n<div class=\"product-item\">\n<div class=\"product-item-img\">\n             <a href=\"\/farmacia\/apcalis-oral-jelly\/\"> <img decoding=\"async\" loading=\"lazy\" src=\"\/farmacia\/wp-content\/uploads\/wm\/apcalis-oral-jelly.webp\" alt=\"Apcalis Oral Jelly\" width=\"240\" height=\"180\"> <\/a><\/div>\n<div class=\"product-item-title\">\n<h2><a href=\"\/farmacia\/apcalis-oral-jelly\/\" class=\"product-item-title-link\">Apcalis Oral Jelly<\/a><\/h2>\n<\/div>\n<div class=\"product-item-pack\">\n            20mg<\/div>\n<div class=\"product-item-group\">\n<div class=\"product-item-price\">\n              <span class=\"product-item-cost\">\u20ac 4.40<\/span> per pillola<\/div>\n<div class=\"product-item-buy\">\n              <a href=\"\/farmacia\/apcalis-oral-jelly\/\" class=\"product-item-btn\">Compra<\/a><\/div>\n<\/div>\n<\/div>\n<\/div>\n<\/div>\n<\/div>\n<div class=\"product-content\">\n<p>La potenza sessuale gioca un ruolo importante nella vita di un uomo. E non \u00e8 solo un modo di autoaffermazione, un effetto competitivo o un capriccio. \u00c8 una necessit\u00e0 diretta nella produzione di una prole sana. Di conseguenza, \u00e8 necessario affrontare questo problema in tenera et\u00e0, per non dover affrontare in seguito gravi disturbi in questa zona.<\/p>\n<p><\/p>\n<\/div>\n\n\n<\/p>\n<p>Non \u00e8 raro per gli uomini affrontare lo sviluppo della disfunzione erettile a causa di gravi stress emotivi e mentali, cos\u00ec come le malattie croniche. Di conseguenza, le relazioni sessuali con il partner cominciano a deteriorarsi, la passione scompare e nella maggior parte dei casi questo porta alla distruzione della famiglia.&nbsp;<\/p>\n<p>\n\n\n<p><\/p>\n\n\n<\/p>\n<p>Fortunatamente, c&#8217;\u00e8 un farmaco speciale per la potenza, che aumenta significativamente la libido e prolunga il rapporto sessuale. Con il suo aiuto, un uomo diventa pi\u00f9 sicuro di s\u00e9 e attraente per il gentil sesso. Compra farmaci per la potenza in Italia ad un prezzo conveniente.<\/p>\n<p>\n\n\n<p><\/p>\n\n\n<\/p>\n<h2 class=\"wp-block-heading\">Preparati per la potenza &#8211; indicazioni per l&#8217;uso<\/h2>\n<p>\n\n\n<p><\/p>\n\n\n<\/p>\n<p>La causa dell&#8217;impotenza pu\u00f2 essere:<\/p>\n<p>\n\n\n<p><\/p>\n\n\n<\/p>\n<ul>\n<li>malattie del sistema cardiovascolare;<\/li>\n<li>pressione alta;<\/li>\n<li>diabete mellito;<\/li>\n<li>alti livelli di colesterolo e lipidi nel sangue;<\/li>\n<li>fumare;<\/li>\n<li>anomalie urologische;<\/li>\n<li>chirurgia e radioterapia estese;<\/li>\n<li>Parkinsonismo, demenza, sclerosi multipla;<\/li>\n<li>lesioni o malattie del midollo spinale;<\/li>\n<li>ictus;<\/li>\n<li>Neoplasie del SNC;<\/li>\n<li>polyneuropathy;<\/li>\n<li>prostatectomia radicale;<\/li>\n<li>cambiamenti ormonali;<\/li>\n<li>trauma del pene.<\/li>\n<\/ul>\n<p>\n\n\n<p><\/p>\n\n\n<\/p>\n<p>Anche i fattori generali possono provocare disturbi della potenza &#8211; scarsa attivit\u00e0 fisica (ipodinamia), errori alimentari che portano all&#8217;eccesso di peso e al colesterolo alto, disturbi metabolici. Come risultato dell&#8217;impatto di uno o pi\u00f9 fattori patogenetici, l&#8217;apporto di sangue \u00e8 interrotto, il che porta alla perdita della potenza maschile.<\/p>\n<p>\n\n\n<p><\/p>\n\n\n<\/p>\n<h3 class=\"wp-block-heading\">Confronto dei migliori farmaci per migliorare l&#8217;erezione<\/h3>\n<p>\n\n\n<p><\/p>\n\n\n<\/p>\n<p>L&#8217;invenzione di farmaci come i generici Cialis, Viagra, Levitra ha permesso di risolvere il problema della disfunzione erettile. Affinch\u00e9 qualsiasi cliente possa capire in dettaglio gli inibitori PDE-5 presentati, considereremo ciascuno di essi in dettaglio.<\/p>\n<p>\n\n\n<p><\/p>\n\n\n<\/p>\n<ul>\n<li><strong><a href=\"https:\/\/slowdentist.it\/farmacia\/viagra-generico\/\" class=\"rank-math-link\">Viagra generico<\/a> (Sildenafil Citrate)<\/strong><\/li>\n<\/ul>\n<p>\n\n\n<p><\/p>\n\n\n<\/p>\n<p>Cosa \u00e8 meglio &#8211; Cialis, Viagra o Levitra? Non c&#8217;\u00e8 una risposta definitiva a questa domanda. Il Viagra \u00e8 stato il primo farmaco ad apparire nelle farmacie di tutto il mondo. L&#8217;ingrediente attivo principale \u00e8 il Sildenafil, che \u00e8 stato sviluppato da Pfizer. Inizialmente, si \u00e8 concentrato sul trattamento dell&#8217;angina. Ma durante i test clinici, divenne chiaro che non riusciva a far fronte a questa funzione. E poi si \u00e8 scoperto che ha anche un effetto positivo sulla potenza maschile. Nell&#8217;84% dei casi, l&#8217;utente ha ottenuto un&#8217;erezione persistente dopo l&#8217;uso.<\/p>\n<p>\n\n\n<p><\/p>\n\n\n<\/p>\n<ul>\n<li><strong><a href=\"https:\/\/slowdentist.it\/farmacia\/levitra-generico\/\" class=\"rank-math-link\">Levitra generico<\/a> (Vardenafil)<\/strong><\/li>\n<\/ul>\n<p>\n\n\n<p><\/p>\n\n\n<\/p>\n<p>Dopo il grande trionfo del Sildenafil, gli scienziati hanno continuato a lavorare per creare nuovi farmaci per la potenza. Il laboratorio della famosa azienda Bayer ha sviluppato un nuovo principio attivo &#8211; il Vardenafil. L&#8217;effetto dopo l&#8217;uso di Levitra si nota leggermente pi\u00f9 a lungo rispetto ad altri farmaci. La maggior parte degli utenti nota anche il suo effetto pi\u00f9 lieve sul corpo.<\/p>\n<p>\n\n\n<p><\/p>\n\n\n<\/p>\n<ul>\n<li><strong>Cialis Generico (Tadalafil)<\/strong><\/li>\n<\/ul>\n<p>\n\n\n<p><\/p>\n\n\n<\/p>\n<p>L&#8217;ultimo dei tre fu la creazione del farmaco Cialis. Si basa sulla sostanza Tadalafil, che ha un periodo di azione molto lungo. Nel 2003, ha ricevuto l&#8217;autorizzazione alla commercializzazione negli Stati Uniti. GlaxoSmithKline \u00e8 stata coinvolta nella creazione del principale ingrediente attivo. Cialis \u00e8 l&#8217;unico rimedio che \u00e8 approvato per essere usato su base giornaliera. Non \u00e8 raro usarlo per combattere l&#8217;iperplasia prostatica benigna.<\/p>\n<p>\n\n\n<p><\/p>\n\n\n<\/p>\n<p>La tabella comparativa delle caratteristiche dei farmaci per la potenza permette di scegliere il rimedio pi\u00f9 efficace in ogni caso &#8211; tenendo conto delle esigenze individuali e delle capacit\u00e0 di salute.<\/p>\n<p>\n\n\n<p><\/p>\n\n\n<\/p>\n<table width=\"100%\">\n<thead>\n<tr>\n<td style=\"text-align: center;\"><strong>Titolo<\/strong><\/td>\n<td style=\"text-align: center;\"><strong>Viagra<\/strong><\/td>\n<td style=\"text-align: center;\"><strong>Cialis<\/strong><\/td>\n<td style=\"text-align: center;\"><strong>Levitra<\/strong><\/td>\n<\/tr>\n<\/thead>\n<tbody>\n<tr>\n<td style=\"text-align: center;\">Principio attivo<\/td>\n<td style=\"text-align: center;\">Sildenafil<\/td>\n<td style=\"text-align: center;\">Tadalafil<\/td>\n<td style=\"text-align: center;\">Vardenafil<\/td>\n<\/tr>\n<tr>\n<td style=\"text-align: center;\">Dosaggio standard<\/td>\n<td style=\"text-align: center;\">100mg<\/td>\n<td style=\"text-align: center;\">20mg<\/td>\n<td style=\"text-align: center;\">20mg<\/td>\n<\/tr>\n<tr>\n<td style=\"text-align: center;\">Dose massima giornaliera<\/td>\n<td style=\"text-align: center;\">200mg<\/td>\n<td style=\"text-align: center;\">40mg<\/td>\n<td style=\"text-align: center;\">40mg<\/td>\n<\/tr>\n<tr>\n<td style=\"text-align: center;\">L&#8217;effetto<\/td>\n<td style=\"text-align: center;\">Forte erezione<\/td>\n<td style=\"text-align: center;\">Aumento del desiderio, erezioni pi\u00f9 forti<\/td>\n<td style=\"text-align: center;\">Erezione di lunga durata<\/td>\n<\/tr>\n<tr>\n<td style=\"text-align: center;\">Durata<\/td>\n<td style=\"text-align: center;\">4-6 ore<\/td>\n<td style=\"text-align: center;\">36 ore<\/td>\n<td style=\"text-align: center;\">10-12 ore<\/td>\n<\/tr>\n<tr>\n<td style=\"text-align: center;\">Inizio dell&#8217;azione<\/td>\n<td style=\"text-align: center;\">40-55 minuti<\/td>\n<td style=\"text-align: center;\">15-20 minuti<\/td>\n<td style=\"text-align: center;\">30-45 minuti<\/td>\n<\/tr>\n<tr>\n<td style=\"text-align: center;\">Sentimenti<\/td>\n<td style=\"text-align: center;\">Aumento del desiderio sessuale<\/td>\n<td style=\"text-align: center;\">Stimolazione del desiderio sessuale<\/td>\n<td style=\"text-align: center;\">Attivazione dell&#8217;eccitazione<\/td>\n<\/tr>\n<tr>\n<td style=\"text-align: center;\">Compatibilit\u00e0 con l&#8217;alcol<\/td>\n<td style=\"text-align: center;\">Non compatibile<\/td>\n<td style=\"text-align: center;\">Non compatibile<\/td>\n<td style=\"text-align: center;\">Compatibile con l&#8217;alcool<\/td>\n<\/tr>\n<tr>\n<td style=\"text-align: center;\">Effetti collaterali<\/td>\n<td style=\"text-align: center;\">\nNel 8% dei casi, naso che cola, arrossamento della pelle, congestione nasale<br>\nEffetti collaterali\n<\/td>\n<td style=\"text-align: center;\">Non osservato nel 97% dei casi<\/td>\n<td style=\"text-align: center;\">Il 98% dei casi sono mancanti<\/td>\n<\/tr>\n<tr>\n<td style=\"text-align: center;\">Dipendenz<\/td>\n<td style=\"text-align: center;\">Non nota<\/td>\n<td style=\"text-align: center;\">Non nota<\/td>\n<td style=\"text-align: center;\">Non nota<\/td>\n<\/tr>\n<tr>\n<td style=\"text-align: center;\">Influenza sul livello ormonale del corpo<\/td>\n<td style=\"text-align: center;\">Non nota<\/td>\n<td style=\"text-align: center;\">Non nota<\/td>\n<td style=\"text-align: center;\">Non nota<\/td>\n<\/tr>\n<tr>\n<td style=\"text-align: center;\">Linea di fondo<\/td>\n<td style=\"text-align: center;\">Il primo farmaco al mondo per la disfunzione erettile<\/td>\n<td style=\"text-align: center;\">Popolare per la sua lunga durata d&#8217;azione e la mancanza di effetti collaterali, la pillola del fine settimana<\/td>\n<td style=\"text-align: center;\">Media aurea tra i generici di Viagra e Cialis in termini di durata d&#8217;azione, senza effetti collaterali<\/td>\n<\/tr>\n<tr>\n<td style=\"text-align: center;\"><\/td>\n<td style=\"text-align: center;\"><a href=\"https:\/\/slowdentist.it\/farmacia\/viagra-generico\/\">\u0421omprare Viagra<\/a><\/td>\n<td style=\"text-align: center;\"><a href=\"https:\/\/slowdentist.it\/farmacia\/cialis-generico\/\">\u0421omprare Cialis<\/a><\/td>\n<td style=\"text-align: center;\"><a href=\"https:\/\/slowdentist.it\/farmacia\/levitra-generico\/\">\u0421omprare Levitra<\/a><\/td>\n<\/tr>\n<\/tbody>\n<\/table>\n<p>\n\n\n<p><\/p>\n\n\n<\/p>\n<h3 class=\"wp-block-heading\">Principio di azione dei farmaci per la potenza<\/h3>\n<p>\n\n\n<p><\/p>\n\n\n<\/p>\n<p>Levitra, Cialis e Viagra hanno un identico principio d&#8217;azione. I componenti dei fondi creano le condizioni per il rilascio di ossido nitrico e il rilassamento della muscolatura liscia del pene. Inoltre, la circolazione del sangue viene stimolata. Il sangue, diffondendosi in tutto il corpo, normalizza il suo lavoro. L&#8217;effetto principale \u00e8 un&#8217;erezione potente e duratura. L&#8217;azione della droga arriva insieme ai primi segni di eccitazione nel corpo maschile. Se \u00e8 assente, l&#8217;organo sessuale non cambia il suo stato abituale.<\/p>\n<p>\n\n\n<p><\/p>\n\n\n<\/p>\n<h3 class=\"wp-block-heading\">Dosaggio e somministrazione di farmaci contro l&#8217;impotenza<\/h3>\n<p>\n\n\n<p><\/p>\n\n\n<\/p>\n<p>Viagra, Cialis, Levitra differiscono nelle condizioni di dosaggio. Il dosaggio ottimale di Sildenafil \u00e8 di 50 mg. Se non c&#8217;\u00e8 alcun effetto, \u00e8 consentito aumentare la quantit\u00e0 della sostanza fino a 100 mg. Le compresse con un dosaggio pi\u00f9 elevato sono meglio divise in pi\u00f9 parti. Nel caso di Levitra e Cialis, 10 mg per ciascuno sono sufficienti, il massimo consentito \u00e8 20 mg. Thaladafil \u00e8 preso a 2,5 mg al giorno. La regola generale per tutti questi farmaci \u00e8 che si pu\u00f2 usare 1 volta per 24 ore.<\/p>\n<p>\n\n\n<p><\/p>\n\n\n<\/p>\n<h3 class=\"wp-block-heading\">Possibili effetti collaterali<\/h3>\n<p>\n\n\n<p><\/p>\n\n\n<\/p>\n<p>Quando si prendono i farmaci Cialis, Levitra, Viagra, a volte ci sono effetti collaterali. Indicheremo i pi\u00f9 comuni:<\/p>\n<p>\n\n\n<p><\/p>\n\n\n<\/p>\n<ul>\n<li>Viagra &#8211; naso chiuso, mal di testa, vertigini, disturbi visivi, mal di stomaco;<\/li>\n<li>Levitra &#8211; mal di testa, nausea, febbre, naso chiuso;<\/li>\n<li>Cialis &#8211; stomaco sconvolto, mal di testa, disagio alla schiena.<\/li>\n<\/ul>\n<p>\n\n\n<p><\/p>\n\n\n<\/p>\n<p>Spesso, tutti gli inibitori della PDE5 non causano una reazione avversa nel corpo. La disfunzione visiva si verifica dopo l&#8217;uso del Viagra e molto raramente dopo il Levitra. Questi due rimedi non causano mal di schiena come il Cialis per esempio. Gli effetti collaterali dopo il Tadalafil sono pi\u00f9 duraturi ma meno evidenti che dopo altre sostanze.<\/p>\n<p>\n\n\n<p><\/p>\n\n\n<\/p>\n<h3 class=\"wp-block-heading\">Cosa devi sapere prima di comprare pillole di potenza<\/h3>\n<p>\n\n\n<p><\/p>\n\n\n<\/p>\n<p>Prima di comprare i generici Viagra, Cialis, Levitra, si raccomanda di conoscere le controindicazioni. Gli inibitori della PDE-5 sono strettamente proibiti per gli uomini che assumono nitrati organici. L&#8217;uso simultaneo di compresse per la potenza e alfa-adrenobloccanti \u00e8 consentito, a condizione che la dose di quest&#8217;ultimo sia stabile.<\/p>\n<p>\n\n\n<p><\/p>\n\n\n<\/p>\n<p>I generici Viagra, Levitra contribuiscono alla dilatazione dei vasi sanguigni. Pertanto, sono controindicati per le persone con malattie renali, epatiche e cardiache. Cialis \u00e8 proibito per gli uomini che non sono raccomandati per un&#8217;eccessiva attivit\u00e0 sessuale. Se ci sono malattie del fegato e dei reni, la dose del farmaco per la potenza dovrebbe essere limitata<\/p>\n<p>\n\n\n<p><\/p>\n\n\n<\/p>\n<h2 class=\"wp-block-heading\">Scegliere e comprare il miglior potenziatore<\/h2>\n<p>\n\n\n<p><\/p>\n\n\n<\/p>\n<p>In termini di caratteristiche, i generici Levitra, Cialis, Viagra differiscono significativa mente. Le loro caratteristiche sono da prendere in considerazione quando si cambia o si sceglie un trattamento. Il Sildenafil insieme al Vardenafil hanno la stessa emivita e durata dell&#8217;effetto. Il tadalafil inizia a colpire il corpo un po&#8217; pi\u00f9 tardi, ma il suo effetto dura un ordine di grandezza pi\u00f9 lungo.<\/p>\n<p>\n\n\n<p><\/p>\n\n\n<\/p>\n<p>La maggior parte degli inibitori della PDE-5 vengono eliminati dal corpo in grande quantit\u00e0. La lunga durata del Cialis ti permette di prendere meno farmaci e di essere libero di fare sesso occasionale.<\/p>\n<p>\n\n\n<p><\/p>\n<div class=\"product-content\">\n<\/div>","protected":false},"excerpt":{"rendered":"<p>Italiana farmacia per l`acquisto di Viagra, Cialis e Levitra Cialis Generico Tadalafil 2,5mg | 5mg | 10mg | 20mg |<\/p>\n","protected":false},"author":3,"featured_media":0,"parent":0,"menu_order":0,"comment_status":"closed","ping_status":"closed","template":"","meta":[],"_links":{"self":[{"href":"https:\/\/slowdentist.it\/farmacia\/wp-json\/wp\/v2\/pages\/19"}],"collection":[{"href":"https:\/\/slowdentist.it\/farmacia\/wp-json\/wp\/v2\/pages"}],"about":[{"href":"https:\/\/slowdentist.it\/farmacia\/wp-json\/wp\/v2\/types\/page"}],"author":[{"embeddable":true,"href":"https:\/\/slowdentist.it\/farmacia\/wp-json\/wp\/v2\/users\/3"}],"replies":[{"embeddable":true,"href":"https:\/\/slowdentist.it\/farmacia\/wp-json\/wp\/v2\/comments?post=19"}],"version-history":[{"count":42,"href":"https:\/\/slowdentist.it\/farmacia\/wp-json\/wp\/v2\/pages\/19\/revisions"}],"predecessor-version":[{"id":6403,"href":"https:\/\/slowdentist.it\/farmacia\/wp-json\/wp\/v2\/pages\/19\/revisions\/6403"}],"wp:attachment":[{"href":"https:\/\/slowdentist.it\/farmacia\/wp-json\/wp\/v2\/media?parent=19"}],"curies":[{"name":"wp","href":"https:\/\/api.w.org\/{rel}","templated":true}]}}