{"id":36,"date":"2021-11-09T13:49:07","date_gmt":"2021-11-09T12:49:07","guid":{"rendered":"https:\/\/slowdentist.it\/farmacia\/?page_id=36"},"modified":"2024-10-22T12:42:30","modified_gmt":"2024-10-22T11:42:30","slug":"chi-siamo","status":"publish","type":"page","link":"https:\/\/slowdentist.it\/farmacia\/chi-siamo\/","title":{"rendered":"Chi Siamo"},"content":{"rendered":"<h1>Chi Siamo<\/h1>\n\n\n<h2 class=\"wp-block-heading\">Benvenuti a Italiana Farmacia<\/h2>\n\n\n<p>Vogliamo dare a voi e alla vostra famiglia un facile accesso a medicinali sicuri e a prezzi accessibili. Per questo motivo, lavoriamo direttamente con note aziende farmaceutiche in tutto il mondo. Questo significa che possiamo fornirvi eccellenti farmaci generici e di marca. Questo percorso diretto, senza intermediari, significa che possiamo offrirvi prezzi molto favorevoli. La nostra farmacia online vi offre un ambiente intuitivo e facile da usare. Molte informazioni e consigli di esperti vi aiuteranno durante il processo di selezione e di ordinazione.<\/p>\n<h2>Qualit\u00e0 e Sicurezza<\/h2>\n<p>La vostra salute \u00e8 di fondamentale importanza per noi. Per questo motivo, lavoriamo solo con produttori farmaceutici selezionati. Essi controllano rigorosamente la qualit\u00e0 dei prodotti. Ci\u00f2 \u00e8 garantito da molti controlli di qualit\u00e0 durante l&#8217;intero processo di produzione e di stoccaggio. Ogni farmaco offerto sul nostro sito web ha tutti i certificati di qualit\u00e0 necessari. Siamo anche molto attenti ai commenti dei nostri clienti. Queste relazioni sono molto preziose per noi. Inoltre, nella nostra azienda ci avvaliamo di specialisti collaudati che supervisionano e ottimizzano tutti i processi, ad esempio per quanto riguarda lo stoccaggio e la spedizione.<\/p>\n<h2>Farmaci di Alta Qualit\u00e0<\/h2>\n<p>Una componente importante per un&#8217;offerta ottimale \u00e8 costituita da medicinali di alta qualit\u00e0. Per garantire che li troviate solo nella nostra farmacia online, lavoriamo solo con aziende farmaceutiche note ed importanti.<\/p>\n<h2>Il Nostro Impegno per la Soddisfazione del Cliente<\/h2>\n<p>La vostra soddisfazione come cliente \u00e8 il nostro obiettivo finale. Per questo motivo cerchiamo per voi i migliori farmaci disponibili sul mercato mondiale. E come collegamento diretto tra il produttore e voi come cliente, possiamo offrirvi farmaci di qualit\u00e0 a prezzi bassi. Non \u00e8 pi\u00f9 necessario cercare una farmacia su Internet, avete trovato la migliore. In un ambiente facile e semplice, \u00e8 possibile acquistare comodamente e in modo sicuro dalla nostra vasta gamma. I vostri dati personali sono completamente sicuri durante l&#8217;intero processo di ordinazione e, naturalmente, anche dopo.<\/p>\n<h3>Servizio Clienti e Supporto<\/h3>\n<p>Se dovessero sorgere domande o problemi, il nostro servizio clienti cordiale e competente sar\u00e0 lieto di assistervi. Se avete domande sulla procedura d&#8217;ordine, sulle opzioni di pagamento o sulla spedizione, il nostro servizio clienti sar\u00e0 lieto di assistervi. Sul nostro sito web troverete ampie informazioni e consigli medici, ma naturalmente potete anche contattarci se avete domande sull&#8217;uso di uno dei nostri prodotti.<\/p>","protected":false},"excerpt":{"rendered":"<p>Chi Siamo Benvenuti a Italiana Farmacia Vogliamo dare a voi e alla vostra famiglia un facile accesso a medicinali sicuri<\/p>\n","protected":false},"author":3,"featured_media":0,"parent":0,"menu_order":0,"comment_status":"closed","ping_status":"closed","template":"","meta":[],"_links":{"self":[{"href":"https:\/\/slowdentist.it\/farmacia\/wp-json\/wp\/v2\/pages\/36"}],"collection":[{"href":"https:\/\/slowdentist.it\/farmacia\/wp-json\/wp\/v2\/pages"}],"about":[{"href":"https:\/\/slowdentist.it\/farmacia\/wp-json\/wp\/v2\/types\/page"}],"author":[{"embeddable":true,"href":"https:\/\/slowdentist.it\/farmacia\/wp-json\/wp\/v2\/users\/3"}],"replies":[{"embeddable":true,"href":"https:\/\/slowdentist.it\/farmacia\/wp-json\/wp\/v2\/comments?post=36"}],"version-history":[{"count":10,"href":"https:\/\/slowdentist.it\/farmacia\/wp-json\/wp\/v2\/pages\/36\/revisions"}],"predecessor-version":[{"id":6285,"href":"https:\/\/slowdentist.it\/farmacia\/wp-json\/wp\/v2\/pages\/36\/revisions\/6285"}],"wp:attachment":[{"href":"https:\/\/slowdentist.it\/farmacia\/wp-json\/wp\/v2\/media?parent=36"}],"curies":[{"name":"wp","href":"https:\/\/api.w.org\/{rel}","templated":true}]}}