{"id":4316,"date":"2022-12-30T12:02:19","date_gmt":"2022-12-30T11:02:19","guid":{"rendered":"https:\/\/slowdentist.it\/farmacia\/?page_id=4316"},"modified":"2024-10-23T13:21:28","modified_gmt":"2024-10-23T12:21:28","slug":"levitra-professional","status":"publish","type":"page","link":"https:\/\/slowdentist.it\/farmacia\/levitra-professional\/","title":{"rendered":"Levitra Professional"},"content":{"rendered":"<div class=\"product-info\">\n<div class=\"row\">\n<div class=\"col-sm-4\"><img decoding=\"async\" src=\"\/farmacia\/wp-content\/uploads\/wm\/levitra-professional.webp\" alt=\"Levitra Professionale foto\"><\/div>\n<div class=\"col-sm-8\">\n<h1 class=\"product-h1\">Levitra Professional senza ricetta in Italia<\/h1>\n<div class=\"product-description\">\n<p>Levitra Professional \u00e8 una versione migliorata del popolare potenziatore di potenza. A differenza del Levitra classico, questo prodotto non viene assunto per via orale, ma viene assorbito sotto la lingua, il che accelera notevolmente l&#8217;entrata del principio attivo nel flusso sanguigno e l&#8217;effetto desiderato.<\/p>\n<\/div>\n<div>\n<div class=\"row\">\n<div class=\"col-sm-6\">\n<div class=\"col-margin\">\n<ul class=\"ul-feature-list\">\n \t<li class=\"feature-list\">Insorgenza rapida dell'azione<\/li>\n \t<li class=\"feature-list\">Effetto di lunga durata<\/li>\n<\/ul>\n<\/div>\n<br>\n<div class=\"col-margin\"><img src=\"\/farmacia\/wp-content\/uploads\/img-footer-logo-04.png\" alt=\"\"><\/div>\n<\/div>\n<div class=\"col-sm-6\">\n<div class=\"col-margin\">\n<ul class=\"ul-feature-list\">\n \t<li class=\"feature-list\">Transazione Sicura<\/li>\n \t<li class=\"feature-list\">Visita i link dei certificati nella pagina di Checkout<\/li>\n<\/ul>\n<\/div>\n<div class=\"col-margin\"><img class=\"img-payment\" src=\"\/farmacia\/wp-content\/uploads\/payment-methods.png\" alt=\"Payment Methods\"><\/div>\n<\/div>\n<\/div>\n<\/div>\n<\/div>\n<\/div>\n<\/div>\n\n\n<div class=\"tab\" data-sort = \"asc\"><button class=\"tablinks tablinks_default active\" data-target = \"tab-20\">20mg<\/button><\/div><div id =\"tab-20\" class = \"tabcontent active\" >\n            <div class=\"table-container\">\n                <div id=\"shop-prod-table\">\n                <table class=\"table\">\n                <caption><h2> Levitra Professional  20mg<\/h2><\/caption>\n                <thead>\n                       <tr class=\"table-header_default\">\n                                <th scope =\"col\">Pacco<\/th>\n                                <th scope =\"col\">Prezzo<\/th>\n                                <th scope =\"col\">Per Pillola<\/th>\n                                <th scope =\"col\">Risparmio<\/th>\n                                <th scope =\"col\">Bonus<\/th>\n                                <th scope =\"col\"><\/th>\n                        <\/tr>\n                <\/thead><tbody><tr>\n             <td data-title=\"Pacco\">20mg x 10 pillole<\/td>\n             <td data-title=\"Prezzo\"> <div itemprop=\"offers\" itemscope=\"itemscope\" itemtype=\"https:\/\/schema.org\/Offer\">\n            \n            <meta itemprop=\"url\" content =\"https:\/\/slowdentist.it\/farmacia\/levitra-professional\/\">\n            <link itemprop =\"availability\" href=\"https:\/\/schema.org\/InStock\">\n            <span itemprop=\"priceCurrency\" content=\"EUR\">\u20ac<\/span> <span itemprop=\"price\" content=\"59.4\">59.4<\/span><\/div><\/td>\n             <td data-title=\"Per Pillola\">\u20ac 5.94<\/td>\n             <td class=\"field-economy_default\" data-title=\"Risparmio\">\u20ac 0<\/td>\n             <td data-title=\"Bonus\">-<\/td>\n             <td data-title=\"\">\n                <a href=\"?add-to-cart=2891\" class =\"buy-btn_default buy-btn ajax_add_to_cart add_to_cart_button\" rel=\"nofollow\" data-product_id = \"2891\">Compra<\/a>\n             <\/td>\n            <\/tr><tr>\n             <td data-title=\"Pacco\">20mg x 20 pillole<\/td>\n             <td data-title=\"Prezzo\"> <div itemprop=\"offers\" itemscope=\"itemscope\" itemtype=\"https:\/\/schema.org\/Offer\">\n            <span class=\"crossed_out_price\">\u20ac 118.79 \/<\/span>\n            <meta itemprop=\"url\" content =\"https:\/\/slowdentist.it\/farmacia\/levitra-professional\/\">\n            <link itemprop =\"availability\" href=\"https:\/\/schema.org\/InStock\">\n            <span itemprop=\"priceCurrency\" content=\"EUR\">\u20ac<\/span> <span itemprop=\"price\" content=\"96.19\">96.19<\/span><\/div><\/td>\n             <td data-title=\"Per Pillola\">\u20ac 4.81<\/td>\n             <td class=\"field-economy_default\" data-title=\"Risparmio\">\u20ac 22.6<\/td>\n             <td data-title=\"Bonus\">-<\/td>\n             <td data-title=\"\">\n                <a href=\"?add-to-cart=2894\" class =\"buy-btn_default buy-btn ajax_add_to_cart add_to_cart_button\" rel=\"nofollow\" data-product_id = \"2894\">Compra<\/a>\n             <\/td>\n            <\/tr><tr>\n             <td data-title=\"Pacco\">20mg x 30 pillole<\/td>\n             <td data-title=\"Prezzo\"> <div itemprop=\"offers\" itemscope=\"itemscope\" itemtype=\"https:\/\/schema.org\/Offer\">\n            <span class=\"crossed_out_price\">\u20ac 178.25 \/<\/span>\n            <meta itemprop=\"url\" content =\"https:\/\/slowdentist.it\/farmacia\/levitra-professional\/\">\n            <link itemprop =\"availability\" href=\"https:\/\/schema.org\/InStock\">\n            <span itemprop=\"priceCurrency\" content=\"EUR\">\u20ac<\/span> <span itemprop=\"price\" content=\"113.45\">113.45<\/span><\/div><\/td>\n             <td data-title=\"Per Pillola\">\u20ac 3.78<\/td>\n             <td class=\"field-economy_default\" data-title=\"Risparmio\">\u20ac 64.8<\/td>\n             <td data-title=\"Bonus\">-<\/td>\n             <td data-title=\"\">\n                <a href=\"?add-to-cart=2896\" class =\"buy-btn_default buy-btn ajax_add_to_cart add_to_cart_button\" rel=\"nofollow\" data-product_id = \"2896\">Compra<\/a>\n             <\/td>\n            <\/tr><tr>\n             <td data-title=\"Pacco\">20mg x 60 pillole<\/td>\n             <td data-title=\"Prezzo\"> <div itemprop=\"offers\" itemscope=\"itemscope\" itemtype=\"https:\/\/schema.org\/Offer\">\n            <span class=\"crossed_out_price\">\u20ac 356.49 \/<\/span>\n            <meta itemprop=\"url\" content =\"https:\/\/slowdentist.it\/farmacia\/levitra-professional\/\">\n            <link itemprop =\"availability\" href=\"https:\/\/schema.org\/InStock\">\n            <span itemprop=\"priceCurrency\" content=\"EUR\">\u20ac<\/span> <span itemprop=\"price\" content=\"212.49\">212.49<\/span><\/div><\/td>\n             <td data-title=\"Per Pillola\">\u20ac 3.54<\/td>\n             <td class=\"field-economy_default\" data-title=\"Risparmio\">\u20ac 144<\/td>\n             <td data-title=\"Bonus\">+ 2 pillole<\/td>\n             <td data-title=\"\">\n                <a href=\"?add-to-cart=2898\" class =\"buy-btn_default buy-btn ajax_add_to_cart add_to_cart_button\" rel=\"nofollow\" data-product_id = \"2898\">Compra<\/a>\n             <\/td>\n            <\/tr><tr>\n             <td data-title=\"Pacco\">20mg x 90 pillole<\/td>\n             <td data-title=\"Prezzo\"> <div itemprop=\"offers\" itemscope=\"itemscope\" itemtype=\"https:\/\/schema.org\/Offer\">\n            <span class=\"crossed_out_price\">\u20ac 534.79 \/<\/span>\n            <meta itemprop=\"url\" content =\"https:\/\/slowdentist.it\/farmacia\/levitra-professional\/\">\n            <link itemprop =\"availability\" href=\"https:\/\/schema.org\/InStock\">\n            <span itemprop=\"priceCurrency\" content=\"EUR\">\u20ac<\/span> <span itemprop=\"price\" content=\"289.99\">289.99<\/span><\/div><\/td>\n             <td data-title=\"Per Pillola\">\u20ac 3.22<\/td>\n             <td class=\"field-economy_default\" data-title=\"Risparmio\">\u20ac 244.8<\/td>\n             <td data-title=\"Bonus\">+ 2 pillole<\/td>\n             <td data-title=\"\">\n                <a href=\"?add-to-cart=2899\" class =\"buy-btn_default buy-btn ajax_add_to_cart add_to_cart_button\" rel=\"nofollow\" data-product_id = \"2899\">Compra<\/a>\n             <\/td>\n            <\/tr><tr>\n             <td data-title=\"Pacco\">20mg x 120 pillole<\/td>\n             <td data-title=\"Prezzo\"> <div itemprop=\"offers\" itemscope=\"itemscope\" itemtype=\"https:\/\/schema.org\/Offer\">\n            <span class=\"crossed_out_price\">\u20ac 712.25 \/<\/span>\n            <meta itemprop=\"url\" content =\"https:\/\/slowdentist.it\/farmacia\/levitra-professional\/\">\n            <link itemprop =\"availability\" href=\"https:\/\/schema.org\/InStock\">\n            <span itemprop=\"priceCurrency\" content=\"EUR\">\u20ac<\/span> <span itemprop=\"price\" content=\"331.85\">331.85<\/span><\/div><\/td>\n             <td data-title=\"Per Pillola\">\u20ac 2.77<\/td>\n             <td class=\"field-economy_default\" data-title=\"Risparmio\">\u20ac 380.4<\/td>\n             <td data-title=\"Bonus\">+ 4 pillole<\/td>\n             <td data-title=\"\">\n                <a href=\"?add-to-cart=2892\" class =\"buy-btn_default buy-btn ajax_add_to_cart add_to_cart_button\" rel=\"nofollow\" data-product_id = \"2892\">Compra<\/a>\n             <\/td>\n            <\/tr><tr>\n             <td data-title=\"Pacco\">20mg x 180 pillole<\/td>\n             <td data-title=\"Prezzo\"> <div itemprop=\"offers\" itemscope=\"itemscope\" itemtype=\"https:\/\/schema.org\/Offer\">\n            <span class=\"crossed_out_price\">\u20ac 1068.79 \/<\/span>\n            <meta itemprop=\"url\" content =\"https:\/\/slowdentist.it\/farmacia\/levitra-professional\/\">\n            <link itemprop =\"availability\" href=\"https:\/\/schema.org\/InStock\">\n            <span itemprop=\"priceCurrency\" content=\"EUR\">\u20ac<\/span> <span itemprop=\"price\" content=\"478.39\">478.39<\/span><\/div><\/td>\n             <td data-title=\"Per Pillola\">\u20ac 2.66<\/td>\n             <td class=\"field-economy_default\" data-title=\"Risparmio\">\u20ac 590.4<\/td>\n             <td data-title=\"Bonus\">+ 4 pillole<\/td>\n             <td data-title=\"\">\n                <a href=\"?add-to-cart=2893\" class =\"buy-btn_default buy-btn ajax_add_to_cart add_to_cart_button\" rel=\"nofollow\" data-product_id = \"2893\">Compra<\/a>\n             <\/td>\n            <\/tr><tr>\n             <td data-title=\"Pacco\">20mg x 270 pillole<\/td>\n             <td data-title=\"Prezzo\"> <div itemprop=\"offers\" itemscope=\"itemscope\" itemtype=\"https:\/\/schema.org\/Offer\">\n            <span class=\"crossed_out_price\">\u20ac 1602.89 \/<\/span>\n            <meta itemprop=\"url\" content =\"https:\/\/slowdentist.it\/farmacia\/levitra-professional\/\">\n            <link itemprop =\"availability\" href=\"https:\/\/schema.org\/InStock\">\n            <span itemprop=\"priceCurrency\" content=\"EUR\">\u20ac<\/span> <span itemprop=\"price\" content=\"703.79\">703.79<\/span><\/div><\/td>\n             <td data-title=\"Per Pillola\">\u20ac 2.61<\/td>\n             <td class=\"field-economy_default\" data-title=\"Risparmio\">\u20ac 899.1<\/td>\n             <td data-title=\"Bonus\">+ 6 pillole<\/td>\n             <td data-title=\"\">\n                <a href=\"?add-to-cart=2895\" class =\"buy-btn_default buy-btn ajax_add_to_cart add_to_cart_button\" rel=\"nofollow\" data-product_id = \"2895\">Compra<\/a>\n             <\/td>\n            <\/tr><tr>\n             <td data-title=\"Pacco\">20mg x 360 pillole<\/td>\n             <td data-title=\"Prezzo\"> <div itemprop=\"offers\" itemscope=\"itemscope\" itemtype=\"https:\/\/schema.org\/Offer\">\n            <span class=\"crossed_out_price\">\u20ac 2138.28 \/<\/span>\n            <meta itemprop=\"url\" content =\"https:\/\/slowdentist.it\/farmacia\/levitra-professional\/\">\n            <link itemprop =\"availability\" href=\"https:\/\/schema.org\/InStock\">\n            <span itemprop=\"priceCurrency\" content=\"EUR\">\u20ac<\/span> <span itemprop=\"price\" content=\"871.08\">871.08<\/span><\/div><\/td>\n             <td data-title=\"Per Pillola\">\u20ac 2.42<\/td>\n             <td class=\"field-economy_default\" data-title=\"Risparmio\">\u20ac 1267.2<\/td>\n             <td data-title=\"Bonus\">+ 6 pillole<\/td>\n             <td data-title=\"\">\n                <a href=\"?add-to-cart=2897\" class =\"buy-btn_default buy-btn ajax_add_to_cart add_to_cart_button\" rel=\"nofollow\" data-product_id = \"2897\">Compra<\/a>\n             <\/td>\n            <\/tr><\/tbody> <\/table>\n            <\/div>\n        <\/div>\n    <\/div>\n\n\n<p><div class=\"letter\">\n<div class=\"letter-head\">\n<div class=\"letter-title heading-letter\">Esempio di busta<\/div>\n<div class=\"letter-pack\"><img src=\"\/farmacia\/wp-content\/uploads\/example-package.jpg\" alt=\"\" width=\"505\" height=\"105\"><\/div>\n<\/div>\n<div class=\"letter-desc\">Il tuo ordine sar\u00e0 imballato in modo sicuro e consegnato entro 24 ore. Questo \u00e8 l'aspetto dell'imballaggio (immagini reali dell'articolo inviato). Ha le dimensioni e l'aspetto di una normale lettera (24x11x0,7 cm) e non mancher\u00e0 il contenuto.<\/div>\n<\/div><br>\n<div class=\"delivery\">\n<div class=\"delivery-result\">\n<div class=\"delivery-unit\">\n<div class=\"delivery-unit-inner\">\n<div class=\"delivery-unit-type\">\n<div class=\"delivery-unit-label\">\n              Metodo di consegna<\/div>\n<div class=\"delivery-unit-value\">\n              Express<\/div>\n              <div class=\"delivery-unit-value\">\n              Post EU<\/div>\n<\/div>\n<div class=\"delivery-unit-term\">\n<div class=\"delivery-unit-label\">\n              Tempi di consegna<\/div>\n<div class=\"delivery-unit-value\">\n              4-11 giorni lavorativi<\/div>\n              <div class=\"delivery-unit-value\">\n              8-13 giorni<\/div>\n<\/div>\n<div class=\"delivery-unit-price\">\n<div class=\"delivery-unit-label\">\n              Prezzo<\/div>\n<div class=\"delivery-unit-sum\">\n              \u20ac 14.99<\/div>\n              <div class=\"delivery-unit-sum\">\n              \u20ac 00.00 (ordina da \u20ac 200)<\/div>\n<\/div>\n<\/div>\n<\/div>\n<\/div>\n<\/div>\n<div class=\"advant-list\">\n<div class=\"advant-list-item\">\n          Spedizione internazionale<\/div>\n<div class=\"advant-list-item\">\n          Protezione e sicurezza<\/div>\n<div class=\"advant-list-item\">\n          Imballaggio discreto<\/div>\n<div class=\"advant-list-item\">\n          Garanzia di privacy e anonimato<\/div>\n<div class=\"advant-list-item\">\n          Consegna del suo ordine entro 21 giorni<\/div>\n<div class=\"advant-list-item\">\n          Consegna assicurata al 100%.<\/div>\n<\/div><\/p>\n<div class=\"product-content\">\n<p><\/p>\n<\/div>\n<h2>Composizione<\/h2>\n\n\n<p>Il principale ingrediente attivo di Levitra Professional \u00e8 il Vardenafil. \u00c8 un inibitore selettivo della fosfodiesterasi di tipo 5 (PDE5) specifica per il cGMP. Il prodotto \u00e8 destinato a trattare le manifestazioni della disfunzione erettile.<\/p>\n\n\n\n<p>Il farmaco non ha propriet\u00e0 eccitanti, quindi anche sotto la sua influenza un&#8217;erezione si verificher\u00e0 solo se sei sessualmente eccitato. Il farmaco aiuta a rilasciare una notevole quantit\u00e0 di ossido nitrico nel flusso sanguigno. Sotto la sua influenza, il sangue scorre attivamente verso gli organi pelvici, rilassando i vasi del pene e riempiendoli. Questo permette di avere un&#8217;erezione duratura e di qualit\u00e0 e di avere un rapporto sessuale lungo e soddisfacente.<\/p>\n\n\n\n<p>Il preparato contiene sostanze aggiuntive e leganti che non hanno alcun effetto sulla funzione sessuale, ma forniscono al drogato propriet\u00e0 utili come la rapida solubilit\u00e0, il gusto e l&#8217;aroma gradevoli, la colorazione, la densit\u00e0, il rivestimento della pellicola e altre caratteristiche importanti. Queste sostanze sono innocue, ma possono causare reazioni allergiche se siete sensibili ad esse.<\/p>\n\n\n\n<h3 class=\"wp-block-heading\">Testimonianza<\/h3>\n\n\n\n<p>Levitra Professional \u00e8 prescritto per la disfunzione erettile, cio\u00e8 l&#8217;incapacit\u00e0 di raggiungere e\/o mantenere un&#8217;erezione abbastanza a lungo per avere un rapporto sessuale normale.<\/p>\n\n\n\n<p>Se hai una malattia grave e non sei giovane, una consultazione con il tuo medico \u00e8 essenziale.<\/p>\n\n\n\n<h2 class=\"wp-block-heading\">Dosaggio e somministrazione di Levitra Professional<\/h2>\n\n\n\n<p>La dose iniziale del farmaco \u00e8 di 10 mg. Viene preso circa 1 ora prima del rapporto sessuale e messo sotto la lingua (non inghiottito o masticato). Il farmaco inizia ad agire in 15-25 minuti. La durata dell&#8217;azione del farmaco \u00e8 di 4 &#8211; 6 ore. Durante questo periodo, l&#8217;uomo \u00e8 in grado di avere una normale lunga durata del rapporto sessuale con un rapido recupero delle funzioni dopo l&#8217;eiaculazione.<\/p>\n\n\n\n<p>Se assunto a stomaco vuoto, il prodotto \u00e8 attivo nel sangue in 15 minuti. Questo \u00e8 dovuto al modo in cui il prodotto viene assunto. Quando viene ingerito, entra nel flusso sanguigno molto pi\u00f9 velocemente e fa effetto. La concentrazione massima del principio attivo si raggiunge un&#8217;ora dopo l&#8217;ingestione.<\/p>\n\n\n\n<p>La dose massima \u00e8 di 20 mg al giorno. Si raccomanda di iniziare con una mezza dose di 10 mg. La frequenza di somministrazione \u00e8 una volta al giorno.<\/p>\n\n\n\n<p>Il consumo simultaneo di cibo e basse dosi di alcol non ha alcun effetto sull&#8217;efficacia del farmaco.<\/p>\n\n\n\n<h3 class=\"wp-block-heading\">Controindicazioni<\/h3>\n\n\n\n<p>Levitra Professional ha le seguenti controindicazioni:<\/p>\n\n\n\n<ol>\n<li>Ipersensibilit\u00e0 a qualsiasi sostanza presente nel prodotto.<\/li>\n\n\n\n<li>Uso concomitante con nitrati o donatori di ossido nitrico.<\/li>\n\n\n\n<li>Uso simultaneo con gli inibitori della proteasi dell&#8217;HIV (Ritonavir, Indinavir).<\/li>\n\n\n\n<li>Il farmaco \u00e8 proibito per l&#8217;uso da parte di donne e ragazzi sotto i 16 anni.<\/li>\n\n\n\n<li>Gravi danni ai reni e al fegato.<\/li>\n\n\n\n<li>Insufficienza cardiaca e gravi anomalie, storia di ictus e infarto.<\/li>\n\n\n\n<li>Tendenza al priapismo.<\/li>\n\n\n\n<li>La malattia di Peyronie e altre deformit\u00e0 genitali.<\/li>\n\n\n\n<li>Ipotensione arteriosa.<\/li>\n<\/ol>\n\n\n\n<p>Nelle fasi iniziali della malattia epatica, il dosaggio raccomandato \u00e8 di 5 mg. Successivamente, pu\u00f2 essere aumentato a discrezione del medico se il paziente lo tollera normalmente.<\/p>\n\n\n\n<h3 class=\"wp-block-heading\">Effetti collaterali<\/h3>\n\n\n\n<p>Questo farmaco ha un numero minimo di effetti collaterali. La maggior parte di essi sono transitori e si verificano pi\u00f9 spesso all&#8217;inizio dell&#8217;assunzione del farmaco. I sintomi tipici sono mal di testa, vertigini, rossore al viso, nausea, indigestione e naso che cola.<\/p>\n\n\n\n<p>In casi rari, sono state riportate le seguenti anomalie: gonfiore del viso, aumento della sensibilit\u00e0 alla luce solare, pressione alta, sonnolenza, lacrimazione, angina pectoris, epistassi, mialgia, dolore lombare, glaucoma e alcune altre anomalie. Questi si verificano in non pi\u00f9 dell&#8217;1% di tutti gli effetti avversi del farmaco e sono pi\u00f9 spesso legati a una violazione del dosaggio o delle regole di assunzione del prodotto.<\/p>\n\n\n\n<p>\u00c8 possibile acquistare Levitra Professional a buon mercato e rapidamente nel nostro negozio online. Offriamo non solo una vasta gamma di prodotti e prezzi accessibili, ma anche la completa riservatezza dell&#8217;acquisto e della consegna.<\/p>\n\n\n\n<h3 class=\"wp-block-heading\">Condizioni di conservazione<\/h3>\n\n\n\n<p>Conservare il prodotto in un luogo fresco e lontano dai bambini.<\/p>\n\n\n\n<div>\n<ul class=\"top-sale-nav\">\n<li class=\"top-sale-nav-item\">Prodotti popolari<\/li>\n<\/ul>\n<div class=\"top-sale-content\">\n<div class=\"top-sale-product-list\">\n<div class=\"row justify-content-center\">\n<div class=\"col-6 col-md-4 product-parent\">\n<div class=\"product-list-item\">\n<div class=\"product-item\">\n<div class=\"product-item-img\">\n             <a href=\"\/farmacia\/cialis-generico\/\"> <img decoding=\"async\" loading=\"lazy\" src=\"\/farmacia\/wp-content\/uploads\/wm\/cialis-generic.webp\" alt=\"Cialis Generico\" width=\"240\" height=\"180\"> <\/a><\/div>\n<div class=\"product-item-title\">\n<h2><a href=\"\/farmacia\/cialis-generico\/\" class=\"product-item-title-link\">Cialis Generico<\/a><\/h2>\n<\/div>\n<div class=\"product-item-pack\">\n            10mg | 20mg | 40mg | 60mg | 80mg<\/div>\n<div class=\"product-item-group\">\n<div class=\"product-item-price\">\n              <span class=\"product-item-cost\">\u20ac 2.85<\/span> a pillola<\/div>\n<div class=\"product-item-buy\">\n              <a href=\"\/farmacia\/cialis-generico\/\" class=\"product-item-btn\">Compra<\/a><\/div>\n<\/div>\n<\/div>\n<\/div>\n<\/div>\n<div class=\"col-6 col-md-4 product-parent\">\n<div class=\"product-list-item\">\n<div class=\"product-item\">\n<div class=\"product-item-img\">\n             <a href=\"\/farmacia\/viagra-generico\/\"> <img decoding=\"async\" loading=\"lazy\" src=\"\/farmacia\/wp-content\/uploads\/wm\/viagra-generic.webp\" alt=\"Viagra Generico\" width=\"240\" height=\"180\"> <\/a><\/div>\n<div class=\"product-item-title\">\n<h2><a href=\"\/farmacia\/viagra-generico\/\" class=\"product-item-title-link\">Viagra Generico<\/a><\/h2>\n<\/div>\n<div class=\"product-item-pack\">\n            25mg | 50mg | 100mg | 120mg | 130mg | 150mg | 200mg<\/div>\n<div class=\"product-item-group\">\n<div class=\"product-item-price\">\n              <span class=\"product-item-cost\">\u20ac 1.64<\/span> a pillola<\/div>\n<div class=\"product-item-buy\">\n              <a href=\"\/farmacia\/viagra-generico\/\" class=\"product-item-btn\">Compra<\/a><\/div>\n<\/div>\n<\/div>\n<\/div>\n<\/div>\n<div class=\"col-6 col-md-4 product-parent\">\n<div class=\"product-list-item\">\n<div class=\"product-item\">\n<div class=\"product-item-img\">\n             <a href=\"\/farmacia\/levitra-generico\/\"> <img decoding=\"async\" loading=\"lazy\" src=\"\/farmacia\/wp-content\/uploads\/wm\/levitra-generic.webp\" alt=\"Levitra Generico\" width=\"240\" height=\"180\"> <\/a><\/div>\n<div class=\"product-item-title\">\n<h2><a href=\"\/farmacia\/levitra-generico\/\" class=\"product-item-title-link\">Levitra Generico<\/a><\/h2>\n<\/div>\n<div class=\"product-item-pack\">\n            10mg | 20mg | 40mg | 60mg<\/div>\n<div class=\"product-item-group\">\n<div class=\"product-item-price\">\n              <span class=\"product-item-cost\">\u20ac 2.59<\/span> a pillola<\/div>\n<div class=\"product-item-buy\">\n              <a href=\"\/farmacia\/levitra-generico\/\" class=\"product-item-btn\">Compra<\/a><\/div>\n<\/div>\n<\/div>\n<\/div>\n<\/div>\n<\/div>\n<\/div>\n<\/div>\n<\/div>","protected":false},"excerpt":{"rendered":"<p>Levitra Professional senza ricetta in Italia Levitra Professional \u00e8 una versione migliorata del popolare potenziatore di potenza. A differenza del<\/p>\n","protected":false},"author":3,"featured_media":0,"parent":0,"menu_order":0,"comment_status":"closed","ping_status":"closed","template":"","meta":[],"_links":{"self":[{"href":"https:\/\/slowdentist.it\/farmacia\/wp-json\/wp\/v2\/pages\/4316"}],"collection":[{"href":"https:\/\/slowdentist.it\/farmacia\/wp-json\/wp\/v2\/pages"}],"about":[{"href":"https:\/\/slowdentist.it\/farmacia\/wp-json\/wp\/v2\/types\/page"}],"author":[{"embeddable":true,"href":"https:\/\/slowdentist.it\/farmacia\/wp-json\/wp\/v2\/users\/3"}],"replies":[{"embeddable":true,"href":"https:\/\/slowdentist.it\/farmacia\/wp-json\/wp\/v2\/comments?post=4316"}],"version-history":[{"count":8,"href":"https:\/\/slowdentist.it\/farmacia\/wp-json\/wp\/v2\/pages\/4316\/revisions"}],"predecessor-version":[{"id":6424,"href":"https:\/\/slowdentist.it\/farmacia\/wp-json\/wp\/v2\/pages\/4316\/revisions\/6424"}],"wp:attachment":[{"href":"https:\/\/slowdentist.it\/farmacia\/wp-json\/wp\/v2\/media?parent=4316"}],"curies":[{"name":"wp","href":"https:\/\/api.w.org\/{rel}","templated":true}]}}