{"id":738,"date":"2021-12-06T09:49:36","date_gmt":"2021-12-06T08:49:36","guid":{"rendered":"https:\/\/slowdentist.it\/farmacia\/?page_id=738"},"modified":"2024-10-22T12:13:03","modified_gmt":"2024-10-22T11:13:03","slug":"apcalis-oral-jelly","status":"publish","type":"page","link":"https:\/\/slowdentist.it\/farmacia\/apcalis-oral-jelly\/","title":{"rendered":"Apcalis Oral Jelly"},"content":{"rendered":"<div class=\"product-info\">\n<div class=\"row\">\n<div class=\"col-sm-4\"><img decoding=\"async\" src=\"\/farmacia\/wp-content\/uploads\/wm\/apcalis-oral-jelly.webp\" alt=\"Apcalis Oral Jelly foto\"><\/div>\n<div class=\"col-sm-8\">\n<h1 class=\"product-h1\">Apcalis Oral Jelly senza ricetta in Italia<\/h1>\n<div class=\"product-description\">\n<p>Generici di qualit\u00e0 per aumentare la potenza sono disponibili sul mercato in una grande variet\u00e0. L&#8217;acquirente deve solo scegliere la forma del farmaco, cos\u00ec come il principio attivo adatto. Apcalis \u00e8 meritatamente popolare per l&#8217;efficacia e la sicurezza del suo utilizzo. Gli specialisti della nostra farmacia sono sempre lieti di offrirvi medicinali autentici a prezzi vantaggiosi. Prima di utilizzarli, \u00e8 sufficiente chiedere consiglio al medico curante. Il Oral Jelly aiuta a dimenticare i problemi causati dalla disfunzione erettile.  <\/p>\n<\/div>\n<div>\n<div class=\"row\">\n<div class=\"col-sm-6\">\n<div class=\"col-margin\">\n<ul class=\"ul-feature-list\">\n \t<li class=\"feature-list\">Insorgenza rapida dell'azione<\/li>\n \t<li class=\"feature-list\">Effetto di lunga durata<\/li>\n<\/ul>\n<\/div>\n<br>\n<div class=\"col-margin\"><img src=\"\/farmacia\/wp-content\/uploads\/img-footer-logo-04.png\" alt=\"\"><\/div>\n<\/div>\n<div class=\"col-sm-6\">\n<div class=\"col-margin\">\n<ul class=\"ul-feature-list\">\n \t<li class=\"feature-list\">Transazione Sicura<\/li>\n \t<li class=\"feature-list\">Visita i link dei certificati nella pagina di Checkout<\/li>\n<\/ul>\n<\/div>\n<div class=\"col-margin\"><img class=\"img-payment\" src=\"\/farmacia\/wp-content\/uploads\/payment-methods.png\" alt=\"Payment Methods\"><\/div>\n<\/div>\n<\/div>\n<\/div>\n<\/div>\n<\/div>\n<\/div>\n\n\n<div class=\"tab\" data-sort = \"asc\"><button class=\"tablinks tablinks_default active\" data-target = \"tab-20\">20mg<\/button><\/div><div id =\"tab-20\" class = \"tabcontent active\" >\n            <div class=\"table-container\">\n                <div id=\"shop-prod-table\">\n                <table class=\"table\">\n                <caption><h2> Apcalis Oral Jelly  20mg<\/h2><\/caption>\n                <thead>\n                       <tr class=\"table-header_default\">\n                                <th scope =\"col\">Pacco<\/th>\n                                <th scope =\"col\">Prezzo<\/th>\n                                <th scope =\"col\">Per Sachet<\/th>\n                                <th scope =\"col\">Risparmio<\/th>\n                                <th scope =\"col\">Bonus<\/th>\n                                <th scope =\"col\"><\/th>\n                        <\/tr>\n                <\/thead><tbody><tr>\n             <td data-title=\"Pacco\">20mg x 10 bustine<\/td>\n             <td data-title=\"Prezzo\"> <div itemprop=\"offers\" itemscope=\"itemscope\" itemtype=\"https:\/\/schema.org\/Offer\">\n            \n            <meta itemprop=\"url\" content =\"https:\/\/slowdentist.it\/farmacia\/apcalis-oral-jelly\/\">\n            <link itemprop =\"availability\" href=\"https:\/\/schema.org\/InStock\">\n            <span itemprop=\"priceCurrency\" content=\"EUR\">\u20ac<\/span> <span itemprop=\"price\" content=\"55.95\">55.95<\/span><\/div><\/td>\n             <td data-title=\"Per Sachet\">\u20ac 5.6<\/td>\n             <td class=\"field-economy_default\" data-title=\"Risparmio\">\u20ac 0<\/td>\n             <td data-title=\"Bonus\">-<\/td>\n             <td data-title=\"\">\n                <a href=\"?add-to-cart=2750\" class =\"buy-btn_default buy-btn ajax_add_to_cart add_to_cart_button\" rel=\"nofollow\" data-product_id = \"2750\">Compra<\/a>\n             <\/td>\n            <\/tr><tr>\n             <td data-title=\"Pacco\">20mg x 17 bustine<\/td>\n             <td data-title=\"Prezzo\"> <div itemprop=\"offers\" itemscope=\"itemscope\" itemtype=\"https:\/\/schema.org\/Offer\">\n            <span class=\"crossed_out_price\">\u20ac 95.22 \/<\/span>\n            <meta itemprop=\"url\" content =\"https:\/\/slowdentist.it\/farmacia\/apcalis-oral-jelly\/\">\n            <link itemprop =\"availability\" href=\"https:\/\/schema.org\/InStock\">\n            <span itemprop=\"priceCurrency\" content=\"EUR\">\u20ac<\/span> <span itemprop=\"price\" content=\"90.97\">90.97<\/span><\/div><\/td>\n             <td data-title=\"Per Sachet\">\u20ac 5.35<\/td>\n             <td class=\"field-economy_default\" data-title=\"Risparmio\">\u20ac 4.25<\/td>\n             <td data-title=\"Bonus\">+ 4 bustine<\/td>\n             <td data-title=\"\">\n                <a href=\"?add-to-cart=2752\" class =\"buy-btn_default buy-btn ajax_add_to_cart add_to_cart_button\" rel=\"nofollow\" data-product_id = \"2752\">Compra<\/a>\n             <\/td>\n            <\/tr><tr>\n             <td data-title=\"Pacco\">20mg x 30 bustine<\/td>\n             <td data-title=\"Prezzo\"> <div itemprop=\"offers\" itemscope=\"itemscope\" itemtype=\"https:\/\/schema.org\/Offer\">\n            <span class=\"crossed_out_price\">\u20ac 168.09 \/<\/span>\n            <meta itemprop=\"url\" content =\"https:\/\/slowdentist.it\/farmacia\/apcalis-oral-jelly\/\">\n            <link itemprop =\"availability\" href=\"https:\/\/schema.org\/InStock\">\n            <span itemprop=\"priceCurrency\" content=\"EUR\">\u20ac<\/span> <span itemprop=\"price\" content=\"135.09\">135.09<\/span><\/div><\/td>\n             <td data-title=\"Per Sachet\">\u20ac 4.5<\/td>\n             <td class=\"field-economy_default\" data-title=\"Risparmio\">\u20ac 33<\/td>\n             <td data-title=\"Bonus\">+ 5 bustine<\/td>\n             <td data-title=\"\">\n                <a href=\"?add-to-cart=2753\" class =\"buy-btn_default buy-btn ajax_add_to_cart add_to_cart_button\" rel=\"nofollow\" data-product_id = \"2753\">Compra<\/a>\n             <\/td>\n            <\/tr><tr>\n             <td data-title=\"Pacco\">20mg x 50 bustine<\/td>\n             <td data-title=\"Prezzo\"> <div itemprop=\"offers\" itemscope=\"itemscope\" itemtype=\"https:\/\/schema.org\/Offer\">\n            <span class=\"crossed_out_price\">\u20ac 279.92 \/<\/span>\n            <meta itemprop=\"url\" content =\"https:\/\/slowdentist.it\/farmacia\/apcalis-oral-jelly\/\">\n            <link itemprop =\"availability\" href=\"https:\/\/schema.org\/InStock\">\n            <span itemprop=\"priceCurrency\" content=\"EUR\">\u20ac<\/span> <span itemprop=\"price\" content=\"139.42\">139.42<\/span><\/div><\/td>\n             <td data-title=\"Per Sachet\">\u20ac 2.79<\/td>\n             <td class=\"field-economy_default\" data-title=\"Risparmio\">\u20ac 140.5<\/td>\n             <td data-title=\"Bonus\">+ 6 bustine<\/td>\n             <td data-title=\"\">\n                <a href=\"?add-to-cart=2754\" class =\"buy-btn_default buy-btn ajax_add_to_cart add_to_cart_button\" rel=\"nofollow\" data-product_id = \"2754\">Compra<\/a>\n             <\/td>\n            <\/tr><tr>\n             <td data-title=\"Pacco\">20mg x 70 bustine<\/td>\n             <td data-title=\"Prezzo\"> <div itemprop=\"offers\" itemscope=\"itemscope\" itemtype=\"https:\/\/schema.org\/Offer\">\n            <span class=\"crossed_out_price\">\u20ac 391.77 \/<\/span>\n            <meta itemprop=\"url\" content =\"https:\/\/slowdentist.it\/farmacia\/apcalis-oral-jelly\/\">\n            <link itemprop =\"availability\" href=\"https:\/\/schema.org\/InStock\">\n            <span itemprop=\"priceCurrency\" content=\"EUR\">\u20ac<\/span> <span itemprop=\"price\" content=\"176.17\">176.17<\/span><\/div><\/td>\n             <td data-title=\"Per Sachet\">\u20ac 2.52<\/td>\n             <td class=\"field-economy_default\" data-title=\"Risparmio\">\u20ac 215.6<\/td>\n             <td data-title=\"Bonus\">+ 7 bustine<\/td>\n             <td data-title=\"\">\n                <a href=\"?add-to-cart=2755\" class =\"buy-btn_default buy-btn ajax_add_to_cart add_to_cart_button\" rel=\"nofollow\" data-product_id = \"2755\">Compra<\/a>\n             <\/td>\n            <\/tr><tr>\n             <td data-title=\"Pacco\">20mg x 120 bustine<\/td>\n             <td data-title=\"Prezzo\"> <div itemprop=\"offers\" itemscope=\"itemscope\" itemtype=\"https:\/\/schema.org\/Offer\">\n            <span class=\"crossed_out_price\">\u20ac 671.43 \/<\/span>\n            <meta itemprop=\"url\" content =\"https:\/\/slowdentist.it\/farmacia\/apcalis-oral-jelly\/\">\n            <link itemprop =\"availability\" href=\"https:\/\/schema.org\/InStock\">\n            <span itemprop=\"priceCurrency\" content=\"EUR\">\u20ac<\/span> <span itemprop=\"price\" content=\"267.03\">267.03<\/span><\/div><\/td>\n             <td data-title=\"Per Sachet\">\u20ac 2.23<\/td>\n             <td class=\"field-economy_default\" data-title=\"Risparmio\">\u20ac 404.4<\/td>\n             <td data-title=\"Bonus\">+ 13 bustine<\/td>\n             <td data-title=\"\">\n                <a href=\"?add-to-cart=2751\" class =\"buy-btn_default buy-btn ajax_add_to_cart add_to_cart_button\" rel=\"nofollow\" data-product_id = \"2751\">Compra<\/a>\n             <\/td>\n            <\/tr><\/tbody> <\/table>\n            <\/div>\n        <\/div>\n    <\/div>\n\n\n<p><div class=\"letter\">\n<div class=\"letter-head\">\n<div class=\"letter-title heading-letter\">Esempio di busta<\/div>\n<div class=\"letter-pack\"><img src=\"\/farmacia\/wp-content\/uploads\/example-package.jpg\" alt=\"\" width=\"505\" height=\"105\"><\/div>\n<\/div>\n<div class=\"letter-desc\">Il tuo ordine sar\u00e0 imballato in modo sicuro e consegnato entro 24 ore. Questo \u00e8 l'aspetto dell'imballaggio (immagini reali dell'articolo inviato). Ha le dimensioni e l'aspetto di una normale lettera (24x11x0,7 cm) e non mancher\u00e0 il contenuto.<\/div>\n<\/div><br>\n<div class=\"delivery\">\n<div class=\"delivery-result\">\n<div class=\"delivery-unit\">\n<div class=\"delivery-unit-inner\">\n<div class=\"delivery-unit-type\">\n<div class=\"delivery-unit-label\">\n              Metodo di consegna<\/div>\n<div class=\"delivery-unit-value\">\n              Express<\/div>\n              <div class=\"delivery-unit-value\">\n              Post EU<\/div>\n<\/div>\n<div class=\"delivery-unit-term\">\n<div class=\"delivery-unit-label\">\n              Tempi di consegna<\/div>\n<div class=\"delivery-unit-value\">\n              4-11 giorni lavorativi<\/div>\n              <div class=\"delivery-unit-value\">\n              8-13 giorni<\/div>\n<\/div>\n<div class=\"delivery-unit-price\">\n<div class=\"delivery-unit-label\">\n              Prezzo<\/div>\n<div class=\"delivery-unit-sum\">\n              \u20ac 14.99<\/div>\n              <div class=\"delivery-unit-sum\">\n              \u20ac 00.00 (ordina da \u20ac 200)<\/div>\n<\/div>\n<\/div>\n<\/div>\n<\/div>\n<\/div>\n<div class=\"advant-list\">\n<div class=\"advant-list-item\">\n          Spedizione internazionale<\/div>\n<div class=\"advant-list-item\">\n          Protezione e sicurezza<\/div>\n<div class=\"advant-list-item\">\n          Imballaggio discreto<\/div>\n<div class=\"advant-list-item\">\n          Garanzia di privacy e anonimato<\/div>\n<div class=\"advant-list-item\">\n          Consegna del suo ordine entro 21 giorni<\/div>\n<div class=\"advant-list-item\">\n          Consegna assicurata al 100%.<\/div>\n<\/div><\/p>\n<div class=\"product-content\">\n<p><\/p>\n<\/div>\n\n\n<h2 class=\"wp-block-heading\">Cos&#8217;\u00e8 il Oral Jelly Apcalis<\/h2>\n\n\n\n<p>Sempre pi\u00f9 uomini oggi usano farmaci generici di qualit\u00e0 a base di Viagra, che possono correggere l&#8217;impotenza sessuale nel pi\u00f9 breve tempo possibile. Apcalis Oral Jelly si basa su un altro farmaco non meno famoso chiamato Cialis. Il farmaco pu\u00f2 essere prescritto da un medico durante la terapia delle disfunzioni sessuali. L&#8217;azione del farmaco \u00e8 volta a ripristinare le erezioni in modo naturale, e il farmaco permette anche di recuperare pi\u00f9 velocemente dopo il sesso. Il farmaco permette di fare l&#8217;amore ripetutamente per tutta la durata dell&#8217;azione della pillola.&nbsp;<\/p>\n\n\n\n<p>Se volete acquistare dei generici senza prescrizione medica, \u00e8 sufficiente utilizzare l&#8217;offerta della nostra farmacia. Vi offriamo prezzi favorevoli per prodotti genuini di note marche farmaceutiche. Per acquistare, basta compilare un modulo di richiesta online e confermare l&#8217;ordine.<\/p>\n\n\n\n<h2 class=\"wp-block-heading\">Cosa c&#8217;\u00e8 di unico Apcalis e come si differenzia dagli altri tipi di Cialis&nbsp;<\/h2>\n\n\n\n<p>Il farmaco dovrebbe essere usato in caso di disfunzione erettile negli uomini. Il prodotto aiuta a rafforzare la potenza, ottenendo un&#8217;erezione elastica, che durer\u00e0 per tutto il rapporto. Il Oral Jelly riduce il rischio di eiaculazione precoce.&nbsp;<\/p>\n\n\n\n<p>Il farmaco \u00e8 diventato molto popolare tra gli uomini a causa della sua forma di rilascio. Il Oral Jelly ha un tasso di digestione veloce, se lo si confronta con le compresse di Cialis. Anche la probabilit\u00e0 di effetti collaterali sar\u00e0 minima. I punti di forza Apcalis sono:<\/p>\n\n\n\n<ul>\n<li>accelera il raggiungimento della concentrazione desiderata;<\/li>\n\n\n\n<li>delicati effetti sul corpo;<\/li>\n\n\n\n<li>alta eficacia del farmaco;<\/li>\n\n\n\n<li>la droga non crea dipendenza;<\/li>\n\n\n\n<li>non influisce sul numero e sulla qualit\u00e0 dello sperma.&nbsp;<\/li>\n<\/ul>\n\n\n\n<h2 class=\"wp-block-heading\">Come Apcalis contribuisce alle erezioni&nbsp;<\/h2>\n\n\n\n<p>Per ottenere l&#8217;effetto desiderato, il farmaco ha un principio attivo chiamato Tadalafil. Questo componente \u00e8 in grado di bloccare l&#8217;azione dell&#8217;enzima FDE di tipo 5, che agisce nei tessuti dei piccoli organi del corpo. Di conseguenza, i muscoli lisci si rilassano e il pene si riempie di sangue, il che provoca un&#8217;erezione stretta. \u00c8 possibile avere rapporti sessuali durante tutto il periodo di azione del farmaco. La stimolazione erotica \u00e8 necessaria per ottenere un&#8217;erezione.<\/p>\n\n\n\n<h2 class=\"wp-block-heading\">Apcalis o Viagra<\/h2>\n\n\n\n<p>Il farmaco appartiene al gruppo dei farmaci per il trattamento delle disfunzioni sessuali tra i rappresentanti del sesso forte. La differenza tra Viagra e Apcalis \u00e8 solo nel principio attivo che il produttore ha scelto. Il Sildenafil \u00e8 usato per creare il Viagra, mentre la sostanza Tadalafil \u00e8 usata per Apcalis. Il farmaco \u00e8 raccomandato per la somministrazione in situazioni di emergenza. L&#8217;effetto del Oral Jelly dura fino a 36 ore, mentre il Viagra pu\u00f2 fornire sesso solo per 5 ore dal momento dell&#8217;assunzione.<\/p>\n\n\n\n<h2 class=\"wp-block-heading\">Regole per l&#8217;utilizzo di Apalis&nbsp;<\/h2>\n\n\n\n<p>Si dovrebbe iniziare un corso di questo medicinale solo dopo aver consultato il medico. L&#8217;effetto dell&#8217;uso del farmaco dura per 12 mesi dalla fine di un ciclo completo. \u00c8 possibile ripetere il corso solo dopo un anno dalla cancellazione del farmaco. L&#8217;uso di Apcalis Oral Jelly deve avvenire 30 minuti prima dell&#8217;inizio del rapporto sessuale. Un uomo \u00e8 pronto per il coito nelle 36 ore successive all&#8217;uso del farmaco.<\/p>\n\n\n\n<h3 class=\"wp-block-heading\">Cos&#8217;altro devi sapere prima di prenderlo<\/h3>\n\n\n\n<p>La prima cosa da fare \u00e8 vedere il vostro medico, che sar\u00e0 in grado di prescrivere il dosaggio ottimale del farmaco. Solo in presenza di controindicazioni il corso pu\u00f2 essere avviato. Il farmaco non pu\u00f2 essere prescritto ai pazienti con:<\/p>\n\n\n\n<ul>\n<li>malattie cardiovascolari;<\/li>\n\n\n\n<li>pressione instabile;<\/li>\n\n\n\n<li>con malattie del fegato;<\/li>\n\n\n\n<li>malattie renali<\/li>\n\n\n\n<li>problemi di udito;<\/li>\n\n\n\n<li>con malattie degli organi visivi;<\/li>\n\n\n\n<li>anemia, mieloma, leucemia e altre malattie.<\/li>\n<\/ul>\n\n\n\n<p>Il farmaco non \u00e8 adatto agli uomini del sesso forte che sono inclini al priapismo o hanno deformit\u00e0 fisiche del pene.<\/p>\n\n\n\n<h3 class=\"wp-block-heading\">La giusta dose \u00e8 il giusto trattamento&nbsp;<\/h3>\n\n\n\n<p>Prima di assumere il farmaco, \u00e8 necessario consultare un medico che sar\u00e0 in grado di prescrivere un dosaggio adeguato. La dose giornaliera del principio attivo deve essere di 20 mg. Il Oral Jelly deve essere preso solo una volta al giorno. Una modifica del dosaggio pu\u00f2 essere avviata da un medico in base alle attuali condizioni di salute del paziente.<\/p>\n\n\n\n<h3 class=\"wp-block-heading\">Alcool e Tadalafil<\/h3>\n\n\n\n<p>L&#8217;alcol e il Tadalafil sono componenti incompatibili, pertanto Apcalis non deve essere assunto insieme all&#8217;alcol. Questo porter\u00e0 ad una riduzione degli effetti del farmaco e alla comparsa di effetti collaterali. Durante il consulto del vostro medico, assicuratevi di menzionare quali altri farmaci state usando. Tadalafil non \u00e8 combinato con:<\/p>\n\n\n\n<ul>\n<li>nitrati utilizzati per scopi medici;<\/li>\n\n\n\n<li>da donatori di cicladi guanilato;<\/li>\n\n\n\n<li>con gli alfa inibitori;<\/li>\n\n\n\n<li>con proteasi bloccanti;<\/li>\n\n\n\n<li>con gli antibiotici.<\/li>\n<\/ul>\n\n\n\n<p>Il farmaco non ha bisogno di essere usato con altri mezzi per migliorare la potenza che inibiscono la FDE-5.<\/p>\n\n\n\n<h3 class=\"wp-block-heading\">Quando \u00e8 meglio astenersi dalla droga&nbsp;<\/h3>\n\n\n\n<p>Apcalis pu\u00f2 portare ad effetti collaterali che influenzeranno la guida. Per questo motivo, \u00e8 importante fare attenzione quando si eseguono lavori che richiedono un&#8217;elevata concentrazione e tempi di reazione rapidi.<\/p>\n\n\n\n<h3 class=\"wp-block-heading\">Cosa pu\u00f2 andare storto&nbsp;<\/h3>\n\n\n\n<p>Il rischio di effetti collaterali durante l&#8217;assunzione del farmaco con Tadalafil nella sua composizione sar\u00e0 minimo. Allo stesso tempo, si dovrebbe essere preparati per emicranie, vertigini e dolori muscolari.<\/p>\n\n\n\n<h3 class=\"wp-block-heading\">Sovradosaggio<\/h3>\n\n\n\n<p>Se un uomo sperimenta un&#8217;overdose durante l&#8217;uso del farmaco, dovrebbe interrompere Apcalis e cercare una terapia sintomatica da un medico.<\/p>\n\n\n\n<h3 class=\"wp-block-heading\">Conservazione<\/h3>\n\n\n\n<p>Apcalis \u00e8 adatto per la conservazione solo in un luogo asciutto e fresco, che deve essere fuori dalla portata di animali domestici e bambini. Dopo la data di scadenza il farmaco deve essere smaltito.<\/p>\n\n\n\n<h3 class=\"wp-block-heading\">Responsabilit\u00e0<\/h3>\n\n\n\n<p>Apcalis deve essere usato solo dopo una dettagliata consultazione con il medico. Le informazioni sul medicinale sono presentate a scopo informativo. La somministrazione della farmacia online non \u00e8 responsabile per il verificarsi di reazioni avverse causate da auto-trattamento.<\/p>\n\n\n\n<div>\n<ul class=\"top-sale-nav\">\n<li class=\"top-sale-nav-item\">Prodotti popolari<\/li>\n<\/ul>\n<div class=\"top-sale-content\">\n<div class=\"top-sale-product-list\">\n<div class=\"row justify-content-center\">\n<div class=\"col-6 col-md-4 product-parent\">\n<div class=\"product-list-item\">\n<div class=\"product-item\">\n<div class=\"product-item-img\">\n             <a href=\"\/farmacia\/cialis-generico\/\"> <img decoding=\"async\" loading=\"lazy\" src=\"\/farmacia\/wp-content\/uploads\/wm\/cialis-generic.webp\" alt=\"Cialis Generico\" width=\"240\" height=\"180\"> <\/a><\/div>\n<div class=\"product-item-title\">\n<h2><a href=\"\/farmacia\/cialis-generico\/\" class=\"product-item-title-link\">Cialis Generico<\/a><\/h2>\n<\/div>\n<div class=\"product-item-pack\">\n            10mg | 20mg | 40mg | 60mg | 80mg<\/div>\n<div class=\"product-item-group\">\n<div class=\"product-item-price\">\n              <span class=\"product-item-cost\">\u20ac 2.85<\/span> a pillola<\/div>\n<div class=\"product-item-buy\">\n              <a href=\"\/farmacia\/cialis-generico\/\" class=\"product-item-btn\">Compra<\/a><\/div>\n<\/div>\n<\/div>\n<\/div>\n<\/div>\n<div class=\"col-6 col-md-4 product-parent\">\n<div class=\"product-list-item\">\n<div class=\"product-item\">\n<div class=\"product-item-img\">\n             <a href=\"\/farmacia\/viagra-generico\/\"> <img decoding=\"async\" loading=\"lazy\" src=\"\/farmacia\/wp-content\/uploads\/wm\/viagra-generic.webp\" alt=\"Viagra Generico\" width=\"240\" height=\"180\"> <\/a><\/div>\n<div class=\"product-item-title\">\n<h2><a href=\"\/farmacia\/viagra-generico\/\" class=\"product-item-title-link\">Viagra Generico<\/a><\/h2>\n<\/div>\n<div class=\"product-item-pack\">\n            25mg | 50mg | 100mg | 120mg | 130mg | 150mg | 200mg<\/div>\n<div class=\"product-item-group\">\n<div class=\"product-item-price\">\n              <span class=\"product-item-cost\">\u20ac 1.64<\/span> a pillola<\/div>\n<div class=\"product-item-buy\">\n              <a href=\"\/farmacia\/viagra-generico\/\" class=\"product-item-btn\">Compra<\/a><\/div>\n<\/div>\n<\/div>\n<\/div>\n<\/div>\n<div class=\"col-6 col-md-4 product-parent\">\n<div class=\"product-list-item\">\n<div class=\"product-item\">\n<div class=\"product-item-img\">\n             <a href=\"\/farmacia\/levitra-generico\/\"> <img decoding=\"async\" loading=\"lazy\" src=\"\/farmacia\/wp-content\/uploads\/wm\/levitra-generic.webp\" alt=\"Levitra Generico\" width=\"240\" height=\"180\"> <\/a><\/div>\n<div class=\"product-item-title\">\n<h2><a href=\"\/farmacia\/levitra-generico\/\" class=\"product-item-title-link\">Levitra Generico<\/a><\/h2>\n<\/div>\n<div class=\"product-item-pack\">\n            10mg | 20mg | 40mg | 60mg<\/div>\n<div class=\"product-item-group\">\n<div class=\"product-item-price\">\n              <span class=\"product-item-cost\">\u20ac 2.59<\/span> a pillola<\/div>\n<div class=\"product-item-buy\">\n              <a href=\"\/farmacia\/levitra-generico\/\" class=\"product-item-btn\">Compra<\/a><\/div>\n<\/div>\n<\/div>\n<\/div>\n<\/div>\n<\/div>\n<\/div>\n<\/div>\n<\/div>","protected":false},"excerpt":{"rendered":"<p>Apcalis Oral Jelly senza ricetta in Italia Generici di qualit\u00e0 per aumentare la potenza sono disponibili sul mercato in una<\/p>\n","protected":false},"author":3,"featured_media":0,"parent":0,"menu_order":0,"comment_status":"closed","ping_status":"closed","template":"","meta":[],"_links":{"self":[{"href":"https:\/\/slowdentist.it\/farmacia\/wp-json\/wp\/v2\/pages\/738"}],"collection":[{"href":"https:\/\/slowdentist.it\/farmacia\/wp-json\/wp\/v2\/pages"}],"about":[{"href":"https:\/\/slowdentist.it\/farmacia\/wp-json\/wp\/v2\/types\/page"}],"author":[{"embeddable":true,"href":"https:\/\/slowdentist.it\/farmacia\/wp-json\/wp\/v2\/users\/3"}],"replies":[{"embeddable":true,"href":"https:\/\/slowdentist.it\/farmacia\/wp-json\/wp\/v2\/comments?post=738"}],"version-history":[{"count":19,"href":"https:\/\/slowdentist.it\/farmacia\/wp-json\/wp\/v2\/pages\/738\/revisions"}],"predecessor-version":[{"id":6278,"href":"https:\/\/slowdentist.it\/farmacia\/wp-json\/wp\/v2\/pages\/738\/revisions\/6278"}],"wp:attachment":[{"href":"https:\/\/slowdentist.it\/farmacia\/wp-json\/wp\/v2\/media?parent=738"}],"curies":[{"name":"wp","href":"https:\/\/api.w.org\/{rel}","templated":true}]}}