{"id":743,"date":"2021-12-06T09:44:56","date_gmt":"2021-12-06T08:44:56","guid":{"rendered":"https:\/\/slowdentist.it\/farmacia\/?page_id=743"},"modified":"2024-10-22T13:33:31","modified_gmt":"2024-10-22T12:33:31","slug":"cialis-soft-tabs","status":"publish","type":"page","link":"https:\/\/slowdentist.it\/farmacia\/cialis-soft-tabs\/","title":{"rendered":"Cialis Soft Tabs"},"content":{"rendered":"<div class=\"product-info\">\n<div class=\"row\">\n<div class=\"col-sm-4\"><img decoding=\"async\" src=\"\/farmacia\/wp-content\/uploads\/wm\/cialis-soft-tabs.webp\" alt=\"Cialis Soft Tabs foto\"><\/div>\n<div class=\"col-sm-8\">\n<h1 class=\"product-h1\">Cialis Soft Tabs senza ricetta in Italia<\/h1>\n<div class=\"product-description\">\n<p>Il farmaco ha la capacit\u00e0 di trattare in modo produttivo l&#8217;impotenza sessuale negli uomini. Cialis Soft ripristina l&#8217;erezione e permette di mantenerla fino alla fine del rapporto sessuale. Dopo aver preso il farmaco, un uomo pu\u00f2 fare sesso ripetutamente. Il periodo di recupero dopo l&#8217;intimit\u00e0 \u00e8 pi\u00f9 breve e gli orgasmi diventano pi\u00f9 luminosi.<\/p>\n<p>Se da tempo desiderate testare il farmaco personalmente, potete acquistarlo sul nostro sito web. Un vasto catalogo di medicinali che si possono ordinare senza prescrizione medica \u00e8 raccolto in un unico posto. La nostra farmacia pu\u00f2 garantire la qualit\u00e0 dei farmaci e si assume anche l&#8217;obbligo di riservatezza. Dovreste acquistare il farmaco e iniziare la terapia solo dopo aver visitato il vostro medico, che vi far\u00e0 una diagnosi e vi prescriver\u00e0 il dosaggio ottimale.<\/p>\n<\/div>\n<div>\n<div class=\"row\">\n<div class=\"col-sm-6\">\n<div class=\"col-margin\">\n<ul class=\"ul-feature-list\">\n \t<li class=\"feature-list\">Insorgenza rapida dell'azione<\/li>\n \t<li class=\"feature-list\">Effetto di lunga durata<\/li>\n<\/ul>\n<\/div>\n<br>\n<div class=\"col-margin\"><img src=\"\/farmacia\/wp-content\/uploads\/img-footer-logo-04.png\" alt=\"\"><\/div>\n<\/div>\n<div class=\"col-sm-6\">\n<div class=\"col-margin\">\n<ul class=\"ul-feature-list\">\n \t<li class=\"feature-list\">Transazione Sicura<\/li>\n \t<li class=\"feature-list\">Visita i link dei certificati nella pagina di Checkout<\/li>\n<\/ul>\n<\/div>\n<div class=\"col-margin\"><img class=\"img-payment\" src=\"\/farmacia\/wp-content\/uploads\/payment-methods.png\" alt=\"Payment Methods\"><\/div>\n<\/div>\n<\/div>\n<\/div>\n<\/div>\n<\/div>\n<\/div>\n\n\n<div class=\"tab\" data-sort = \"asc\"><button class=\"tablinks tablinks_default active\" data-target = \"tab-20\">20mg<\/button><\/div><div id =\"tab-20\" class = \"tabcontent active\" >\n            <div class=\"table-container\">\n                <div id=\"shop-prod-table\">\n                <table class=\"table\">\n                <caption><h2> Cialis Soft Tabs  20mg<\/h2><\/caption>\n                <thead>\n                       <tr class=\"table-header_default\">\n                                <th scope =\"col\">Pacco<\/th>\n                                <th scope =\"col\">Prezzo<\/th>\n                                <th scope =\"col\">Per Pillola<\/th>\n                                <th scope =\"col\">Risparmio<\/th>\n                                <th scope =\"col\">Bonus<\/th>\n                                <th scope =\"col\"><\/th>\n                        <\/tr>\n                <\/thead><tbody><tr>\n             <td data-title=\"Pacco\">20mg x 10 pillole<\/td>\n             <td data-title=\"Prezzo\"> <div itemprop=\"offers\" itemscope=\"itemscope\" itemtype=\"https:\/\/schema.org\/Offer\">\n            \n            <meta itemprop=\"url\" content =\"https:\/\/slowdentist.it\/farmacia\/cialis-soft-tabs\/\">\n            <link itemprop =\"availability\" href=\"https:\/\/schema.org\/InStock\">\n            <span itemprop=\"priceCurrency\" content=\"EUR\">\u20ac<\/span> <span itemprop=\"price\" content=\"37.17\">37.17<\/span><\/div><\/td>\n             <td data-title=\"Per Pillola\">\u20ac 3.72<\/td>\n             <td class=\"field-economy_default\" data-title=\"Risparmio\">\u20ac 0<\/td>\n             <td data-title=\"Bonus\">-<\/td>\n             <td data-title=\"\">\n                <a href=\"?add-to-cart=2820\" class =\"buy-btn_default buy-btn ajax_add_to_cart add_to_cart_button\" rel=\"nofollow\" data-product_id = \"2820\">Compra<\/a>\n             <\/td>\n            <\/tr><tr>\n             <td data-title=\"Pacco\">20mg x 20 pillole<\/td>\n             <td data-title=\"Prezzo\"> <div itemprop=\"offers\" itemscope=\"itemscope\" itemtype=\"https:\/\/schema.org\/Offer\">\n            <span class=\"crossed_out_price\">\u20ac 74.39 \/<\/span>\n            <meta itemprop=\"url\" content =\"https:\/\/slowdentist.it\/farmacia\/cialis-soft-tabs\/\">\n            <link itemprop =\"availability\" href=\"https:\/\/schema.org\/InStock\">\n            <span itemprop=\"priceCurrency\" content=\"EUR\">\u20ac<\/span> <span itemprop=\"price\" content=\"63.79\">63.79<\/span><\/div><\/td>\n             <td data-title=\"Per Pillola\">\u20ac 3.19<\/td>\n             <td class=\"field-economy_default\" data-title=\"Risparmio\">\u20ac 10.6<\/td>\n             <td data-title=\"Bonus\">+ 2 pillole<\/td>\n             <td data-title=\"\">\n                <a href=\"?add-to-cart=2823\" class =\"buy-btn_default buy-btn ajax_add_to_cart add_to_cart_button\" rel=\"nofollow\" data-product_id = \"2823\">Compra<\/a>\n             <\/td>\n            <\/tr><tr>\n             <td data-title=\"Pacco\">20mg x 30 pillole<\/td>\n             <td data-title=\"Prezzo\"> <div itemprop=\"offers\" itemscope=\"itemscope\" itemtype=\"https:\/\/schema.org\/Offer\">\n            <span class=\"crossed_out_price\">\u20ac 111.47 \/<\/span>\n            <meta itemprop=\"url\" content =\"https:\/\/slowdentist.it\/farmacia\/cialis-soft-tabs\/\">\n            <link itemprop =\"availability\" href=\"https:\/\/schema.org\/InStock\">\n            <span itemprop=\"priceCurrency\" content=\"EUR\">\u20ac<\/span> <span itemprop=\"price\" content=\"83.27\">83.27<\/span><\/div><\/td>\n             <td data-title=\"Per Pillola\">\u20ac 2.78<\/td>\n             <td class=\"field-economy_default\" data-title=\"Risparmio\">\u20ac 28.2<\/td>\n             <td data-title=\"Bonus\">+ 4 pillole<\/td>\n             <td data-title=\"\">\n                <a href=\"?add-to-cart=2825\" class =\"buy-btn_default buy-btn ajax_add_to_cart add_to_cart_button\" rel=\"nofollow\" data-product_id = \"2825\">Compra<\/a>\n             <\/td>\n            <\/tr><tr>\n             <td data-title=\"Pacco\">20mg x 60 pillole<\/td>\n             <td data-title=\"Prezzo\"> <div itemprop=\"offers\" itemscope=\"itemscope\" itemtype=\"https:\/\/schema.org\/Offer\">\n            <span class=\"crossed_out_price\">\u20ac 223.18 \/<\/span>\n            <meta itemprop=\"url\" content =\"https:\/\/slowdentist.it\/farmacia\/cialis-soft-tabs\/\">\n            <link itemprop =\"availability\" href=\"https:\/\/schema.org\/InStock\">\n            <span itemprop=\"priceCurrency\" content=\"EUR\">\u20ac<\/span> <span itemprop=\"price\" content=\"151.78\">151.78<\/span><\/div><\/td>\n             <td data-title=\"Per Pillola\">\u20ac 2.53<\/td>\n             <td class=\"field-economy_default\" data-title=\"Risparmio\">\u20ac 71.4<\/td>\n             <td data-title=\"Bonus\">+ 4 pillole<\/td>\n             <td data-title=\"\">\n                <a href=\"?add-to-cart=2826\" class =\"buy-btn_default buy-btn ajax_add_to_cart add_to_cart_button\" rel=\"nofollow\" data-product_id = \"2826\">Compra<\/a>\n             <\/td>\n            <\/tr><tr>\n             <td data-title=\"Pacco\">20mg x 90 pillole<\/td>\n             <td data-title=\"Prezzo\"> <div itemprop=\"offers\" itemscope=\"itemscope\" itemtype=\"https:\/\/schema.org\/Offer\">\n            <span class=\"crossed_out_price\">\u20ac 335.09 \/<\/span>\n            <meta itemprop=\"url\" content =\"https:\/\/slowdentist.it\/farmacia\/cialis-soft-tabs\/\">\n            <link itemprop =\"availability\" href=\"https:\/\/schema.org\/InStock\">\n            <span itemprop=\"priceCurrency\" content=\"EUR\">\u20ac<\/span> <span itemprop=\"price\" content=\"206.39\">206.39<\/span><\/div><\/td>\n             <td data-title=\"Per Pillola\">\u20ac 2.29<\/td>\n             <td class=\"field-economy_default\" data-title=\"Risparmio\">\u20ac 128.7<\/td>\n             <td data-title=\"Bonus\">+ 6 pillole<\/td>\n             <td data-title=\"\">\n                <a href=\"?add-to-cart=2827\" class =\"buy-btn_default buy-btn ajax_add_to_cart add_to_cart_button\" rel=\"nofollow\" data-product_id = \"2827\">Compra<\/a>\n             <\/td>\n            <\/tr><tr>\n             <td data-title=\"Pacco\">20mg x 120 pillole<\/td>\n             <td data-title=\"Prezzo\"> <div itemprop=\"offers\" itemscope=\"itemscope\" itemtype=\"https:\/\/schema.org\/Offer\">\n            <span class=\"crossed_out_price\">\u20ac 446.8 \/<\/span>\n            <meta itemprop=\"url\" content =\"https:\/\/slowdentist.it\/farmacia\/cialis-soft-tabs\/\">\n            <link itemprop =\"availability\" href=\"https:\/\/schema.org\/InStock\">\n            <span itemprop=\"priceCurrency\" content=\"EUR\">\u20ac<\/span> <span itemprop=\"price\" content=\"236.8\">236.8<\/span><\/div><\/td>\n             <td data-title=\"Per Pillola\">\u20ac 1.97<\/td>\n             <td class=\"field-economy_default\" data-title=\"Risparmio\">\u20ac 210<\/td>\n             <td data-title=\"Bonus\">+ 6 pillole<\/td>\n             <td data-title=\"\">\n                <a href=\"?add-to-cart=2821\" class =\"buy-btn_default buy-btn ajax_add_to_cart add_to_cart_button\" rel=\"nofollow\" data-product_id = \"2821\">Compra<\/a>\n             <\/td>\n            <\/tr><tr>\n             <td data-title=\"Pacco\">20mg x 180 pillole<\/td>\n             <td data-title=\"Prezzo\"> <div itemprop=\"offers\" itemscope=\"itemscope\" itemtype=\"https:\/\/schema.org\/Offer\">\n            <span class=\"crossed_out_price\">\u20ac 669.35 \/<\/span>\n            <meta itemprop=\"url\" content =\"https:\/\/slowdentist.it\/farmacia\/cialis-soft-tabs\/\">\n            <link itemprop =\"availability\" href=\"https:\/\/schema.org\/InStock\">\n            <span itemprop=\"priceCurrency\" content=\"EUR\">\u20ac<\/span> <span itemprop=\"price\" content=\"336.35\">336.35<\/span><\/div><\/td>\n             <td data-title=\"Per Pillola\">\u20ac 1.87<\/td>\n             <td class=\"field-economy_default\" data-title=\"Risparmio\">\u20ac 333<\/td>\n             <td data-title=\"Bonus\">+ 8 pillole<\/td>\n             <td data-title=\"\">\n                <a href=\"?add-to-cart=2822\" class =\"buy-btn_default buy-btn ajax_add_to_cart add_to_cart_button\" rel=\"nofollow\" data-product_id = \"2822\">Compra<\/a>\n             <\/td>\n            <\/tr><tr>\n             <td data-title=\"Pacco\">20mg x 270 pillole<\/td>\n             <td data-title=\"Prezzo\"> <div itemprop=\"offers\" itemscope=\"itemscope\" itemtype=\"https:\/\/schema.org\/Offer\">\n            <span class=\"crossed_out_price\">\u20ac 1005.15 \/<\/span>\n            <meta itemprop=\"url\" content =\"https:\/\/slowdentist.it\/farmacia\/cialis-soft-tabs\/\">\n            <link itemprop =\"availability\" href=\"https:\/\/schema.org\/InStock\">\n            <span itemprop=\"priceCurrency\" content=\"EUR\">\u20ac<\/span> <span itemprop=\"price\" content=\"448.95\">448.95<\/span><\/div><\/td>\n             <td data-title=\"Per Pillola\">\u20ac 1.66<\/td>\n             <td class=\"field-economy_default\" data-title=\"Risparmio\">\u20ac 556.2<\/td>\n             <td data-title=\"Bonus\">+ 10 pillole<\/td>\n             <td data-title=\"\">\n                <a href=\"?add-to-cart=2824\" class =\"buy-btn_default buy-btn ajax_add_to_cart add_to_cart_button\" rel=\"nofollow\" data-product_id = \"2824\">Compra<\/a>\n             <\/td>\n            <\/tr><\/tbody> <\/table>\n            <\/div>\n        <\/div>\n    <\/div>\n\n\n<p><div class=\"letter\">\n<div class=\"letter-head\">\n<div class=\"letter-title heading-letter\">Esempio di busta<\/div>\n<div class=\"letter-pack\"><img src=\"\/farmacia\/wp-content\/uploads\/example-package.jpg\" alt=\"\" width=\"505\" height=\"105\"><\/div>\n<\/div>\n<div class=\"letter-desc\">Il tuo ordine sar\u00e0 imballato in modo sicuro e consegnato entro 24 ore. Questo \u00e8 l'aspetto dell'imballaggio (immagini reali dell'articolo inviato). Ha le dimensioni e l'aspetto di una normale lettera (24x11x0,7 cm) e non mancher\u00e0 il contenuto.<\/div>\n<\/div><br>\n<div class=\"delivery\">\n<div class=\"delivery-result\">\n<div class=\"delivery-unit\">\n<div class=\"delivery-unit-inner\">\n<div class=\"delivery-unit-type\">\n<div class=\"delivery-unit-label\">\n              Metodo di consegna<\/div>\n<div class=\"delivery-unit-value\">\n              Express<\/div>\n              <div class=\"delivery-unit-value\">\n              Post EU<\/div>\n<\/div>\n<div class=\"delivery-unit-term\">\n<div class=\"delivery-unit-label\">\n              Tempi di consegna<\/div>\n<div class=\"delivery-unit-value\">\n              4-11 giorni lavorativi<\/div>\n              <div class=\"delivery-unit-value\">\n              8-13 giorni<\/div>\n<\/div>\n<div class=\"delivery-unit-price\">\n<div class=\"delivery-unit-label\">\n              Prezzo<\/div>\n<div class=\"delivery-unit-sum\">\n              \u20ac 14.99<\/div>\n              <div class=\"delivery-unit-sum\">\n              \u20ac 00.00 (ordina da \u20ac 200)<\/div>\n<\/div>\n<\/div>\n<\/div>\n<\/div>\n<\/div>\n<div class=\"advant-list\">\n<div class=\"advant-list-item\">\n          Spedizione internazionale<\/div>\n<div class=\"advant-list-item\">\n          Protezione e sicurezza<\/div>\n<div class=\"advant-list-item\">\n          Imballaggio discreto<\/div>\n<div class=\"advant-list-item\">\n          Garanzia di privacy e anonimato<\/div>\n<div class=\"advant-list-item\">\n          Consegna del suo ordine entro 21 giorni<\/div>\n<div class=\"advant-list-item\">\n          Consegna assicurata al 100%.<\/div>\n<\/div><\/p>\n<div class=\"product-content\">\n<p><\/p>\n<\/div>\n\n\n<h2 class=\"wp-block-heading\">Cos&#8217;\u00e8 il Cialis Soft<\/h2>\n\n\n\n<p>I farmaci per la disfunzione erettile sono oggi molto popolari tra gli uomini di diverse categorie di et\u00e0. La ragione \u00e8 la loro alta efficienza, cos\u00ec come il rapido risultato, che si verifica entro 30 minuti dopo averli presi. Cialis Soft \u00e8 uno dei migliori prodotti sul mercato, in quanto ha un effetto delicato sul corpo. Il farmaco \u00e8 ideale per chi affronta il problema per la prima volta. Potete saperne di pi\u00f9 sulle caratteristiche del farmaco sul nostro sito web e ordinarlo in qualsiasi momento.&nbsp;<\/p>\n\n\n\n<h2 class=\"wp-block-heading\">Come posso decidere se prendere il Cialis Soft?&nbsp;<\/h2>\n\n\n\n<p>Cialis Soft \u00e8 leader nella sua categoria grazie alla sua formula migliorata. Il prodotto \u00e8 stato appositamente progettato per trattare efficacemente l&#8217;impotenza. In termini di propriet\u00e0, Cialis Soft non differisce dal farmaco originale per il ripristino del potere maschile, ma dimostra un costo pi\u00f9 attraente. Altri vantaggi del farmaco includono:&nbsp;<\/p>\n\n\n\n<ul>\n<li>delicato effetto del farmaco su organi e sistemi;&nbsp;<\/li>\n\n\n\n<li>penetra nel flusso sanguigno in pochi minuti;&nbsp;<\/li>\n\n\n\n<li>mantiene il dosaggio ottimale per lungo tempo;&nbsp;<\/li>\n\n\n\n<li>\u00e8 caratterizzato da un rischio minimo di reazioni avverse.&nbsp;<\/li>\n<\/ul>\n\n\n\n<p>Cialis Soft pu\u00f2 essere prescritto agli uomini che hanno problemi sessuali. Il prodotto si \u00e8 dimostrato un eccellente trattamento per l&#8217;impotenza, indipendentemente dal meccanismo della sua insorgenza.&nbsp;<\/p>\n\n\n\n<h2 class=\"wp-block-heading\">Come funziona Cialis Soft?<\/h2>\n\n\n\n<p>Un principio attivo chiamato Tadalafil \u00e8 stato utilizzato nella creazione di questo medicinale. Questo farmaco funziona sul principio di un bloccante FDE-5, che migliora la circolazione sanguigna nel pene. Di conseguenza, i corpi cavernosi cominciano a riempirsi di sangue, il che porta ad un&#8217;erezione solida e naturale. Per ottenere il risultato sar\u00e0 necessaria la stimolazione sessuale.&nbsp;<\/p>\n\n\n\n<p>La peculiarit\u00e0 del Cialis Soft \u00e8 un prolungato periodo di azione sul corpo. Un uomo pu\u00f2 fare l&#8217;amore pi\u00f9 volte durante il periodo di azione della droga, e il periodo di recupero tra i sessi si accorcia.&nbsp;<\/p>\n\n\n\n<h2 class=\"wp-block-heading\">Differenze dal Viagra<\/h2>\n\n\n\n<p>Il farmaco agisce sul corpo maschile nello stesso modo del Viagra originale. La differenza tra i farmaci sta nei principi attivi. Nella produzione del Viagra non si pu\u00f2 fare a meno del Sildenafil. Tra gli inibitori PDE di tipo 5 c&#8217;\u00e8 anche il Levitra per la presenza di Vardenafil nella composizione. Deve essere usato da pazienti che non sono adatti al Cialis o al Viagra.&nbsp;<\/p>\n\n\n\n<p>Il Cialis \u00e8 destinato sia all&#8217;uso regolare che occasionale. Il principio attivo continua ad agire sull&#8217;organismo per le 36 ore successive all&#8217;assunzione della pillola. Allo stesso tempo, l&#8217;azione del Sildenafil termina dopo 5 ore di assunzione della pillola. La scelta a favore del Cialis \u00e8 fatta da uomini che non vogliono pi\u00f9 fare sesso secondo un programma.&nbsp;<\/p>\n\n\n\n<h2 class=\"wp-block-heading\">Come si prende il Cialis Soft?&nbsp;<\/h2>\n\n\n\n<p>Cialis Soft \u00e8 disponibile in forma di pastiglia. Quando lo prendete, dovete masticarlo sotto la lingua, il che permette al principio attivo di penetrare pi\u00f9 velocemente nel flusso sanguigno. La compressa inizia ad agire sul corpo dopo 25 minuti dall&#8217;uso. Per il farmaco originale, ci vogliono fino a 60 minuti per avere l&#8217;effetto desiderato. Cialis Soft rimane nel corpo in alta concentrazione fino a 36 ore e durante questo tempo un uomo pu\u00f2 avere rapporti sessuali ripetuti con la sua partner.<\/p>\n\n\n\n<h3 class=\"wp-block-heading\">Cos&#8217;altro devi sapere prima di prenderlo<\/h3>\n\n\n\n<p>Si dovrebbe iniziare a prendere questo medicinale solo dopo aver preso un appuntamento con il medico. Sar\u00e0 il vostro medico che vi prescriver\u00e0 il dosaggio ottimale e che vi esaminer\u00e0 anche per escludere una reazione allergica al Tadalafil e ad altri ingredienti del farmaco. Cialis Soft non \u00e8 destinato ad essere preso da uomini a cui \u00e8 stata diagnosticata la malattia:&nbsp;<\/p>\n\n\n\n<ul>\n<li>malattie cardiache;&nbsp;<\/li>\n\n\n\n<li>pressione sanguigna alta o bassa;&nbsp;<\/li>\n\n\n\n<li>malattie renali o epatiche;&nbsp;<\/li>\n\n\n\n<li>ulcera gastrica;&nbsp;<\/li>\n\n\n\n<li>lenta coagulazione del sangue;&nbsp;<\/li>\n\n\n\n<li>malattia degli occhi.&nbsp;<\/li>\n<\/ul>\n\n\n\n<p>Il farmaco non \u00e8 adatto a uomini che hanno avuto un infarto o un ictus. Inoltre non \u00e8 prescritto per il sesso maschile con controindicazioni mediche alla vita sessuale attiva, cos\u00ec come per le deformit\u00e0 fisiche del pene.&nbsp;<\/p>\n\n\n\n<h3 class=\"wp-block-heading\">Raccomandazioni di dosaggio&nbsp;<\/h3>\n\n\n\n<p>La dose giornaliera del farmaco raggiunge i 20 mg, che corrisponde a una compressa. Il medico curante pu\u00f2 modificare il dosaggio, tenendo conto delle peculiarit\u00e0 del corpo del paziente, nonch\u00e9 del peso dell&#8217;uomo e della fase di disfunzione erettile. Per i principianti, il dosaggio ottimale sar\u00e0 di 10 mg, che corrisponde a mezza compressa.&nbsp;<\/p>\n\n\n\n<h3 class=\"wp-block-heading\">Interazione&nbsp;<\/h3>\n\n\n\n<p>La droga pu\u00f2 essere assunta con l&#8217;alcol. \u00c8 necessario assicurarsi che l&#8217;alcool sia consumato in piccole quantit\u00e0, altrimenti possono verificarsi effetti collaterali negli uomini. I pazienti che utilizzano altri farmaci per il trattamento di malattie devono informare il medico curante. Il Cialis non pu\u00f2 essere combinato con una serie di altri farmaci:&nbsp;<\/p>\n\n\n\n<ul>\n<li>farmaci medici con dentro dei nitrati;&nbsp;<\/li>\n\n\n\n<li>con effetto vasodilatatore;&nbsp;<\/li>\n\n\n\n<li>con i bloccanti FDE tipo 5;&nbsp;<\/li>\n\n\n\n<li>con proteasi bloccanti;&nbsp;<\/li>\n\n\n\n<li>con gli antibiotici.&nbsp;<\/li>\n<\/ul>\n\n\n\n<p>Per un elenco completo dei farmaci che non devono essere combinati con questo medicinale, chiedere al farmacista o al medico.&nbsp;<\/p>\n\n\n\n<h3 class=\"wp-block-heading\">Controindicazioni&nbsp;<\/h3>\n\n\n\n<p>Ci sono una serie di controindicazioni quando si assume il farmaco. Gli uomini con un&#8217;intolleranza individuale ai componenti che compongono il Cialis dovrebbero rifiutare il trattamento. Inoltre, il farmaco non \u00e8 prescritto agli uomini che hanno raggiunto gli 85 anni di et\u00e0. Ai minori \u00e8 severamente vietato il trattamento con Cialis Soft. Il farmaco non viene utilizzato da pazienti con gravi anomalie epatiche o renali. Per il trattamento delle disfunzioni sessuali nelle donne si utilizzano farmaci molto diversi.&nbsp;<\/p>\n\n\n\n<p>Le pillole possono influenzare la guida, quindi i conducenti devono prendere il farmaco con cautela.&nbsp;<\/p>\n\n\n\n<h3 class=\"wp-block-heading\">Possibili effetti collaterali&nbsp;<\/h3>\n\n\n\n<p>Il verificarsi di reazioni avverse durante l&#8217;assunzione del farmaco secondo le raccomandazioni del medico \u00e8 molto raro. Allo stesso tempo, il paziente deve attenersi al dosaggio individuale e non superare la norma senza consultare uno specialista. Gli effetti negativi comuni sono:&nbsp;<\/p>\n\n\n\n<ul>\n<li>emicranie;&nbsp;<\/li>\n\n\n\n<li>dolore muscolare;&nbsp;<\/li>\n\n\n\n<li>mancanza di respiro;&nbsp;<\/li>\n\n\n\n<li>disturbi visivi e uditivi;&nbsp;<\/li>\n\n\n\n<li>difficolt\u00e0 gastrica;&nbsp;<\/li>\n\n\n\n<li>nausea;&nbsp;<\/li>\n\n\n\n<li>naso soffocante.&nbsp;<\/li>\n<\/ul>\n\n\n\n<p>Se il paziente incontra qualche effetto collaterale, deve assolutamente ricorrere ai servizi di un medico per ottenere un trattamento sintomatico adeguato.&nbsp;<\/p>\n\n\n\n<h3 class=\"wp-block-heading\">Sovradosaggio<\/h3>\n\n\n\n<p>Durante il superamento della dose giornaliera, il paziente subisce gli stessi effetti collaterali che si verificano quando si utilizza una dose normale. L&#8217;unica differenza \u00e8 data dai sintomi pi\u00f9 pronunciati e dalla maggiore probabilit\u00e0 che si manifestino. Il paziente pu\u00f2 perdere conoscenza o sperimentare un&#8217;erezione dolorosa che dura per diverse ore ininterrottamente. In caso di overdose, \u00e8 necessario consultare immediatamente un medico.&nbsp;<\/p>\n\n\n\n<h3 class=\"wp-block-heading\">Regole di conservazione&nbsp;<\/h3>\n\n\n\n<p>Per la conservazione del prodotto \u00e8 adatto un luogo asciutto, con buona ventilazione e temperatura ambiente. Il luogo deve rimanere fuori dalla portata dei bambini. Non utilizzare il prodotto dopo 36 mesi dalla data di produzione.&nbsp;<\/p>\n\n\n\n<h3 class=\"wp-block-heading\">Responsabilit\u00e0 del negozio<\/h3>\n\n\n\n<p>Le informazioni fornite nella nostra farmacia online sono solo per riferimento individuale. Non pu\u00f2 sostituire un consulto professionale con il vostro medico. La somministrazione non pu\u00f2 essere ritenuta responsabile della salute del paziente durante l&#8217;automedicazione con Cialis Soft.<\/p>\n\n\n\n<div>\n<ul class=\"top-sale-nav\">\n<li class=\"top-sale-nav-item\">Prodotti popolari<\/li>\n<\/ul>\n<div class=\"top-sale-content\">\n<div class=\"top-sale-product-list\">\n<div class=\"row justify-content-center\">\n<div class=\"col-6 col-md-4 product-parent\">\n<div class=\"product-list-item\">\n<div class=\"product-item\">\n<div class=\"product-item-img\">\n             <a href=\"\/farmacia\/cialis-generico\/\"> <img decoding=\"async\" loading=\"lazy\" src=\"\/farmacia\/wp-content\/uploads\/wm\/cialis-generic.webp\" alt=\"Cialis Generico\" width=\"240\" height=\"180\"> <\/a><\/div>\n<div class=\"product-item-title\">\n<h2><a href=\"\/farmacia\/cialis-generico\/\" class=\"product-item-title-link\">Cialis Generico<\/a><\/h2>\n<\/div>\n<div class=\"product-item-pack\">\n            10mg | 20mg | 40mg | 60mg | 80mg<\/div>\n<div class=\"product-item-group\">\n<div class=\"product-item-price\">\n              <span class=\"product-item-cost\">\u20ac 2.85<\/span> a pillola<\/div>\n<div class=\"product-item-buy\">\n              <a href=\"\/farmacia\/cialis-generico\/\" class=\"product-item-btn\">Compra<\/a><\/div>\n<\/div>\n<\/div>\n<\/div>\n<\/div>\n<div class=\"col-6 col-md-4 product-parent\">\n<div class=\"product-list-item\">\n<div class=\"product-item\">\n<div class=\"product-item-img\">\n             <a href=\"\/farmacia\/viagra-generico\/\"> <img decoding=\"async\" loading=\"lazy\" src=\"\/farmacia\/wp-content\/uploads\/wm\/viagra-generic.webp\" alt=\"Viagra Generico\" width=\"240\" height=\"180\"> <\/a><\/div>\n<div class=\"product-item-title\">\n<h2><a href=\"\/farmacia\/viagra-generico\/\" class=\"product-item-title-link\">Viagra Generico<\/a><\/h2>\n<\/div>\n<div class=\"product-item-pack\">\n            25mg | 50mg | 100mg | 120mg | 130mg | 150mg | 200mg<\/div>\n<div class=\"product-item-group\">\n<div class=\"product-item-price\">\n              <span class=\"product-item-cost\">\u20ac 1.64<\/span> a pillola<\/div>\n<div class=\"product-item-buy\">\n              <a href=\"\/farmacia\/viagra-generico\/\" class=\"product-item-btn\">Compra<\/a><\/div>\n<\/div>\n<\/div>\n<\/div>\n<\/div>\n<div class=\"col-6 col-md-4 product-parent\">\n<div class=\"product-list-item\">\n<div class=\"product-item\">\n<div class=\"product-item-img\">\n             <a href=\"\/farmacia\/levitra-generico\/\"> <img decoding=\"async\" loading=\"lazy\" src=\"\/farmacia\/wp-content\/uploads\/wm\/levitra-generic.webp\" alt=\"Levitra Generico\" width=\"240\" height=\"180\"> <\/a><\/div>\n<div class=\"product-item-title\">\n<h2><a href=\"\/farmacia\/levitra-generico\/\" class=\"product-item-title-link\">Levitra Generico<\/a><\/h2>\n<\/div>\n<div class=\"product-item-pack\">\n            10mg | 20mg | 40mg | 60mg<\/div>\n<div class=\"product-item-group\">\n<div class=\"product-item-price\">\n              <span class=\"product-item-cost\">\u20ac 2.59<\/span> a pillola<\/div>\n<div class=\"product-item-buy\">\n              <a href=\"\/farmacia\/levitra-generico\/\" class=\"product-item-btn\">Compra<\/a><\/div>\n<\/div>\n<\/div>\n<\/div>\n<\/div>\n<\/div>\n<\/div>\n<\/div>\n<\/div>","protected":false},"excerpt":{"rendered":"<p>Cialis Soft Tabs senza ricetta in Italia Il farmaco ha la capacit\u00e0 di trattare in modo produttivo l&#8217;impotenza sessuale negli<\/p>\n","protected":false},"author":3,"featured_media":0,"parent":0,"menu_order":0,"comment_status":"closed","ping_status":"closed","template":"","meta":[],"_links":{"self":[{"href":"https:\/\/slowdentist.it\/farmacia\/wp-json\/wp\/v2\/pages\/743"}],"collection":[{"href":"https:\/\/slowdentist.it\/farmacia\/wp-json\/wp\/v2\/pages"}],"about":[{"href":"https:\/\/slowdentist.it\/farmacia\/wp-json\/wp\/v2\/types\/page"}],"author":[{"embeddable":true,"href":"https:\/\/slowdentist.it\/farmacia\/wp-json\/wp\/v2\/users\/3"}],"replies":[{"embeddable":true,"href":"https:\/\/slowdentist.it\/farmacia\/wp-json\/wp\/v2\/comments?post=743"}],"version-history":[{"count":14,"href":"https:\/\/slowdentist.it\/farmacia\/wp-json\/wp\/v2\/pages\/743\/revisions"}],"predecessor-version":[{"id":6309,"href":"https:\/\/slowdentist.it\/farmacia\/wp-json\/wp\/v2\/pages\/743\/revisions\/6309"}],"wp:attachment":[{"href":"https:\/\/slowdentist.it\/farmacia\/wp-json\/wp\/v2\/media?parent=743"}],"curies":[{"name":"wp","href":"https:\/\/api.w.org\/{rel}","templated":true}]}}