{"id":744,"date":"2021-12-06T09:45:06","date_gmt":"2021-12-06T08:45:06","guid":{"rendered":"https:\/\/slowdentist.it\/farmacia\/?page_id=744"},"modified":"2024-10-22T14:05:38","modified_gmt":"2024-10-22T13:05:38","slug":"cialis-super-active","status":"publish","type":"page","link":"https:\/\/slowdentist.it\/farmacia\/cialis-super-active\/","title":{"rendered":"Cialis Super Active"},"content":{"rendered":"<div class=\"product-info\">\n<div class=\"row\">\n<div class=\"col-sm-4\"><img decoding=\"async\" src=\"\/farmacia\/wp-content\/uploads\/wm\/cialis-super-active.webp\" alt=\"Cialis Super Active foto\"><\/div>\n<div class=\"col-sm-8\">\n<h1 class=\"product-h1\">Cialis Super Active senza ricetta in Italia<\/h1>\n<div class=\"product-description\">\n<p>Cialis Super Active \u00e8 uno dei farmaci pi\u00f9 efficaci e popolari sul mercato dei farmaci per combattere la disfunzione erettile. Pu\u00f2 essere utilizzato in diversi stadi della malattia. Nel nostro catalogo, \u00e8 possibile acquistare Super Active in qualsiasi momento conveniente. Per fare questo, basta compilare un modulo online e confermare l&#8217;ordine. \u00c8 possibile acquistare mezzi per combattere l&#8217;impotenza sessuale senza prescrizione medica. Allo stesso tempo, sar\u00e0 obbligatorio consultare il vostro medico.<\/p>\n<\/div>\n<div>\n<div class=\"row\">\n<div class=\"col-sm-6\">\n<div class=\"col-margin\">\n<ul class=\"ul-feature-list\">\n \t<li class=\"feature-list\">Insorgenza rapida dell'azione<\/li>\n \t<li class=\"feature-list\">Effetto di lunga durata<\/li>\n<\/ul>\n<\/div>\n<br>\n<div class=\"col-margin\"><img src=\"\/farmacia\/wp-content\/uploads\/img-footer-logo-04.png\" alt=\"\"><\/div>\n<\/div>\n<div class=\"col-sm-6\">\n<div class=\"col-margin\">\n<ul class=\"ul-feature-list\">\n \t<li class=\"feature-list\">Transazione Sicura<\/li>\n \t<li class=\"feature-list\">Visita i link dei certificati nella pagina di Checkout<\/li>\n<\/ul>\n<\/div>\n<div class=\"col-margin\"><img class=\"img-payment\" src=\"\/farmacia\/wp-content\/uploads\/payment-methods.png\" alt=\"Payment Methods\"><\/div>\n<\/div>\n<\/div>\n<\/div>\n<\/div>\n<\/div>\n<\/div>\n\n\n<div class=\"tab\" data-sort = \"asc\"><button class=\"tablinks tablinks_default active\" data-target = \"tab-20\">20mg<\/button><\/div><div id =\"tab-20\" class = \"tabcontent active\" >\n            <div class=\"table-container\">\n                <div id=\"shop-prod-table\">\n                <table class=\"table\">\n                <caption><h2> Cialis Super Active  20mg<\/h2><\/caption>\n                <thead>\n                       <tr class=\"table-header_default\">\n                                <th scope =\"col\">Pacco<\/th>\n                                <th scope =\"col\">Prezzo<\/th>\n                                <th scope =\"col\">Per Pillola<\/th>\n                                <th scope =\"col\">Risparmio<\/th>\n                                <th scope =\"col\">Bonus<\/th>\n                                <th scope =\"col\"><\/th>\n                        <\/tr>\n                <\/thead><tbody><tr>\n             <td data-title=\"Pacco\">20mg x 10 pillole<\/td>\n             <td data-title=\"Prezzo\"> <div itemprop=\"offers\" itemscope=\"itemscope\" itemtype=\"https:\/\/schema.org\/Offer\">\n            \n            <meta itemprop=\"url\" content =\"https:\/\/slowdentist.it\/farmacia\/cialis-super-active\/\">\n            <link itemprop =\"availability\" href=\"https:\/\/schema.org\/InStock\">\n            <span itemprop=\"priceCurrency\" content=\"EUR\">\u20ac<\/span> <span itemprop=\"price\" content=\"52.99\">52.99<\/span><\/div><\/td>\n             <td data-title=\"Per Pillola\">\u20ac 5.3<\/td>\n             <td class=\"field-economy_default\" data-title=\"Risparmio\">\u20ac 0<\/td>\n             <td data-title=\"Bonus\">-<\/td>\n             <td data-title=\"\">\n                <a href=\"?add-to-cart=2828\" class =\"buy-btn_default buy-btn ajax_add_to_cart add_to_cart_button\" rel=\"nofollow\" data-product_id = \"2828\">Compra<\/a>\n             <\/td>\n            <\/tr><tr>\n             <td data-title=\"Pacco\">20mg x 20 pillole<\/td>\n             <td data-title=\"Prezzo\"> <div itemprop=\"offers\" itemscope=\"itemscope\" itemtype=\"https:\/\/schema.org\/Offer\">\n            <span class=\"crossed_out_price\">\u20ac 105.95 \/<\/span>\n            <meta itemprop=\"url\" content =\"https:\/\/slowdentist.it\/farmacia\/cialis-super-active\/\">\n            <link itemprop =\"availability\" href=\"https:\/\/schema.org\/InStock\">\n            <span itemprop=\"priceCurrency\" content=\"EUR\">\u20ac<\/span> <span itemprop=\"price\" content=\"87.95\">87.95<\/span><\/div><\/td>\n             <td data-title=\"Per Pillola\">\u20ac 4.4<\/td>\n             <td class=\"field-economy_default\" data-title=\"Risparmio\">\u20ac 18<\/td>\n             <td data-title=\"Bonus\">+ 4 pillole<\/td>\n             <td data-title=\"\">\n                <a href=\"?add-to-cart=2831\" class =\"buy-btn_default buy-btn ajax_add_to_cart add_to_cart_button\" rel=\"nofollow\" data-product_id = \"2831\">Compra<\/a>\n             <\/td>\n            <\/tr><tr>\n             <td data-title=\"Pacco\">20mg x 30 pillole<\/td>\n             <td data-title=\"Prezzo\"> <div itemprop=\"offers\" itemscope=\"itemscope\" itemtype=\"https:\/\/schema.org\/Offer\">\n            <span class=\"crossed_out_price\">\u20ac 158.89 \/<\/span>\n            <meta itemprop=\"url\" content =\"https:\/\/slowdentist.it\/farmacia\/cialis-super-active\/\">\n            <link itemprop =\"availability\" href=\"https:\/\/schema.org\/InStock\">\n            <span itemprop=\"priceCurrency\" content=\"EUR\">\u20ac<\/span> <span itemprop=\"price\" content=\"121.99\">121.99<\/span><\/div><\/td>\n             <td data-title=\"Per Pillola\">\u20ac 4.07<\/td>\n             <td class=\"field-economy_default\" data-title=\"Risparmio\">\u20ac 36.9<\/td>\n             <td data-title=\"Bonus\">+ 6 pillole<\/td>\n             <td data-title=\"\">\n                <a href=\"?add-to-cart=2833\" class =\"buy-btn_default buy-btn ajax_add_to_cart add_to_cart_button\" rel=\"nofollow\" data-product_id = \"2833\">Compra<\/a>\n             <\/td>\n            <\/tr><tr>\n             <td data-title=\"Pacco\">20mg x 60 pillole<\/td>\n             <td data-title=\"Prezzo\"> <div itemprop=\"offers\" itemscope=\"itemscope\" itemtype=\"https:\/\/schema.org\/Offer\">\n            <span class=\"crossed_out_price\">\u20ac 317.75 \/<\/span>\n            <meta itemprop=\"url\" content =\"https:\/\/slowdentist.it\/farmacia\/cialis-super-active\/\">\n            <link itemprop =\"availability\" href=\"https:\/\/schema.org\/InStock\">\n            <span itemprop=\"priceCurrency\" content=\"EUR\">\u20ac<\/span> <span itemprop=\"price\" content=\"219.35\">219.35<\/span><\/div><\/td>\n             <td data-title=\"Per Pillola\">\u20ac 3.66<\/td>\n             <td class=\"field-economy_default\" data-title=\"Risparmio\">\u20ac 98.4<\/td>\n             <td data-title=\"Bonus\">+ 8 pillole<\/td>\n             <td data-title=\"\">\n                <a href=\"?add-to-cart=2834\" class =\"buy-btn_default buy-btn ajax_add_to_cart add_to_cart_button\" rel=\"nofollow\" data-product_id = \"2834\">Compra<\/a>\n             <\/td>\n            <\/tr><tr>\n             <td data-title=\"Pacco\">20mg x 90 pillole<\/td>\n             <td data-title=\"Prezzo\"> <div itemprop=\"offers\" itemscope=\"itemscope\" itemtype=\"https:\/\/schema.org\/Offer\">\n            <span class=\"crossed_out_price\">\u20ac 477.38 \/<\/span>\n            <meta itemprop=\"url\" content =\"https:\/\/slowdentist.it\/farmacia\/cialis-super-active\/\">\n            <link itemprop =\"availability\" href=\"https:\/\/schema.org\/InStock\">\n            <span itemprop=\"priceCurrency\" content=\"EUR\">\u20ac<\/span> <span itemprop=\"price\" content=\"299.18\">299.18<\/span><\/div><\/td>\n             <td data-title=\"Per Pillola\">\u20ac 3.32<\/td>\n             <td class=\"field-economy_default\" data-title=\"Risparmio\">\u20ac 178.2<\/td>\n             <td data-title=\"Bonus\">+ 10 pillole<\/td>\n             <td data-title=\"\">\n                <a href=\"?add-to-cart=2835\" class =\"buy-btn_default buy-btn ajax_add_to_cart add_to_cart_button\" rel=\"nofollow\" data-product_id = \"2835\">Compra<\/a>\n             <\/td>\n            <\/tr><tr>\n             <td data-title=\"Pacco\">20mg x 120 pillole<\/td>\n             <td data-title=\"Prezzo\"> <div itemprop=\"offers\" itemscope=\"itemscope\" itemtype=\"https:\/\/schema.org\/Offer\">\n            <span class=\"crossed_out_price\">\u20ac 636.35 \/<\/span>\n            <meta itemprop=\"url\" content =\"https:\/\/slowdentist.it\/farmacia\/cialis-super-active\/\">\n            <link itemprop =\"availability\" href=\"https:\/\/schema.org\/InStock\">\n            <span itemprop=\"priceCurrency\" content=\"EUR\">\u20ac<\/span> <span itemprop=\"price\" content=\"363.95\">363.95<\/span><\/div><\/td>\n             <td data-title=\"Per Pillola\">\u20ac 3.03<\/td>\n             <td class=\"field-economy_default\" data-title=\"Risparmio\">\u20ac 272.4<\/td>\n             <td data-title=\"Bonus\">+ 16 pillole<\/td>\n             <td data-title=\"\">\n                <a href=\"?add-to-cart=2829\" class =\"buy-btn_default buy-btn ajax_add_to_cart add_to_cart_button\" rel=\"nofollow\" data-product_id = \"2829\">Compra<\/a>\n             <\/td>\n            <\/tr><tr>\n             <td data-title=\"Pacco\">20mg x 180 pillole<\/td>\n             <td data-title=\"Prezzo\"> <div itemprop=\"offers\" itemscope=\"itemscope\" itemtype=\"https:\/\/schema.org\/Offer\">\n            <span class=\"crossed_out_price\">\u20ac 953.95 \/<\/span>\n            <meta itemprop=\"url\" content =\"https:\/\/slowdentist.it\/farmacia\/cialis-super-active\/\">\n            <link itemprop =\"availability\" href=\"https:\/\/schema.org\/InStock\">\n            <span itemprop=\"priceCurrency\" content=\"EUR\">\u20ac<\/span> <span itemprop=\"price\" content=\"496.75\">496.75<\/span><\/div><\/td>\n             <td data-title=\"Per Pillola\">\u20ac 2.76<\/td>\n             <td class=\"field-economy_default\" data-title=\"Risparmio\">\u20ac 457.2<\/td>\n             <td data-title=\"Bonus\">+ 20 pillole<\/td>\n             <td data-title=\"\">\n                <a href=\"?add-to-cart=2830\" class =\"buy-btn_default buy-btn ajax_add_to_cart add_to_cart_button\" rel=\"nofollow\" data-product_id = \"2830\">Compra<\/a>\n             <\/td>\n            <\/tr><tr>\n             <td data-title=\"Pacco\">20mg x 270 pillole<\/td>\n             <td data-title=\"Prezzo\"> <div itemprop=\"offers\" itemscope=\"itemscope\" itemtype=\"https:\/\/schema.org\/Offer\">\n            <span class=\"crossed_out_price\">\u20ac 1431.89 \/<\/span>\n            <meta itemprop=\"url\" content =\"https:\/\/slowdentist.it\/farmacia\/cialis-super-active\/\">\n            <link itemprop =\"availability\" href=\"https:\/\/schema.org\/InStock\">\n            <span itemprop=\"priceCurrency\" content=\"EUR\">\u20ac<\/span> <span itemprop=\"price\" content=\"629.99\">629.99<\/span><\/div><\/td>\n             <td data-title=\"Per Pillola\">\u20ac 2.33<\/td>\n             <td class=\"field-economy_default\" data-title=\"Risparmio\">\u20ac 801.9<\/td>\n             <td data-title=\"Bonus\">+ 30 pillole<\/td>\n             <td data-title=\"\">\n                <a href=\"?add-to-cart=2832\" class =\"buy-btn_default buy-btn ajax_add_to_cart add_to_cart_button\" rel=\"nofollow\" data-product_id = \"2832\">Compra<\/a>\n             <\/td>\n            <\/tr><\/tbody> <\/table>\n            <\/div>\n        <\/div>\n    <\/div>\n\n\n<p><div class=\"letter\">\n<div class=\"letter-head\">\n<div class=\"letter-title heading-letter\">Esempio di busta<\/div>\n<div class=\"letter-pack\"><img src=\"\/farmacia\/wp-content\/uploads\/example-package.jpg\" alt=\"\" width=\"505\" height=\"105\"><\/div>\n<\/div>\n<div class=\"letter-desc\">Il tuo ordine sar\u00e0 imballato in modo sicuro e consegnato entro 24 ore. Questo \u00e8 l'aspetto dell'imballaggio (immagini reali dell'articolo inviato). Ha le dimensioni e l'aspetto di una normale lettera (24x11x0,7 cm) e non mancher\u00e0 il contenuto.<\/div>\n<\/div><br>\n<div class=\"delivery\">\n<div class=\"delivery-result\">\n<div class=\"delivery-unit\">\n<div class=\"delivery-unit-inner\">\n<div class=\"delivery-unit-type\">\n<div class=\"delivery-unit-label\">\n              Metodo di consegna<\/div>\n<div class=\"delivery-unit-value\">\n              Express<\/div>\n              <div class=\"delivery-unit-value\">\n              Post EU<\/div>\n<\/div>\n<div class=\"delivery-unit-term\">\n<div class=\"delivery-unit-label\">\n              Tempi di consegna<\/div>\n<div class=\"delivery-unit-value\">\n              4-11 giorni lavorativi<\/div>\n              <div class=\"delivery-unit-value\">\n              8-13 giorni<\/div>\n<\/div>\n<div class=\"delivery-unit-price\">\n<div class=\"delivery-unit-label\">\n              Prezzo<\/div>\n<div class=\"delivery-unit-sum\">\n              \u20ac 14.99<\/div>\n              <div class=\"delivery-unit-sum\">\n              \u20ac 00.00 (ordina da \u20ac 200)<\/div>\n<\/div>\n<\/div>\n<\/div>\n<\/div>\n<\/div>\n<div class=\"advant-list\">\n<div class=\"advant-list-item\">\n          Spedizione internazionale<\/div>\n<div class=\"advant-list-item\">\n          Protezione e sicurezza<\/div>\n<div class=\"advant-list-item\">\n          Imballaggio discreto<\/div>\n<div class=\"advant-list-item\">\n          Garanzia di privacy e anonimato<\/div>\n<div class=\"advant-list-item\">\n          Consegna del suo ordine entro 21 giorni<\/div>\n<div class=\"advant-list-item\">\n          Consegna assicurata al 100%.<\/div>\n<\/div><\/p>\n<div class=\"product-content\">\n<p><\/p>\n<\/div>\n\n\n<h2 class=\"wp-block-heading\">Cos&#8217;\u00e8 il Cialis Super Active<\/h2>\n\n\n\n<p>L&#8217;uomo moderno si trova costantemente di fronte a fattori negativi causati da un ambiente povero, da un alto livello di sforzo fisico o da una cattiva alimentazione. Tutto questo pu\u00f2 portare a problemi a letto e alla perdita di fiducia nelle proprie capacit\u00e0. I nostri specialisti sono sempre lieti di offrirvi farmaci di qualit\u00e0 che vi aiuteranno a eliminare la disfunzione erettile. Tra questi, segnaliamo il Cialis Super Active, che ha ricevuto molti riscontri positivi. Il farmaco ha un&#8217;elevata velocit\u00e0 d&#8217;azione e un effetto stabile sotto forma di una potente erezione per un lungo periodo di tempo.&nbsp;<\/p>\n\n\n\n<h3 class=\"wp-block-heading\">Caratteristiche di Cialis Super Active&nbsp;<\/h3>\n\n\n\n<p>Il vantaggio del farmaco \u00e8 la formula innovativa che ne \u00e8 alla base. Cialis Super Active pu\u00f2 aiutare gli uomini con potenza ridotta a qualsiasi et\u00e0. Si differenzia dagli altri farmaci della sua categoria per l&#8217;alta velocit\u00e0 di assorbimento del sangue e per il mantenimento dell&#8217;effetto fino a 48 ore. Il Super Attivo ha un lieve meccanismo d&#8217;azione.&nbsp;<\/p>\n\n\n\n<h2 class=\"wp-block-heading\">Come funziona il farmaco<\/h2>\n\n\n\n<p>Il componente attivo del farmaco \u00e8 il Tadalafil. La sostanza aiuta a bloccare la PDE5, che impedisce all&#8217;enzima di impedire il rilascio di azoto nei tessuti degli organi pelvici. Di conseguenza, i muscoli lisci si rilassano, il che porta ad un potente afflusso di sangue al pene. L&#8217;erezione risultante dura fino alla fine del rapporto sessuale. L&#8217;eccitazione \u00e8 impossibile senza la stimolazione erotica, quindi si pu\u00f2 prendere la pillola e andare in citt\u00e0 per affari senza paura di avere un&#8217;erezione inaspettata.&nbsp;<\/p>\n\n\n\n<h2 class=\"wp-block-heading\">Differenze dal Viagra<\/h2>\n\n\n\n<p>Viagra, Levitra e Cialis Super Active appartengono alla stessa categoria di farmaci la cui azione \u00e8 volta ad inibire la PDE di tipo 5. La differenza tra i farmaci sta nel principio attivo. Il rilascio di Levitra richiede la sostanza Vardenafil. Il principio attivo del Viagra \u00e8 il Sildenafil. La differenza tra il farmaco Cialis Super Active e il Viagra risiede anche nelle seguenti caratteristiche:&nbsp;<\/p>\n\n\n\n<ul>\n<li>situazione o di uso quotidiano;&nbsp;<\/li>\n\n\n\n<li>un lungo periodo di esposizione al corpo;&nbsp;<\/li>\n\n\n\n<li>minima probabilit\u00e0 di reazioni avverse.&nbsp;<\/li>\n<\/ul>\n\n\n\n<p>Al giorno d&#8217;oggi, il nostro farmaco \u00e8 una delle migliori medicine per i rappresentanti del sesso forte che non vogliono fare sesso secondo un programma. Il farmaco non pu\u00f2 diventare una dipendenza e non riduce la qualit\u00e0 dello sperma durante il corso.&nbsp;<\/p>\n\n\n\n<h2 class=\"wp-block-heading\">Raccomandazioni per l&#8217;ammissione&nbsp;<\/h2>\n\n\n\n<p>Il dosaggio raccomandato \u00e8 di 20 mg. Questa quantit\u00e0 di farmaco deve essere assunta 30 minuti prima del sesso. Il principio attivo ha un alto tasso di assorbimento, dopo di che la sua concentrazione rimane sufficiente per rapporti sessuali ripetuti per 36-48 ore. Il dosaggio individuale pu\u00f2 essere prescritto solo dal medico curante. Pu\u00f2 anche consigliare un corso di 30-60 giorni.&nbsp;<\/p>\n\n\n\n<h3 class=\"wp-block-heading\">Cos&#8217;altro \u00e8 necessario sapere prima di prendere il farmaco&nbsp;<\/h3>\n\n\n\n<p>Il farmaco non \u00e8 adatto a pazienti con i seguenti problemi di salute:&nbsp;<\/p>\n\n\n\n<ul>\n<li>malattie cardiache;&nbsp;<\/li>\n\n\n\n<li>bassa pressione sanguigna;&nbsp;<\/li>\n\n\n\n<li>insufficienza renale, epatica e cardiaca;&nbsp;<\/li>\n\n\n\n<li>un recente attacco di cuore o un ictus.&nbsp;<\/li>\n<\/ul>\n\n\n\n<p>Tra le controindicazioni alla somministrazione del farmaco, vale la pena di notare la combinazione con altri farmaci che bloccano l&#8217;azione della FDE-5. Inoltre, il farmaco non \u00e8 adatto per la co-somministrazione con i nitrati utilizzati per scopi medici. Cialis Super Active non viene prescritto ai pazienti che hanno gi\u00e0 sperimentato il priapismo o che hanno una predisposizione ad esso. Il prodotto non \u00e8 prescritto nemmeno in caso di deformazioni fisiche del pene.&nbsp;<\/p>\n\n\n\n<h3 class=\"wp-block-heading\">Dosaggio&nbsp;<\/h3>\n\n\n\n<p>La dose giornaliera del farmaco \u00e8 di 20 mg del principio attivo. Quando si assume il farmaco per la prima volta, \u00e8 possibile utilizzare la met\u00e0 della quantit\u00e0 indicata per controllare l&#8217;effetto del farmaco sul corpo. La dose giornaliera pu\u00f2 essere modificata solo dal medico curante, che effettuer\u00e0 tutti gli esami necessari.&nbsp;<\/p>\n\n\n\n<h3 class=\"wp-block-heading\">Interazione con alcol e altri farmaci<\/h3>\n\n\n\n<p>\u00c8 possibile assumere il Cialis Super Active insieme all&#8217;alcol, a condizione che la quantit\u00e0 di alcol utilizzata sia piccola. Se si abusa di alcol, si possono verificare vertigini, ipotensione o svenimenti. All&#8217;appuntamento con il medico, dovreste elencare gli altri farmaci che il paziente sta utilizzando. In particolare, il Cialis non deve essere assunto con farmaci per la pressione sanguigna, farmaci per l&#8217;HIV, donatori di azoto e antibiotici. Alcuni farmaci antimicotici possono avere effetti negativi.&nbsp;<\/p>\n\n\n\n<h3 class=\"wp-block-heading\">Controindicazioni&nbsp;<\/h3>\n\n\n\n<p>La controindicazione principale all&#8217;assunzione del farmaco \u00e8 l&#8217;allergia al principio attivo o ad altre sostanze contenute nel farmaco. Non dovreste prendere il Cialis Super Active se siete minorenni o se avete pi\u00f9 di 60 anni. Il farmaco \u00e8 in grado di influenzare la guida dei veicoli a motore. Per questo motivo, i conducenti, i piloti, i controllori del traffico aereo e le altre categorie di professionisti che hanno bisogno di una concentrazione e di una velocit\u00e0 di reazione costanti devono assumere il farmaco con cautela.&nbsp;<\/p>\n\n\n\n<h3 class=\"wp-block-heading\">Effetti collaterali&nbsp;<\/h3>\n\n\n\n<p>Super Active Cialis \u00e8 noto per il fatto che la probabilit\u00e0 di effetti collaterali sar\u00e0 minima se si seguono le raccomandazioni del medico. Si dovrebbe anche rifiutare di prendere il farmaco se si hanno controindicazioni. Le reazioni avverse pi\u00f9 comuni rimangono:&nbsp;<\/p>\n\n\n\n<ul>\n<li>emicranie;&nbsp;<\/li>\n\n\n\n<li>stato di svenimento;&nbsp;<\/li>\n\n\n\n<li>reazione allergica;&nbsp;<\/li>\n\n\n\n<li>macchie rosse sul viso;&nbsp;<\/li>\n\n\n\n<li>stato di sonnolenza;&nbsp;<\/li>\n\n\n\n<li>dolore ai muscoli e alle articolazioni.&nbsp;<\/li>\n<\/ul>\n\n\n\n<p>Gli effetti negativi sono assenti o deboli e di natura intermittente. Se si verificano, dovreste smettere di prendere il farmaco e consultare il vostro medico.&nbsp;<\/p>\n\n\n\n<h3 class=\"wp-block-heading\">C&#8217;\u00e8 la possibilit\u00e0 di un&#8217;overdose?&nbsp;<\/h3>\n\n\n\n<p>Un sovradosaggio pu\u00f2 essere causato dal superamento della dose giornaliera raccomandata o da un uso giornaliero prolungato di Cialis. Le manifestazioni di sovradosaggio sono reazioni negative, che possono verificarsi anche se si assume correttamente. L&#8217;unica differenza \u00e8 l&#8217;aumento della probabilit\u00e0 che si verifichino in caso di sovradosaggio. In caso di sovradosaggio, consultare immediatamente un medico.&nbsp;<\/p>\n\n\n\n<h3 class=\"wp-block-heading\">Come conservare correttamente il Cialis&nbsp;<\/h3>\n\n\n\n<p>Conservare il preparato nella confezione originale in un luogo inaccessibile per bambini e animali domestici. Le condizioni ottimali per la conservazione della qualit\u00e0 del prodotto sono l&#8217;umidit\u00e0 minima e la temperatura di 30 gradi Celsius.&nbsp;<\/p>\n\n\n\n<h3 class=\"wp-block-heading\">Responsabilit\u00e0 del venditore<\/h3>\n\n\n\n<p>Cialis Super Active deve essere usato solo se raccomandato dal medico. Tutte le informazioni contenute in questo sito web sono a solo scopo informativo. L&#8217;autotrattamento pu\u00f2 essere dannoso per la salute.<\/p>\n\n\n\n<div>\n<ul class=\"top-sale-nav\">\n<li class=\"top-sale-nav-item\">Prodotti popolari<\/li>\n<\/ul>\n<div class=\"top-sale-content\">\n<div class=\"top-sale-product-list\">\n<div class=\"row justify-content-center\">\n<div class=\"col-6 col-md-4 product-parent\">\n<div class=\"product-list-item\">\n<div class=\"product-item\">\n<div class=\"product-item-img\">\n             <a href=\"\/farmacia\/cialis-generico\/\"> <img decoding=\"async\" loading=\"lazy\" src=\"\/farmacia\/wp-content\/uploads\/wm\/cialis-generic.webp\" alt=\"Cialis Generico\" width=\"240\" height=\"180\"> <\/a><\/div>\n<div class=\"product-item-title\">\n<h2><a href=\"\/farmacia\/cialis-generico\/\" class=\"product-item-title-link\">Cialis Generico<\/a><\/h2>\n<\/div>\n<div class=\"product-item-pack\">\n            10mg | 20mg | 40mg | 60mg | 80mg<\/div>\n<div class=\"product-item-group\">\n<div class=\"product-item-price\">\n              <span class=\"product-item-cost\">\u20ac 2.85<\/span> a pillola<\/div>\n<div class=\"product-item-buy\">\n              <a href=\"\/farmacia\/cialis-generico\/\" class=\"product-item-btn\">Compra<\/a><\/div>\n<\/div>\n<\/div>\n<\/div>\n<\/div>\n<div class=\"col-6 col-md-4 product-parent\">\n<div class=\"product-list-item\">\n<div class=\"product-item\">\n<div class=\"product-item-img\">\n             <a href=\"\/farmacia\/viagra-generico\/\"> <img decoding=\"async\" loading=\"lazy\" src=\"\/farmacia\/wp-content\/uploads\/wm\/viagra-generic.webp\" alt=\"Viagra Generico\" width=\"240\" height=\"180\"> <\/a><\/div>\n<div class=\"product-item-title\">\n<h2><a href=\"\/farmacia\/viagra-generico\/\" class=\"product-item-title-link\">Viagra Generico<\/a><\/h2>\n<\/div>\n<div class=\"product-item-pack\">\n            25mg | 50mg | 100mg | 120mg | 130mg | 150mg | 200mg<\/div>\n<div class=\"product-item-group\">\n<div class=\"product-item-price\">\n              <span class=\"product-item-cost\">\u20ac 1.64<\/span> a pillola<\/div>\n<div class=\"product-item-buy\">\n              <a href=\"\/farmacia\/viagra-generico\/\" class=\"product-item-btn\">Compra<\/a><\/div>\n<\/div>\n<\/div>\n<\/div>\n<\/div>\n<div class=\"col-6 col-md-4 product-parent\">\n<div class=\"product-list-item\">\n<div class=\"product-item\">\n<div class=\"product-item-img\">\n             <a href=\"\/farmacia\/levitra-generico\/\"> <img decoding=\"async\" loading=\"lazy\" src=\"\/farmacia\/wp-content\/uploads\/wm\/levitra-generic.webp\" alt=\"Levitra Generico\" width=\"240\" height=\"180\"> <\/a><\/div>\n<div class=\"product-item-title\">\n<h2><a href=\"\/farmacia\/levitra-generico\/\" class=\"product-item-title-link\">Levitra Generico<\/a><\/h2>\n<\/div>\n<div class=\"product-item-pack\">\n            10mg | 20mg | 40mg | 60mg<\/div>\n<div class=\"product-item-group\">\n<div class=\"product-item-price\">\n              <span class=\"product-item-cost\">\u20ac 2.59<\/span> a pillola<\/div>\n<div class=\"product-item-buy\">\n              <a href=\"\/farmacia\/levitra-generico\/\" class=\"product-item-btn\">Compra<\/a><\/div>\n<\/div>\n<\/div>\n<\/div>\n<\/div>\n<\/div>\n<\/div>\n<\/div>\n<\/div>","protected":false},"excerpt":{"rendered":"<p>Cialis Super Active senza ricetta in Italia Cialis Super Active \u00e8 uno dei farmaci pi\u00f9 efficaci e popolari sul mercato<\/p>\n","protected":false},"author":3,"featured_media":0,"parent":0,"menu_order":0,"comment_status":"closed","ping_status":"closed","template":"","meta":[],"_links":{"self":[{"href":"https:\/\/slowdentist.it\/farmacia\/wp-json\/wp\/v2\/pages\/744"}],"collection":[{"href":"https:\/\/slowdentist.it\/farmacia\/wp-json\/wp\/v2\/pages"}],"about":[{"href":"https:\/\/slowdentist.it\/farmacia\/wp-json\/wp\/v2\/types\/page"}],"author":[{"embeddable":true,"href":"https:\/\/slowdentist.it\/farmacia\/wp-json\/wp\/v2\/users\/3"}],"replies":[{"embeddable":true,"href":"https:\/\/slowdentist.it\/farmacia\/wp-json\/wp\/v2\/comments?post=744"}],"version-history":[{"count":11,"href":"https:\/\/slowdentist.it\/farmacia\/wp-json\/wp\/v2\/pages\/744\/revisions"}],"predecessor-version":[{"id":6311,"href":"https:\/\/slowdentist.it\/farmacia\/wp-json\/wp\/v2\/pages\/744\/revisions\/6311"}],"wp:attachment":[{"href":"https:\/\/slowdentist.it\/farmacia\/wp-json\/wp\/v2\/media?parent=744"}],"curies":[{"name":"wp","href":"https:\/\/api.w.org\/{rel}","templated":true}]}}