{"id":747,"date":"2021-12-06T09:45:28","date_gmt":"2021-12-06T08:45:28","guid":{"rendered":"https:\/\/slowdentist.it\/farmacia\/?page_id=747"},"modified":"2024-10-23T07:04:51","modified_gmt":"2024-10-23T06:04:51","slug":"kamagra-oral-jelly","status":"publish","type":"page","link":"https:\/\/slowdentist.it\/farmacia\/kamagra-oral-jelly\/","title":{"rendered":"Kamagra Oral Jelly"},"content":{"rendered":"<div class=\"product-info\">\n<div class=\"row\">\n<div class=\"col-sm-4\"><img decoding=\"async\" src=\"\/farmacia\/wp-content\/uploads\/wm\/kamagra-oral-jelly.webp\" alt=\"Kamagra Oral Jelly foto\"><\/div>\n<div class=\"col-sm-8\">\n<h1 class=\"product-h1\">Kamagra Oral Jelly senza ricetta in Italia<\/h1>\n<div class=\"product-description\">\n<p>Il prodotto \u00e8 una versione generica di uno dei pi\u00f9 popolari farmaci usati per combattere l&#8217;impotenza sessuale maschile. Kamagra Oral Jelly ha una formula migliorata che rende il prodotto ancora pi\u00f9 facile da usare. Non \u00e8 pi\u00f9 necessario usare pillole amare per riacquistare fiducia durante il sesso. Il prodotto \u00e8 basato sullo stesso principio attivo che \u00e8 stato utilizzato nel rilascio del Viagra, quindi rimane lo stesso efficace in termini di efficacia.<\/p>\n<p>Per ordinare potenziatori di potenza, basta guardare la gamma di farmaci nella nostra farmacia online. Vi offriamo di acquistare farmaci come Kamagra Oral Jelly o Viagra in qualsiasi momento conveniente. \u00c8 sufficiente compilare una domanda online per ottenere il farmaco che vi interessa senza prescrizione medica.<\/p>\n<\/div>\n<div>\n<div class=\"row\">\n<div class=\"col-sm-6\">\n<div class=\"col-margin\">\n<ul class=\"ul-feature-list\">\n \t<li class=\"feature-list\">Insorgenza rapida dell'azione<\/li>\n \t<li class=\"feature-list\">Effetto di lunga durata<\/li>\n<\/ul>\n<\/div>\n<br>\n<div class=\"col-margin\"><img src=\"\/farmacia\/wp-content\/uploads\/img-footer-logo-04.png\" alt=\"\"><\/div>\n<\/div>\n<div class=\"col-sm-6\">\n<div class=\"col-margin\">\n<ul class=\"ul-feature-list\">\n \t<li class=\"feature-list\">Transazione Sicura<\/li>\n \t<li class=\"feature-list\">Visita i link dei certificati nella pagina di Checkout<\/li>\n<\/ul>\n<\/div>\n<div class=\"col-margin\"><img class=\"img-payment\" src=\"\/farmacia\/wp-content\/uploads\/payment-methods.png\" alt=\"Payment Methods\"><\/div>\n<\/div>\n<\/div>\n<\/div>\n<\/div>\n<\/div>\n<\/div>\n\n\n<div class=\"tab\" data-sort = \"asc\"><button class=\"tablinks tablinks_default active\" data-target = \"tab-100\">100mg<\/button><\/div><div id =\"tab-100\" class = \"tabcontent active\" >\n            <div class=\"table-container\">\n                <div id=\"shop-prod-table\">\n                <table class=\"table\">\n                <caption><h2> Kamagra Oral Jelly  100mg<\/h2><\/caption>\n                <thead>\n                       <tr class=\"table-header_default\">\n                                <th scope =\"col\">Pacco<\/th>\n                                <th scope =\"col\">Prezzo<\/th>\n                                <th scope =\"col\">Per Sachet<\/th>\n                                <th scope =\"col\">Risparmio<\/th>\n                                <th scope =\"col\">Bonus<\/th>\n                                <th scope =\"col\"><\/th>\n                        <\/tr>\n                <\/thead><tbody><tr>\n             <td data-title=\"Pacco\">100mg x 10 bustine<\/td>\n             <td data-title=\"Prezzo\"> <div itemprop=\"offers\" itemscope=\"itemscope\" itemtype=\"https:\/\/schema.org\/Offer\">\n            \n            <meta itemprop=\"url\" content =\"https:\/\/slowdentist.it\/farmacia\/kamagra-oral-jelly\/\">\n            <link itemprop =\"availability\" href=\"https:\/\/schema.org\/InStock\">\n            <span itemprop=\"priceCurrency\" content=\"EUR\">\u20ac<\/span> <span itemprop=\"price\" content=\"51.95\">51.95<\/span><\/div><\/td>\n             <td data-title=\"Per Sachet\">\u20ac 5.2<\/td>\n             <td class=\"field-economy_default\" data-title=\"Risparmio\">\u20ac 0<\/td>\n             <td data-title=\"Bonus\">-<\/td>\n             <td data-title=\"\">\n                <a href=\"?add-to-cart=2841\" class =\"buy-btn_default buy-btn ajax_add_to_cart add_to_cart_button\" rel=\"nofollow\" data-product_id = \"2841\">Compra<\/a>\n             <\/td>\n            <\/tr><tr>\n             <td data-title=\"Pacco\">100mg x 21 bustine<\/td>\n             <td data-title=\"Prezzo\"> <div itemprop=\"offers\" itemscope=\"itemscope\" itemtype=\"https:\/\/schema.org\/Offer\">\n            <span class=\"crossed_out_price\">\u20ac 109.2 \/<\/span>\n            <meta itemprop=\"url\" content =\"https:\/\/slowdentist.it\/farmacia\/kamagra-oral-jelly\/\">\n            <link itemprop =\"availability\" href=\"https:\/\/schema.org\/InStock\">\n            <span itemprop=\"priceCurrency\" content=\"EUR\">\u20ac<\/span> <span itemprop=\"price\" content=\"91.35\">91.35<\/span><\/div><\/td>\n             <td data-title=\"Per Sachet\">\u20ac 4.35<\/td>\n             <td class=\"field-economy_default\" data-title=\"Risparmio\">\u20ac 17.85<\/td>\n             <td data-title=\"Bonus\">-<\/td>\n             <td data-title=\"\">\n                <a href=\"?add-to-cart=4149\" class =\"buy-btn_default buy-btn ajax_add_to_cart add_to_cart_button\" rel=\"nofollow\" data-product_id = \"4149\">Compra<\/a>\n             <\/td>\n            <\/tr><tr>\n             <td data-title=\"Pacco\">100mg x 30 bustine<\/td>\n             <td data-title=\"Prezzo\"> <div itemprop=\"offers\" itemscope=\"itemscope\" itemtype=\"https:\/\/schema.org\/Offer\">\n            <span class=\"crossed_out_price\">\u20ac 156.11 \/<\/span>\n            <meta itemprop=\"url\" content =\"https:\/\/slowdentist.it\/farmacia\/kamagra-oral-jelly\/\">\n            <link itemprop =\"availability\" href=\"https:\/\/schema.org\/InStock\">\n            <span itemprop=\"priceCurrency\" content=\"EUR\">\u20ac<\/span> <span itemprop=\"price\" content=\"129.71\">129.71<\/span><\/div><\/td>\n             <td data-title=\"Per Sachet\">\u20ac 4.32<\/td>\n             <td class=\"field-economy_default\" data-title=\"Risparmio\">\u20ac 26.4<\/td>\n             <td data-title=\"Bonus\">+ 5 bustine<\/td>\n             <td data-title=\"\">\n                <a href=\"?add-to-cart=2843\" class =\"buy-btn_default buy-btn ajax_add_to_cart add_to_cart_button\" rel=\"nofollow\" data-product_id = \"2843\">Compra<\/a>\n             <\/td>\n            <\/tr><tr>\n             <td data-title=\"Pacco\">100mg x 63 bustine<\/td>\n             <td data-title=\"Prezzo\"> <div itemprop=\"offers\" itemscope=\"itemscope\" itemtype=\"https:\/\/schema.org\/Offer\">\n            <span class=\"crossed_out_price\">\u20ac 327.53 \/<\/span>\n            <meta itemprop=\"url\" content =\"https:\/\/slowdentist.it\/farmacia\/kamagra-oral-jelly\/\">\n            <link itemprop =\"availability\" href=\"https:\/\/schema.org\/InStock\">\n            <span itemprop=\"priceCurrency\" content=\"EUR\">\u20ac<\/span> <span itemprop=\"price\" content=\"213.5\">213.5<\/span><\/div><\/td>\n             <td data-title=\"Per Sachet\">\u20ac 3.39<\/td>\n             <td class=\"field-economy_default\" data-title=\"Risparmio\">\u20ac 114.03<\/td>\n             <td data-title=\"Bonus\">+ 7 bustine<\/td>\n             <td data-title=\"\">\n                <a href=\"?add-to-cart=2844\" class =\"buy-btn_default buy-btn ajax_add_to_cart add_to_cart_button\" rel=\"nofollow\" data-product_id = \"2844\">Compra<\/a>\n             <\/td>\n            <\/tr><tr>\n             <td data-title=\"Pacco\">100mg x 90 bustine<\/td>\n             <td data-title=\"Prezzo\"> <div itemprop=\"offers\" itemscope=\"itemscope\" itemtype=\"https:\/\/schema.org\/Offer\">\n            <span class=\"crossed_out_price\">\u20ac 468.2 \/<\/span>\n            <meta itemprop=\"url\" content =\"https:\/\/slowdentist.it\/farmacia\/kamagra-oral-jelly\/\">\n            <link itemprop =\"availability\" href=\"https:\/\/schema.org\/InStock\">\n            <span itemprop=\"priceCurrency\" content=\"EUR\">\u20ac<\/span> <span itemprop=\"price\" content=\"289.1\">289.1<\/span><\/div><\/td>\n             <td data-title=\"Per Sachet\">\u20ac 3.21<\/td>\n             <td class=\"field-economy_default\" data-title=\"Risparmio\">\u20ac 179.1<\/td>\n             <td data-title=\"Bonus\">+ 8 bustine<\/td>\n             <td data-title=\"\">\n                <a href=\"?add-to-cart=2845\" class =\"buy-btn_default buy-btn ajax_add_to_cart add_to_cart_button\" rel=\"nofollow\" data-product_id = \"2845\">Compra<\/a>\n             <\/td>\n            <\/tr><tr>\n             <td data-title=\"Pacco\">100mg x 110 bustine<\/td>\n             <td data-title=\"Prezzo\"> <div itemprop=\"offers\" itemscope=\"itemscope\" itemtype=\"https:\/\/schema.org\/Offer\">\n            <span class=\"crossed_out_price\">\u20ac 571.92 \/<\/span>\n            <meta itemprop=\"url\" content =\"https:\/\/slowdentist.it\/farmacia\/kamagra-oral-jelly\/\">\n            <link itemprop =\"availability\" href=\"https:\/\/schema.org\/InStock\">\n            <span itemprop=\"priceCurrency\" content=\"EUR\">\u20ac<\/span> <span itemprop=\"price\" content=\"318.92\">318.92<\/span><\/div><\/td>\n             <td data-title=\"Per Sachet\">\u20ac 2.9<\/td>\n             <td class=\"field-economy_default\" data-title=\"Risparmio\">\u20ac 253<\/td>\n             <td data-title=\"Bonus\">+ 9 bustine<\/td>\n             <td data-title=\"\">\n                <a href=\"?add-to-cart=2842\" class =\"buy-btn_default buy-btn ajax_add_to_cart add_to_cart_button\" rel=\"nofollow\" data-product_id = \"2842\">Compra<\/a>\n             <\/td>\n            <\/tr><tr>\n             <td data-title=\"Pacco\">100mg x 220 bustine<\/td>\n             <td data-title=\"Prezzo\"> <div itemprop=\"offers\" itemscope=\"itemscope\" itemtype=\"https:\/\/schema.org\/Offer\">\n            <span class=\"crossed_out_price\">\u20ac 1143.3 \/<\/span>\n            <meta itemprop=\"url\" content =\"https:\/\/slowdentist.it\/farmacia\/kamagra-oral-jelly\/\">\n            <link itemprop =\"availability\" href=\"https:\/\/schema.org\/InStock\">\n            <span itemprop=\"priceCurrency\" content=\"EUR\">\u20ac<\/span> <span itemprop=\"price\" content=\"630.7\">630.7<\/span><\/div><\/td>\n             <td data-title=\"Per Sachet\">\u20ac 2.87<\/td>\n             <td class=\"field-economy_default\" data-title=\"Risparmio\">\u20ac 512.6<\/td>\n             <td data-title=\"Bonus\">+ 18 bustine<\/td>\n             <td data-title=\"\">\n                <a href=\"?add-to-cart=4150\" class =\"buy-btn_default buy-btn ajax_add_to_cart add_to_cart_button\" rel=\"nofollow\" data-product_id = \"4150\">Compra<\/a>\n             <\/td>\n            <\/tr><\/tbody> <\/table>\n            <\/div>\n        <\/div>\n    <\/div>\n\n\n<p><div class=\"letter\">\n<div class=\"letter-head\">\n<div class=\"letter-title heading-letter\">Esempio di busta<\/div>\n<div class=\"letter-pack\"><img src=\"\/farmacia\/wp-content\/uploads\/example-package.jpg\" alt=\"\" width=\"505\" height=\"105\"><\/div>\n<\/div>\n<div class=\"letter-desc\">Il tuo ordine sar\u00e0 imballato in modo sicuro e consegnato entro 24 ore. Questo \u00e8 l'aspetto dell'imballaggio (immagini reali dell'articolo inviato). Ha le dimensioni e l'aspetto di una normale lettera (24x11x0,7 cm) e non mancher\u00e0 il contenuto.<\/div>\n<\/div><br>\n<div class=\"delivery\">\n<div class=\"delivery-result\">\n<div class=\"delivery-unit\">\n<div class=\"delivery-unit-inner\">\n<div class=\"delivery-unit-type\">\n<div class=\"delivery-unit-label\">\n              Metodo di consegna<\/div>\n<div class=\"delivery-unit-value\">\n              Express<\/div>\n              <div class=\"delivery-unit-value\">\n              Post EU<\/div>\n<\/div>\n<div class=\"delivery-unit-term\">\n<div class=\"delivery-unit-label\">\n              Tempi di consegna<\/div>\n<div class=\"delivery-unit-value\">\n              4-11 giorni lavorativi<\/div>\n              <div class=\"delivery-unit-value\">\n              8-13 giorni<\/div>\n<\/div>\n<div class=\"delivery-unit-price\">\n<div class=\"delivery-unit-label\">\n              Prezzo<\/div>\n<div class=\"delivery-unit-sum\">\n              \u20ac 14.99<\/div>\n              <div class=\"delivery-unit-sum\">\n              \u20ac 00.00 (ordina da \u20ac 200)<\/div>\n<\/div>\n<\/div>\n<\/div>\n<\/div>\n<\/div>\n<div class=\"advant-list\">\n<div class=\"advant-list-item\">\n          Spedizione internazionale<\/div>\n<div class=\"advant-list-item\">\n          Protezione e sicurezza<\/div>\n<div class=\"advant-list-item\">\n          Imballaggio discreto<\/div>\n<div class=\"advant-list-item\">\n          Garanzia di privacy e anonimato<\/div>\n<div class=\"advant-list-item\">\n          Consegna del suo ordine entro 21 giorni<\/div>\n<div class=\"advant-list-item\">\n          Consegna assicurata al 100%.<\/div>\n<\/div><\/p>\n<div class=\"product-content\">\n<p><\/p><\/div>\n\n\n<h2 class=\"wp-block-heading\">La famosa Kamagra in una forma insolita<\/h2>\n\n\n\n<p>Il mercato dei farmaci per la disfunzione erettile \u00e8 in continua espansione, rendendo facile la scelta di un farmaco in una forma adeguata. Un esempio lampante \u00e8 Kamagra Oral Jelly, che ha rapidamente guadagnato popolarit\u00e0 tra gli acquirenti. Il rimedio \u00e8 molto efficace e l&#8217;erezione persistente dura per le ore successive all&#8217;assunzione. La consultazione prima di iniziare il corso \u00e8 obbligatoria, e per ordinare Kamagra Oral Jelly \u00e8 sufficiente lasciare una richiesta sul nostro sito web. Offriamo prezzi favorevoli sui prodotti per aumentare la potenza maschile.&nbsp;<\/p>\n\n\n\n<h2 class=\"wp-block-heading\">Qual \u00e8 la particolarit\u00e0 di Kamagra Oral Jelly&nbsp;<\/h2>\n\n\n\n<p>Quando si sceglie Kamagra Oral Jelly per ripristinare la potenza, si dovrebbe prestare attenzione alla sua composizione e al principio di azione. Kamagra Oral Jelly \u00e8 progettato per ripristinare l&#8217;erezione, in modo che l&#8217;uomo sia di nuovo pronto per il coito per tutto il periodo di azione del farmaco. Il tempo di recupero tra i due sessi sar\u00e0 minimo. Kamagra Oral Jelly ha una forma Oral Jelly atinosa, che lo rende pi\u00f9 facile e piacevole da assumere. Il principio attivo inizia a colpire il corpo quasi immediatamente dopo l&#8217;uso del farmaco.<\/p>\n\n\n\n<p>Parlando dei punti di forza di Kamagra, si notino le seguenti sfumature:<\/p>\n\n\n\n<ul>\n<li>rapida comparsa dei risultati;<\/li>\n\n\n\n<li>forma conveniente del farmaco;<\/li>\n\n\n\n<li>il rimedio \u00e8 facilmente tollerato dall&#8217;uomo;<\/li>\n\n\n\n<li>Kamagra Oral Jelly ha un prezzo accessibile.<\/li>\n<\/ul>\n\n\n\n<p>Kamagra Oral Jelly \u00e8 spesso raccomandato agli uomini che non sono in grado di prendere i tipi di pillole di farmaci per eliminare la disfunzione erettile.<\/p>\n\n\n\n<h2 class=\"wp-block-heading\">Paragrafo scientifico sul meccanismo d&#8217;azione&nbsp;<\/h2>\n\n\n\n<p>Il componente attivo di Kamagra \u00e8 rappresentato dalla sostanza Sildenafil. La sua azione \u00e8 finalizzata all&#8217;inibizione dell&#8217;PDE-5. \u00c8 questo enzima che impedisce di avere un&#8217;erezione stabile. Di conseguenza, l&#8217;uomo \u00e8 di nuovo in grado di coito, e l&#8217;erezione rimane elastica e stabile fino alla fine del rapporto sessuale. La stimolazione sessuale \u00e8 necessaria per raggiungere uno stato di erezione.<\/p>\n\n\n\n<h2 class=\"wp-block-heading\">Qual \u00e8 la differenza con il Viagra?<\/h2>\n\n\n\n<p>Lo stesso principio attivo viene utilizzato per creare Viagra e Kamagra. Per questo motivo, l&#8217;effetto dell&#8217;assunzione del farmaco sar\u00e0 all&#8217;incirca lo stesso. La differenza \u00e8 che la formula generica migliorata attiva la possibilit\u00e0 di fare sesso pi\u00f9 velocemente dell&#8217;originale. Kamagra \u00e8 pi\u00f9 delicato sul corpo, quindi gli effetti collaterali sono rari.<\/p>\n\n\n\n<h2 class=\"wp-block-heading\">Condizioni di utilizzo&nbsp;<\/h2>\n\n\n\n<p>Il kamagra \u00e8 contenuto in una bustina sigillata, il cui contenuto deve essere ingerito con sufficiente acqua. Si pu\u00f2 anche prendere il prodotto mescolandolo con bevande analcoliche. Una bustina dovrebbe essere usata una volta al giorno. Prima di iniziare un corso di Kamagra, assicuratevi di consultare il vostro medico, che vi aiuter\u00e0 a trovare il dosaggio ottimale. Il farmaco deve essere assunto 30-40 minuti prima del rapporto sessuale. L&#8217;azione del farmaco avviene gi\u00e0 in 20-25 minuti dopo l&#8217;applicazione. L&#8217;effetto di Kamagra in forma di Oral Jelly dura fino a 6 ore. Per accelerare il risultato, escludere i cibi grassi dalla dieta durante l&#8217;assunzione del Oral Jelly.<\/p>\n\n\n\n<h3 class=\"wp-block-heading\">Ulteriori informazioni prima dell&#8217;appuntamento&nbsp;<\/h3>\n\n\n\n<p>Si dovrebbe prendere Kamagra solo dopo aver ricevuto il parere professionale del medico. Non si dovrebbe iniziare il trattamento da soli, poich\u00e9 solo uno specialista pu\u00f2 prescrivere un dosaggio adeguato. Il medico basa le sue raccomandazioni sullo stato di salute del paziente, in quanto la presenza di alcune malattie non consente l&#8217;assunzione del farmaco:<\/p>\n\n\n\n<ul>\n<li>epilessia;<\/li>\n\n\n\n<li>di glaucoma;<\/li>\n\n\n\n<li>leucemia;<\/li>\n\n\n\n<li>per le ulcere peptiche;<\/li>\n\n\n\n<li>Morbo di Parkinson;<\/li>\n\n\n\n<li>pressione sanguigna alta o bassa;<\/li>\n\n\n\n<li>Retinite;<\/li>\n\n\n\n<li>Il morbo di Peyronie.<\/li>\n<\/ul>\n\n\n\n<p>Kamagra Oral Jelly non pu\u00f2 essere prescritto a pazienti ai quali \u00e8 stato diagnosticato un attacco di cuore. Kamagra non \u00e8 adatto agli uomini con una deformit\u00e0 fisica del pene o che sono inclini al priapismo.<\/p>\n\n\n\n<h3 class=\"wp-block-heading\">Come ottenere la giusta dose del farmaco&nbsp;<\/h3>\n\n\n\n<p>Per risolvere il problema a letto causato dalla disfunzione erettile \u00e8 sufficiente assumere il farmaco nella quantit\u00e0 di 50 mg al giorno. Non si possono assumere pi\u00f9 di 100 mg di Kamagra alla volta. Il dosaggio individuale esatto pu\u00f2 essere prescritto da un medico dopo la diagnosi.<\/p>\n\n\n\n<h3 class=\"wp-block-heading\">Con cosa interagisce Kamagra&nbsp;<\/h3>\n\n\n\n<p>Quando si usa il farmaco, \u00e8 necessario tenere a mente alcune precauzioni. Ad esempio, l&#8217;alcol pu\u00f2 influire negativamente sulla salute del paziente che sta assumendo Kamagra. Per questo motivo, il Oral Jelly non \u00e8 combinato con l&#8217;alcol. Se il paziente utilizza altri farmaci, questo deve essere comunicato al medico curante. La ricezione non pu\u00f2 essere prescritta insieme:<\/p>\n\n\n\n<ul>\n<li>con gli alfa-adrenobloccanti;<\/li>\n\n\n\n<li>con alcuni antibiotici;<\/li>\n\n\n\n<li>donatori di azoto;<\/li>\n\n\n\n<li>con proteasi bloccanti;<\/li>\n\n\n\n<li>nitrati utilizzati per scopi medici.<\/li>\n<\/ul>\n\n\n\n<p>Kamagra non dovrebbe essere preso se un uomo usa altri mezzi per migliorare la potenza, volti a bloccare l&#8217;FDE di tipo 5.<\/p>\n\n\n\n<h3 class=\"wp-block-heading\">Quando non prendere Kamagra&nbsp;<\/h3>\n\n\n\n<p>Come per qualsiasi altro medicinale, Kamagra ha alcune controindicazioni prima dell&#8217;uso. Controindicazione assoluta \u00e8 la presenza di intolleranza individuale al principio attivo, che \u00e8 incluso in Kamagra. Inoltre, il farmaco non pu\u00f2 essere assunto da ragazzi che non hanno compiuto 18 anni. I rappresentanti del sesso forte con malattie renali ed epatiche dovrebbero rifiutarsi di usare farmaci per eliminare la disfunzione erettile.<\/p>\n\n\n\n<p>Il farmaco non \u00e8 in grado di influire sulla guida. Mentre prende Kamagra, un uomo mantiene la concentrazione. Allo stesso tempo, ha alcuni effetti collaterali, che dovrebbero essere presi in considerazione quando si guidano veicoli o si eseguono lavori ad alta velocit\u00e0.<\/p>\n\n\n\n<h3 class=\"wp-block-heading\">Cosa potrebbe andare storto? (Effetti collaterali)&nbsp;<\/h3>\n\n\n\n<p>Per la produzione di Kamagra vengono utilizzate attrezzature moderne. Il prodotto \u00e8 stato testato con successo, quindi \u00e8 venduto senza prescrizione medica. Allo stesso tempo, i pazienti devono necessariamente consultare il proprio medico, che prescriver\u00e0 un dosaggio adeguato. Tra i fattori negativi che possono verificarsi durante l&#8217;assunzione del farmaco ci sono:<\/p>\n\n\n\n<ul>\n<li>emicranie;<\/li>\n\n\n\n<li>nausea;<\/li>\n\n\n\n<li>arrossamenti sulla pelle del viso;<\/li>\n\n\n\n<li>vertigini.<\/li>\n<\/ul>\n\n\n\n<p>Se Kamagra non \u00e8 adatto ad essere assunto da alcuni pazienti, il medico curante pu\u00f2 prescrivere Levitra e Cialis, che usano rispettivamente Vardenafil e Tadalafil al posto del Sildenafil.<\/p>\n\n\n\n<h3 class=\"wp-block-heading\">Cosa fare in caso di overdose?&nbsp;<\/h3>\n\n\n\n<p>La dose giornaliera di Kamagra pu\u00f2 essere prescritta solo dal medico. Non deve essere superato in nessun caso. Se si verifica un sovradosaggio, il paziente deve affrontare le stesse reazioni che possono verificarsi quando assume il farmaco normalmente, ma saranno pi\u00f9 pronunciate. Notando eventuali segni di effetti collaterali di Kamagra, \u00e8 necessario consultare un medico per il trattamento dei sintomi.<\/p>\n\n\n\n<h3 class=\"wp-block-heading\">Conservare correttamente il farmaco&nbsp;<\/h3>\n\n\n\n<p>Il prodotto pu\u00f2 essere conservato in luoghi asciutti e ben ventilati. La temperatura dell&#8217;aria dovrebbe rimanere intorno ai 30 gradi Celsius. Il prodotto deve rimanere fuori dalla portata dei bambini e degli animali domestici.<\/p>\n\n\n\n<h3 class=\"wp-block-heading\">Responsabilit\u00e0 del venditore<\/h3>\n\n\n\n<p>Il prodotto medico Kamagra in forma di Oral Jelly deve essere usato come prescritto dal vostro medico. Le informazioni fornite nella farmacia online possono essere utilizzate solo a scopo informativo. La nostra amministrazione non \u00e8 responsabile di eventuali reazioni avverse causate dall&#8217;automedicazione.&nbsp;<\/p>\n\n\n<div>\n<ul class=\"top-sale-nav\">\n<li class=\"top-sale-nav-item\">Prodotti popolari<\/li>\n<\/ul>\n<div class=\"top-sale-content\">\n<div class=\"top-sale-product-list\">\n<div class=\"row justify-content-center\">\n<div class=\"col-6 col-md-4 product-parent\">\n<div class=\"product-list-item\">\n<div class=\"product-item\">\n<div class=\"product-item-img\">\n             <a href=\"\/farmacia\/cialis-generico\/\"> <img decoding=\"async\" loading=\"lazy\" src=\"\/farmacia\/wp-content\/uploads\/wm\/cialis-generic.webp\" alt=\"Cialis Generico\" width=\"240\" height=\"180\"> <\/a><\/div>\n<div class=\"product-item-title\">\n<h2><a href=\"\/farmacia\/cialis-generico\/\" class=\"product-item-title-link\">Cialis Generico<\/a><\/h2>\n<\/div>\n<div class=\"product-item-pack\">\n            10mg | 20mg | 40mg | 60mg | 80mg<\/div>\n<div class=\"product-item-group\">\n<div class=\"product-item-price\">\n              <span class=\"product-item-cost\">\u20ac 2.85<\/span> a pillola<\/div>\n<div class=\"product-item-buy\">\n              <a href=\"\/farmacia\/cialis-generico\/\" class=\"product-item-btn\">Compra<\/a><\/div>\n<\/div>\n<\/div>\n<\/div>\n<\/div>\n<div class=\"col-6 col-md-4 product-parent\">\n<div class=\"product-list-item\">\n<div class=\"product-item\">\n<div class=\"product-item-img\">\n             <a href=\"\/farmacia\/viagra-generico\/\"> <img decoding=\"async\" loading=\"lazy\" src=\"\/farmacia\/wp-content\/uploads\/wm\/viagra-generic.webp\" alt=\"Viagra Generico\" width=\"240\" height=\"180\"> <\/a><\/div>\n<div class=\"product-item-title\">\n<h2><a href=\"\/farmacia\/viagra-generico\/\" class=\"product-item-title-link\">Viagra Generico<\/a><\/h2>\n<\/div>\n<div class=\"product-item-pack\">\n            25mg | 50mg | 100mg | 120mg | 130mg | 150mg | 200mg<\/div>\n<div class=\"product-item-group\">\n<div class=\"product-item-price\">\n              <span class=\"product-item-cost\">\u20ac 1.64<\/span> a pillola<\/div>\n<div class=\"product-item-buy\">\n              <a href=\"\/farmacia\/viagra-generico\/\" class=\"product-item-btn\">Compra<\/a><\/div>\n<\/div>\n<\/div>\n<\/div>\n<\/div>\n<div class=\"col-6 col-md-4 product-parent\">\n<div class=\"product-list-item\">\n<div class=\"product-item\">\n<div class=\"product-item-img\">\n             <a href=\"\/farmacia\/levitra-generico\/\"> <img decoding=\"async\" loading=\"lazy\" src=\"\/farmacia\/wp-content\/uploads\/wm\/levitra-generic.webp\" alt=\"Levitra Generico\" width=\"240\" height=\"180\"> <\/a><\/div>\n<div class=\"product-item-title\">\n<h2><a href=\"\/farmacia\/levitra-generico\/\" class=\"product-item-title-link\">Levitra Generico<\/a><\/h2>\n<\/div>\n<div class=\"product-item-pack\">\n            10mg | 20mg | 40mg | 60mg<\/div>\n<div class=\"product-item-group\">\n<div class=\"product-item-price\">\n              <span class=\"product-item-cost\">\u20ac 2.59<\/span> a pillola<\/div>\n<div class=\"product-item-buy\">\n              <a href=\"\/farmacia\/levitra-generico\/\" class=\"product-item-btn\">Compra<\/a><\/div>\n<\/div>\n<\/div>\n<\/div>\n<\/div>\n<\/div>\n<\/div>\n<\/div>\n<\/div>\n","protected":false},"excerpt":{"rendered":"<p>Kamagra Oral Jelly senza ricetta in Italia Il prodotto \u00e8 una versione generica di uno dei pi\u00f9 popolari farmaci usati<\/p>\n","protected":false},"author":3,"featured_media":0,"parent":0,"menu_order":0,"comment_status":"closed","ping_status":"closed","template":"","meta":[],"_links":{"self":[{"href":"https:\/\/slowdentist.it\/farmacia\/wp-json\/wp\/v2\/pages\/747"}],"collection":[{"href":"https:\/\/slowdentist.it\/farmacia\/wp-json\/wp\/v2\/pages"}],"about":[{"href":"https:\/\/slowdentist.it\/farmacia\/wp-json\/wp\/v2\/types\/page"}],"author":[{"embeddable":true,"href":"https:\/\/slowdentist.it\/farmacia\/wp-json\/wp\/v2\/users\/3"}],"replies":[{"embeddable":true,"href":"https:\/\/slowdentist.it\/farmacia\/wp-json\/wp\/v2\/comments?post=747"}],"version-history":[{"count":12,"href":"https:\/\/slowdentist.it\/farmacia\/wp-json\/wp\/v2\/pages\/747\/revisions"}],"predecessor-version":[{"id":6354,"href":"https:\/\/slowdentist.it\/farmacia\/wp-json\/wp\/v2\/pages\/747\/revisions\/6354"}],"wp:attachment":[{"href":"https:\/\/slowdentist.it\/farmacia\/wp-json\/wp\/v2\/media?parent=747"}],"curies":[{"name":"wp","href":"https:\/\/api.w.org\/{rel}","templated":true}]}}