{"id":759,"date":"2021-12-06T09:47:38","date_gmt":"2021-12-06T08:47:38","guid":{"rendered":"https:\/\/slowdentist.it\/farmacia\/?page_id=759"},"modified":"2024-10-23T07:09:58","modified_gmt":"2024-10-23T06:09:58","slug":"kamagra-soft-tabs","status":"publish","type":"page","link":"https:\/\/slowdentist.it\/farmacia\/kamagra-soft-tabs\/","title":{"rendered":"Kamagra Soft Tabs"},"content":{"rendered":"<div class=\"product-info\">\n<div class=\"row\">\n<div class=\"col-sm-4\"><img decoding=\"async\" src=\"\/farmacia\/wp-content\/uploads\/wm\/kamagra-soft-tabs.webp\" alt=\"Kamagra Soft Tabs foto\"><\/div>\n<div class=\"col-sm-8\">\n<h1 class=\"product-h1\">Kamagra Soft Tabs senza ricetta in Italia<\/h1>\n<div class=\"product-description\">\n<p>Kamagra \u00e8 uno dei farmaci pi\u00f9 popolari nel mercato dei farmaci per il ripristino della potenza maschile. Il farmaco ha superato con successo il test del tempo. Nel corso degli anni ha aiutato milioni di uomini a ritrovare la fiducia nelle proprie forze.<\/p>\n<p>Il farmaco si caratterizza per il suo effetto rapido, oltre che per la sua azione duratura. Se si osserva il dosaggio individuale, non c&#8217;\u00e8 bisogno di preoccuparsi degli effetti negativi, per i quali \u00e8 sufficiente consultare un medico.<\/p>\n<p>Il costo di Kamagra Soft sar\u00e0 un altro motivo per acquistare il farmaco online dalla nostra farmacia online.<\/p>\n<\/div>\n<div>\n<div class=\"row\">\n<div class=\"col-sm-6\">\n<div class=\"col-margin\">\n<ul class=\"ul-feature-list\">\n \t<li class=\"feature-list\">Insorgenza rapida dell'azione<\/li>\n \t<li class=\"feature-list\">Effetto di lunga durata<\/li>\n<\/ul>\n<\/div>\n<br>\n<div class=\"col-margin\"><img src=\"\/farmacia\/wp-content\/uploads\/img-footer-logo-04.png\" alt=\"\"><\/div>\n<\/div>\n<div class=\"col-sm-6\">\n<div class=\"col-margin\">\n<ul class=\"ul-feature-list\">\n \t<li class=\"feature-list\">Transazione Sicura<\/li>\n \t<li class=\"feature-list\">Visita i link dei certificati nella pagina di Checkout<\/li>\n<\/ul>\n<\/div>\n<div class=\"col-margin\"><img class=\"img-payment\" src=\"\/farmacia\/wp-content\/uploads\/payment-methods.png\" alt=\"Payment Methods\"><\/div>\n<\/div>\n<\/div>\n<\/div>\n<\/div>\n<\/div>\n<\/div>\n\n\n<div class=\"tab\" data-sort = \"asc\"><button class=\"tablinks tablinks_default active\" data-target = \"tab-100\">100mg<\/button><\/div><div id =\"tab-100\" class = \"tabcontent active\" >\n            <div class=\"table-container\">\n                <div id=\"shop-prod-table\">\n                <table class=\"table\">\n                <caption><h2> Kamagra Soft Tabs  100mg<\/h2><\/caption>\n                <thead>\n                       <tr class=\"table-header_default\">\n                                <th scope =\"col\">Pacco<\/th>\n                                <th scope =\"col\">Prezzo<\/th>\n                                <th scope =\"col\">Per Pillola<\/th>\n                                <th scope =\"col\">Risparmio<\/th>\n                                <th scope =\"col\">Bonus<\/th>\n                                <th scope =\"col\"><\/th>\n                        <\/tr>\n                <\/thead><tbody><tr>\n             <td data-title=\"Pacco\">100mg x 12 pillole<\/td>\n             <td data-title=\"Prezzo\"> <div itemprop=\"offers\" itemscope=\"itemscope\" itemtype=\"https:\/\/schema.org\/Offer\">\n            \n            <meta itemprop=\"url\" content =\"https:\/\/slowdentist.it\/farmacia\/kamagra-soft-tabs\/\">\n            <link itemprop =\"availability\" href=\"https:\/\/schema.org\/InStock\">\n            <span itemprop=\"priceCurrency\" content=\"EUR\">\u20ac<\/span> <span itemprop=\"price\" content=\"54.81\">54.81<\/span><\/div><\/td>\n             <td data-title=\"Per Pillola\">\u20ac 4.57<\/td>\n             <td class=\"field-economy_default\" data-title=\"Risparmio\">\u20ac 0<\/td>\n             <td data-title=\"Bonus\">-<\/td>\n             <td data-title=\"\">\n                <a href=\"?add-to-cart=2854\" class =\"buy-btn_default buy-btn ajax_add_to_cart add_to_cart_button\" rel=\"nofollow\" data-product_id = \"2854\">Compra<\/a>\n             <\/td>\n            <\/tr><tr>\n             <td data-title=\"Pacco\">100mg x 20 pillole<\/td>\n             <td data-title=\"Prezzo\"> <div itemprop=\"offers\" itemscope=\"itemscope\" itemtype=\"https:\/\/schema.org\/Offer\">\n            <span class=\"crossed_out_price\">\u20ac 91.39 \/<\/span>\n            <meta itemprop=\"url\" content =\"https:\/\/slowdentist.it\/farmacia\/kamagra-soft-tabs\/\">\n            <link itemprop =\"availability\" href=\"https:\/\/schema.org\/InStock\">\n            <span itemprop=\"priceCurrency\" content=\"EUR\">\u20ac<\/span> <span itemprop=\"price\" content=\"75.99\">75.99<\/span><\/div><\/td>\n             <td data-title=\"Per Pillola\">\u20ac 3.8<\/td>\n             <td class=\"field-economy_default\" data-title=\"Risparmio\">\u20ac 15.4<\/td>\n             <td data-title=\"Bonus\">-<\/td>\n             <td data-title=\"\">\n                <a href=\"?add-to-cart=2857\" class =\"buy-btn_default buy-btn ajax_add_to_cart add_to_cart_button\" rel=\"nofollow\" data-product_id = \"2857\">Compra<\/a>\n             <\/td>\n            <\/tr><tr>\n             <td data-title=\"Pacco\">100mg x 32 pillole<\/td>\n             <td data-title=\"Prezzo\"> <div itemprop=\"offers\" itemscope=\"itemscope\" itemtype=\"https:\/\/schema.org\/Offer\">\n            <span class=\"crossed_out_price\">\u20ac 146.39 \/<\/span>\n            <meta itemprop=\"url\" content =\"https:\/\/slowdentist.it\/farmacia\/kamagra-soft-tabs\/\">\n            <link itemprop =\"availability\" href=\"https:\/\/schema.org\/InStock\">\n            <span itemprop=\"priceCurrency\" content=\"EUR\">\u20ac<\/span> <span itemprop=\"price\" content=\"114.39\">114.39<\/span><\/div><\/td>\n             <td data-title=\"Per Pillola\">\u20ac 3.57<\/td>\n             <td class=\"field-economy_default\" data-title=\"Risparmio\">\u20ac 32<\/td>\n             <td data-title=\"Bonus\">-<\/td>\n             <td data-title=\"\">\n                <a href=\"?add-to-cart=2859\" class =\"buy-btn_default buy-btn ajax_add_to_cart add_to_cart_button\" rel=\"nofollow\" data-product_id = \"2859\">Compra<\/a>\n             <\/td>\n            <\/tr><tr>\n             <td data-title=\"Pacco\">100mg x 60 pillole<\/td>\n             <td data-title=\"Prezzo\"> <div itemprop=\"offers\" itemscope=\"itemscope\" itemtype=\"https:\/\/schema.org\/Offer\">\n            <span class=\"crossed_out_price\">\u20ac 273.99 \/<\/span>\n            <meta itemprop=\"url\" content =\"https:\/\/slowdentist.it\/farmacia\/kamagra-soft-tabs\/\">\n            <link itemprop =\"availability\" href=\"https:\/\/schema.org\/InStock\">\n            <span itemprop=\"priceCurrency\" content=\"EUR\">\u20ac<\/span> <span itemprop=\"price\" content=\"171.99\">171.99<\/span><\/div><\/td>\n             <td data-title=\"Per Pillola\">\u20ac 2.87<\/td>\n             <td class=\"field-economy_default\" data-title=\"Risparmio\">\u20ac 102<\/td>\n             <td data-title=\"Bonus\">+ 4 pillole<\/td>\n             <td data-title=\"\">\n                <a href=\"?add-to-cart=2860\" class =\"buy-btn_default buy-btn ajax_add_to_cart add_to_cart_button\" rel=\"nofollow\" data-product_id = \"2860\">Compra<\/a>\n             <\/td>\n            <\/tr><tr>\n             <td data-title=\"Pacco\">100mg x 84 pillole<\/td>\n             <td data-title=\"Prezzo\"> <div itemprop=\"offers\" itemscope=\"itemscope\" itemtype=\"https:\/\/schema.org\/Offer\">\n            <span class=\"crossed_out_price\">\u20ac 384.07 \/<\/span>\n            <meta itemprop=\"url\" content =\"https:\/\/slowdentist.it\/farmacia\/kamagra-soft-tabs\/\">\n            <link itemprop =\"availability\" href=\"https:\/\/schema.org\/InStock\">\n            <span itemprop=\"priceCurrency\" content=\"EUR\">\u20ac<\/span> <span itemprop=\"price\" content=\"221.95\">221.95<\/span><\/div><\/td>\n             <td data-title=\"Per Pillola\">\u20ac 2.64<\/td>\n             <td class=\"field-economy_default\" data-title=\"Risparmio\">\u20ac 162.12<\/td>\n             <td data-title=\"Bonus\">+ 4 pillole<\/td>\n             <td data-title=\"\">\n                <a href=\"?add-to-cart=2861\" class =\"buy-btn_default buy-btn ajax_add_to_cart add_to_cart_button\" rel=\"nofollow\" data-product_id = \"2861\">Compra<\/a>\n             <\/td>\n            <\/tr><tr>\n             <td data-title=\"Pacco\">100mg x 120 pillole<\/td>\n             <td data-title=\"Prezzo\"> <div itemprop=\"offers\" itemscope=\"itemscope\" itemtype=\"https:\/\/schema.org\/Offer\">\n            <span class=\"crossed_out_price\">\u20ac 548.93 \/<\/span>\n            <meta itemprop=\"url\" content =\"https:\/\/slowdentist.it\/farmacia\/kamagra-soft-tabs\/\">\n            <link itemprop =\"availability\" href=\"https:\/\/schema.org\/InStock\">\n            <span itemprop=\"priceCurrency\" content=\"EUR\">\u20ac<\/span> <span itemprop=\"price\" content=\"296.93\">296.93<\/span><\/div><\/td>\n             <td data-title=\"Per Pillola\">\u20ac 2.47<\/td>\n             <td class=\"field-economy_default\" data-title=\"Risparmio\">\u20ac 252<\/td>\n             <td data-title=\"Bonus\">+ 6 pillole<\/td>\n             <td data-title=\"\">\n                <a href=\"?add-to-cart=2855\" class =\"buy-btn_default buy-btn ajax_add_to_cart add_to_cart_button\" rel=\"nofollow\" data-product_id = \"2855\">Compra<\/a>\n             <\/td>\n            <\/tr><tr>\n             <td data-title=\"Pacco\">100mg x 180 pillole<\/td>\n             <td data-title=\"Prezzo\"> <div itemprop=\"offers\" itemscope=\"itemscope\" itemtype=\"https:\/\/schema.org\/Offer\">\n            <span class=\"crossed_out_price\">\u20ac 822.79 \/<\/span>\n            <meta itemprop=\"url\" content =\"https:\/\/slowdentist.it\/farmacia\/kamagra-soft-tabs\/\">\n            <link itemprop =\"availability\" href=\"https:\/\/schema.org\/InStock\">\n            <span itemprop=\"priceCurrency\" content=\"EUR\">\u20ac<\/span> <span itemprop=\"price\" content=\"405.19\">405.19<\/span><\/div><\/td>\n             <td data-title=\"Per Pillola\">\u20ac 2.25<\/td>\n             <td class=\"field-economy_default\" data-title=\"Risparmio\">\u20ac 417.6<\/td>\n             <td data-title=\"Bonus\">+ 8 pillole<\/td>\n             <td data-title=\"\">\n                <a href=\"?add-to-cart=2856\" class =\"buy-btn_default buy-btn ajax_add_to_cart add_to_cart_button\" rel=\"nofollow\" data-product_id = \"2856\">Compra<\/a>\n             <\/td>\n            <\/tr><tr>\n             <td data-title=\"Pacco\">100mg x 272 pillole<\/td>\n             <td data-title=\"Prezzo\"> <div itemprop=\"offers\" itemscope=\"itemscope\" itemtype=\"https:\/\/schema.org\/Offer\">\n            <span class=\"crossed_out_price\">\u20ac 1242.44 \/<\/span>\n            <meta itemprop=\"url\" content =\"https:\/\/slowdentist.it\/farmacia\/kamagra-soft-tabs\/\">\n            <link itemprop =\"availability\" href=\"https:\/\/schema.org\/InStock\">\n            <span itemprop=\"priceCurrency\" content=\"EUR\">\u20ac<\/span> <span itemprop=\"price\" content=\"565.16\">565.16<\/span><\/div><\/td>\n             <td data-title=\"Per Pillola\">\u20ac 2.08<\/td>\n             <td class=\"field-economy_default\" data-title=\"Risparmio\">\u20ac 677.28<\/td>\n             <td data-title=\"Bonus\">+ 12 pillole<\/td>\n             <td data-title=\"\">\n                <a href=\"?add-to-cart=2858\" class =\"buy-btn_default buy-btn ajax_add_to_cart add_to_cart_button\" rel=\"nofollow\" data-product_id = \"2858\">Compra<\/a>\n             <\/td>\n            <\/tr><\/tbody> <\/table>\n            <\/div>\n        <\/div>\n    <\/div>\n\n\n<p><div class=\"letter\">\n<div class=\"letter-head\">\n<div class=\"letter-title heading-letter\">Esempio di busta<\/div>\n<div class=\"letter-pack\"><img src=\"\/farmacia\/wp-content\/uploads\/example-package.jpg\" alt=\"\" width=\"505\" height=\"105\"><\/div>\n<\/div>\n<div class=\"letter-desc\">Il tuo ordine sar\u00e0 imballato in modo sicuro e consegnato entro 24 ore. Questo \u00e8 l'aspetto dell'imballaggio (immagini reali dell'articolo inviato). Ha le dimensioni e l'aspetto di una normale lettera (24x11x0,7 cm) e non mancher\u00e0 il contenuto.<\/div>\n<\/div><br>\n<div class=\"delivery\">\n<div class=\"delivery-result\">\n<div class=\"delivery-unit\">\n<div class=\"delivery-unit-inner\">\n<div class=\"delivery-unit-type\">\n<div class=\"delivery-unit-label\">\n              Metodo di consegna<\/div>\n<div class=\"delivery-unit-value\">\n              Express<\/div>\n              <div class=\"delivery-unit-value\">\n              Post EU<\/div>\n<\/div>\n<div class=\"delivery-unit-term\">\n<div class=\"delivery-unit-label\">\n              Tempi di consegna<\/div>\n<div class=\"delivery-unit-value\">\n              4-11 giorni lavorativi<\/div>\n              <div class=\"delivery-unit-value\">\n              8-13 giorni<\/div>\n<\/div>\n<div class=\"delivery-unit-price\">\n<div class=\"delivery-unit-label\">\n              Prezzo<\/div>\n<div class=\"delivery-unit-sum\">\n              \u20ac 14.99<\/div>\n              <div class=\"delivery-unit-sum\">\n              \u20ac 00.00 (ordina da \u20ac 200)<\/div>\n<\/div>\n<\/div>\n<\/div>\n<\/div>\n<\/div>\n<div class=\"advant-list\">\n<div class=\"advant-list-item\">\n          Spedizione internazionale<\/div>\n<div class=\"advant-list-item\">\n          Protezione e sicurezza<\/div>\n<div class=\"advant-list-item\">\n          Imballaggio discreto<\/div>\n<div class=\"advant-list-item\">\n          Garanzia di privacy e anonimato<\/div>\n<div class=\"advant-list-item\">\n          Consegna del suo ordine entro 21 giorni<\/div>\n<div class=\"advant-list-item\">\n          Consegna assicurata al 100%.<\/div>\n<\/div><\/p>\n<div class=\"product-content\">\n<p><\/p>\n<\/div>\n\n\n<h2 class=\"wp-block-heading\">Cos&#8217;\u00e8 Kamagra Soft?<\/h2>\n\n\n\n<p>Quando si sceglie un farmaco per ripristinare la potenza maschile, si dovrebbe assolutamente prestare attenzione a Kamagra Soft. Generic \u00e8 stato sviluppato dal colosso farmaceutico indiano, che \u00e8 riuscito a guadagnarsi un&#8217;ottima reputazione sul mercato grazie al controllo di qualit\u00e0 dei prodotti e ai prezzi equi dei farmaci. Il farmaco si basa sullo stesso principio attivo, senza il quale il Viagra, che \u00e8 diventato un successo nel trattamento dell&#8217;impotenza maschile, non ne ha fatto a meno.<\/p>\n\n\n\n<p>La nostra farmacia vi permetter\u00e0 di acquistare farmaci di qualit\u00e0 per eliminare la disfunzione erettile a condizioni favorevoli. \u00c8 necessario solo compilare una domanda sul sito web in modo che Kamagra Soft senza prescrizione medica sar\u00e0 inviata all&#8217;indirizzo specificato senza indugio. Gli specialisti del supporto sono sempre lieti di rispondere alle vostre ulteriori domande.<\/p>\n\n\n\n<h2 class=\"wp-block-heading\">A chi \u00e8 stato prescritto il farmaco&nbsp;<\/h2>\n\n\n\n<p>Kamagra Soft \u00e8 un efficace stimolatore di potenza che funziona anche nei casi pi\u00f9 trascurati di disfunzione erettile. Quando si prende il farmaco correttamente, si pu\u00f2 ottenere una potente erezione, che dura fino alla fine del rapporto sessuale. Il periodo di recupero tra un rapporto sessuale e l&#8217;altro \u00e8 ridotto al minimo. Kamagra Soft aiuter\u00e0 gli uomini adulti che devono affrontare l&#8217;impotenza sessuale a causa della stanchezza, dello stress e di uno stile di vita scorretto.<\/p>\n\n\n\n<p>Alcuni dei principali vantaggi di Kamagra includono:<\/p>\n\n\n\n<ul>\n<li>una forma conveniente di rilascio;<\/li>\n\n\n\n<li>il farmaco non ha alcun effetto sulla qualit\u00e0 dello sperma;<\/li>\n\n\n\n<li>il principio attivo si accumula rapidamente nel corpo;<\/li>\n\n\n\n<li>il costo minimo di Kamagra Soft.<\/li>\n<\/ul>\n\n\n\n<h2 class=\"wp-block-heading\">Principio di funzionamento&nbsp;<\/h2>\n\n\n\n<p>Il principio attivo di Kamagra \u00e8 il Sildenafil, che \u00e8 incluso anche nel Viagra morbido. Questo componente aiuta a bloccare l&#8217;azione dell&#8217;enzima PDE-5. Di conseguenza, riesce a rilasciare azoto, a causa del quale la quantit\u00e0 di cGMP aumenta drasticamente. Questo componente naturale \u00e8 necessario per il rilassamento dei muscoli lisci, che sono saturi di esso a causa del flusso sanguigno stabile, che provoca un&#8217;erezione naturale. \u00c8 possibile ottenere il risultato quando si usano le pillole solo grazie all&#8217;effetto erotico.<\/p>\n\n\n\n<h2 class=\"wp-block-heading\">Differenze dal Viagra<\/h2>\n\n\n\n<p>Generico \u00e8 creato sulla base del Viagra, quindi utilizza lo stesso componente Sildenafil, che fornisce il risultato quando si usa il farmaco originale. Kamagra Soft corrisponde pienamente al Viagra nel suo effetto, e grazie alla formula migliorata, il suo effetto inizia ancora pi\u00f9 velocemente. Il farmaco ha un sapore e un gusto fruttato. Non devi bere il farmaco, cos\u00ec puoi prenderlo di nascosto dall&#8217;altra tua met\u00e0.<\/p>\n\n\n\n<h2 class=\"wp-block-heading\">Regole di ammissione&nbsp;<\/h2>\n\n\n\n<p>L&#8217;azione di Kamagra sul corpo inizia gi\u00e0 in 20 minuti dal momento della presa. La pillola dovrebbe essere presa una volta al giorno. Questo \u00e8 l&#8217;unico modo per ottenere risultati rapidi senza aumentare il rischio di effetti collaterali. Si consiglia di masticare Kamagra prima di deglutire. L&#8217;azione del principio attivo dura fino a 6 ore.<\/p>\n\n\n\n<h3 class=\"wp-block-heading\">Cos&#8217;altro c&#8217;\u00e8 da sapere prima di iniziare il corso<\/h3>\n\n\n\n<p>Prima di iniziare il trattamento con Kamagra, \u00e8 necessario ottenere un consulto da parte di specialisti, che escluder\u00e0 le controindicazioni prima di assumerlo. Gli uomini possono assumere il farmaco solo in assenza delle seguenti malattie:<\/p>\n\n\n\n<ul>\n<li>malattie cardiache;<\/li>\n\n\n\n<li>anomalie ai reni o al fegato;<\/li>\n\n\n\n<li>malattie degli organi della vista;<\/li>\n\n\n\n<li>malattia dell&#8217;ulcera;<\/li>\n\n\n\n<li>bassa coagulazione del sangue;<\/li>\n\n\n\n<li>bassa o alta pressione sanguigna.<\/li>\n<\/ul>\n\n\n\n<p>Kamagra non \u00e8 raccomandato per le persone che hanno affrontato un ictus o un attacco di cuore.&nbsp;<\/p>\n\n\n\n<h2 class=\"wp-block-heading\">Precisione di dosaggio del Kamagra&nbsp;<\/h2>\n\n\n\n<p>Prima di iniziare un corso di Kamagra, \u00e8 necessario chiedere aiuto al proprio medico. Sar\u00e0 lui a scegliere il dosaggio ottimale del farmaco. La quantit\u00e0 consigliata di principio attivo al giorno \u00e8 di 100 mg. I principianti di solito prendono met\u00e0 di questa dose. Non si deve aumentare o diminuire il volume senza che il medico lo sappia. \u00c8 lui che conosce tutte le caratteristiche individuali del corpo del paziente, che gli permette di trovare la media aurea e di garantire il giusto effetto.<\/p>\n\n\n\n<h3 class=\"wp-block-heading\">Come Kamagra interagisce con la droga, l&#8217;alcol e il cibo&nbsp;<\/h3>\n\n\n\n<p>Non si dovrebbe prendere Kamagra per gli uomini che bevono alcolici, perch\u00e9 l&#8217;effetto combinato delle pillole e dell&#8217;alcol pu\u00f2 portare a conseguenze negative. Se si sta sottoponendo a un trattamento e si utilizzano altri farmaci, si assicuri di consultare un medico che l&#8217;aiuter\u00e0 a scegliere il dosaggio appropriato. Il farmaco non \u00e8 adatto al trattamento se il paziente sta gi\u00e0 assumendo nitrati, donatori di azoto e farmaci per la regolazione della pressione arteriosa. Per un elenco completo dei farmaci con cui Kamagra Soft non pu\u00f2 essere combinato, consultate il vostro medico.<\/p>\n\n\n\n<h3 class=\"wp-block-heading\">Quando non si dovrebbe prendere Kamagra&nbsp;<\/h3>\n\n\n\n<p>Prima di assumere le compresse di Kamagra \u00e8 necessario ricordare l&#8217;esistenza di una controindicazione assoluta, che \u00e8 una reazione allergica ai componenti del farmaco. Si dovrebbe prendere Kamagra Soft con tutta la cautela possibile, se un uomo ha una deformazione fisica del pene. \u00c8 necessario rifiutare di prendere pillole:<\/p>\n\n\n\n<ul>\n<li>ai minorenni;<\/li>\n\n\n\n<li>uomini con malattie renali o epatiche acute;<\/li>\n\n\n\n<li>Per gli uomini a cui il medico non permette di fare sesso;<\/li>\n\n\n\n<li>donne (il farmaco non \u00e8 destinato al gentil sesso).<\/li>\n<\/ul>\n\n\n\n<p>Se un uomo sperimenta effetti collaterali durante l&#8217;assunzione del farmaco, il medico che lo cura pu\u00f2 prescrivere l&#8217;assunzione di Levitra o Cialis, in cui il principio attivo \u00e8 Vardenafil e Tadalafil, rispettivamente.<\/p>\n\n\n\n<h3 class=\"wp-block-heading\">Possibili effetti collaterali<\/h3>\n\n\n\n<p>La probabilit\u00e0 di reazioni avverse quando si assume Kamagra correttamente \u00e8 minima. Allo stesso tempo, il mancato rispetto della norma quotidiana pu\u00f2 portare alla comparsa di conseguenze negative:<\/p>\n\n\n\n<ul>\n<li>vertigini;<\/li>\n<\/ul>\n\n\n\n<ul>\n<li>macchie di pigmento rosso sul viso;<\/li>\n\n\n\n<li>naso che cola;<\/li>\n\n\n\n<li>indolenzimento muscolare;<\/li>\n\n\n\n<li>anomalie visive.&nbsp;<\/li>\n<\/ul>\n\n\n\n<p>Tutti questi sintomi possono verificarsi anche quando si assume Kamagra correttamente. L&#8217;unica differenza \u00e8 nella loro gravit\u00e0 e nella probabilit\u00e0 della loro manifestazione, al cui aumento porta un&#8217;overdose. Se un uomo ha i sintomi di cui sopra, \u00e8 necessario consultare immediatamente un medico. Nella nostra farmacia online \u00e8 possibile acquistare medicinali autentici senza prescrizione medica.<\/p>\n\n\n\n<h3 class=\"wp-block-heading\">Sovradosaggio<\/h3>\n\n\n\n<p>Se un uomo ha affrontato l&#8217;overdose di Kamagra, pu\u00f2 avere il priapismo, che \u00e8 un&#8217;erezione prolungata (diverse ore di fila) accompagnata da sensazioni dolorose. Il trattamento delle reazioni negative del corpo alle compresse di Kamagra viene effettuato in modo sintomatico.<\/p>\n\n\n\n<h3 class=\"wp-block-heading\">Deposito di Kamagra<\/h3>\n\n\n\n<p>Per conservare Kamagra, tenerla in un luogo chiuso, fuori dalla portata di animali domestici e bambini. Il luogo deve essere asciutto e ben ventilato. Quando la data di scadenza \u00e8 passata, non dovreste prenderla in nessun caso.<\/p>\n\n\n\n<h3 class=\"wp-block-heading\">Responsabilit\u00e0 del negozio online<\/h3>\n\n\n\n<p>Il farmaco medico Kamagra Soft \u00e8 prescritto da un medico per combattere la disfunzione erettile, quindi \u00e8 obbligatorio consultare uno specialista prima di iniziare il corso. Le informazioni che potete trovare sul nostro sito web sono presentate a scopo introduttivo. La farmacia su Internet non \u00e8 responsabile di eventuali reazioni avverse causate dall&#8217;automedicazione.<\/p>\n\n\n\n<div>\n<ul class=\"top-sale-nav\">\n<li class=\"top-sale-nav-item\">Prodotti popolari<\/li>\n<\/ul>\n<div class=\"top-sale-content\">\n<div class=\"top-sale-product-list\">\n<div class=\"row justify-content-center\">\n<div class=\"col-6 col-md-4 product-parent\">\n<div class=\"product-list-item\">\n<div class=\"product-item\">\n<div class=\"product-item-img\">\n             <a href=\"\/farmacia\/cialis-generico\/\"> <img decoding=\"async\" loading=\"lazy\" src=\"\/farmacia\/wp-content\/uploads\/wm\/cialis-generic.webp\" alt=\"Cialis Generico\" width=\"240\" height=\"180\"> <\/a><\/div>\n<div class=\"product-item-title\">\n<h2><a href=\"\/farmacia\/cialis-generico\/\" class=\"product-item-title-link\">Cialis Generico<\/a><\/h2>\n<\/div>\n<div class=\"product-item-pack\">\n            10mg | 20mg | 40mg | 60mg | 80mg<\/div>\n<div class=\"product-item-group\">\n<div class=\"product-item-price\">\n              <span class=\"product-item-cost\">\u20ac 2.85<\/span> a pillola<\/div>\n<div class=\"product-item-buy\">\n              <a href=\"\/farmacia\/cialis-generico\/\" class=\"product-item-btn\">Compra<\/a><\/div>\n<\/div>\n<\/div>\n<\/div>\n<\/div>\n<div class=\"col-6 col-md-4 product-parent\">\n<div class=\"product-list-item\">\n<div class=\"product-item\">\n<div class=\"product-item-img\">\n             <a href=\"\/farmacia\/viagra-generico\/\"> <img decoding=\"async\" loading=\"lazy\" src=\"\/farmacia\/wp-content\/uploads\/wm\/viagra-generic.webp\" alt=\"Viagra Generico\" width=\"240\" height=\"180\"> <\/a><\/div>\n<div class=\"product-item-title\">\n<h2><a href=\"\/farmacia\/viagra-generico\/\" class=\"product-item-title-link\">Viagra Generico<\/a><\/h2>\n<\/div>\n<div class=\"product-item-pack\">\n            25mg | 50mg | 100mg | 120mg | 130mg | 150mg | 200mg<\/div>\n<div class=\"product-item-group\">\n<div class=\"product-item-price\">\n              <span class=\"product-item-cost\">\u20ac 1.64<\/span> a pillola<\/div>\n<div class=\"product-item-buy\">\n              <a href=\"\/farmacia\/viagra-generico\/\" class=\"product-item-btn\">Compra<\/a><\/div>\n<\/div>\n<\/div>\n<\/div>\n<\/div>\n<div class=\"col-6 col-md-4 product-parent\">\n<div class=\"product-list-item\">\n<div class=\"product-item\">\n<div class=\"product-item-img\">\n             <a href=\"\/farmacia\/levitra-generico\/\"> <img decoding=\"async\" loading=\"lazy\" src=\"\/farmacia\/wp-content\/uploads\/wm\/levitra-generic.webp\" alt=\"Levitra Generico\" width=\"240\" height=\"180\"> <\/a><\/div>\n<div class=\"product-item-title\">\n<h2><a href=\"\/farmacia\/levitra-generico\/\" class=\"product-item-title-link\">Levitra Generico<\/a><\/h2>\n<\/div>\n<div class=\"product-item-pack\">\n            10mg | 20mg | 40mg | 60mg<\/div>\n<div class=\"product-item-group\">\n<div class=\"product-item-price\">\n              <span class=\"product-item-cost\">\u20ac 2.59<\/span> a pillola<\/div>\n<div class=\"product-item-buy\">\n              <a href=\"\/farmacia\/levitra-generico\/\" class=\"product-item-btn\">Compra<\/a><\/div>\n<\/div>\n<\/div>\n<\/div>\n<\/div>\n<\/div>\n<\/div>\n<\/div>\n<\/div>","protected":false},"excerpt":{"rendered":"<p>Kamagra Soft Tabs senza ricetta in Italia Kamagra \u00e8 uno dei farmaci pi\u00f9 popolari nel mercato dei farmaci per il<\/p>\n","protected":false},"author":3,"featured_media":0,"parent":0,"menu_order":0,"comment_status":"closed","ping_status":"closed","template":"","meta":[],"_links":{"self":[{"href":"https:\/\/slowdentist.it\/farmacia\/wp-json\/wp\/v2\/pages\/759"}],"collection":[{"href":"https:\/\/slowdentist.it\/farmacia\/wp-json\/wp\/v2\/pages"}],"about":[{"href":"https:\/\/slowdentist.it\/farmacia\/wp-json\/wp\/v2\/types\/page"}],"author":[{"embeddable":true,"href":"https:\/\/slowdentist.it\/farmacia\/wp-json\/wp\/v2\/users\/3"}],"replies":[{"embeddable":true,"href":"https:\/\/slowdentist.it\/farmacia\/wp-json\/wp\/v2\/comments?post=759"}],"version-history":[{"count":13,"href":"https:\/\/slowdentist.it\/farmacia\/wp-json\/wp\/v2\/pages\/759\/revisions"}],"predecessor-version":[{"id":6356,"href":"https:\/\/slowdentist.it\/farmacia\/wp-json\/wp\/v2\/pages\/759\/revisions\/6356"}],"wp:attachment":[{"href":"https:\/\/slowdentist.it\/farmacia\/wp-json\/wp\/v2\/media?parent=759"}],"curies":[{"name":"wp","href":"https:\/\/api.w.org\/{rel}","templated":true}]}}