{"id":761,"date":"2021-12-06T09:47:51","date_gmt":"2021-12-06T08:47:51","guid":{"rendered":"https:\/\/slowdentist.it\/farmacia\/?page_id=761"},"modified":"2024-10-23T08:54:26","modified_gmt":"2024-10-23T07:54:26","slug":"kamagra-super","status":"publish","type":"page","link":"https:\/\/slowdentist.it\/farmacia\/kamagra-super\/","title":{"rendered":"Kamagra Super"},"content":{"rendered":"<div class=\"product-info\">\n<div class=\"row\">\n<div class=\"col-sm-4\"><img decoding=\"async\" src=\"\/farmacia\/wp-content\/uploads\/wm\/kamagra-super.webp\" alt=\"Super Kamagra foto\"><\/div>\n<div class=\"col-sm-8\">\n<h1 class=\"product-h1\">Kamagra Super senza ricetta in Italia<\/h1>\n<div class=\"product-description\">\n<p>La disfunzione erettile rimane una delle malattie pi\u00f9 comuni che pu\u00f2 affrontare ogni uomo adulto. Per non dover rinunciare ad una vita sessuale attiva, oggi basta ordinare Kamagra Super, sempre disponibile nella nostra farmacia online. Dovete solo informare i nostri consulenti della vostra scelta.<\/p>\n<p>Kamagra ha un effetto rapido sul corpo e ha anche un rischio minimo di effetti collaterali. Prima di acquistare, assicuratevi di chiedere al vostro medico un consulto dettagliato.<\/p>\n<\/div>\n<div>\n<div class=\"row\">\n<div class=\"col-sm-6\">\n<div class=\"col-margin\">\n<ul class=\"ul-feature-list\">\n \t<li class=\"feature-list\">Insorgenza rapida dell'azione<\/li>\n \t<li class=\"feature-list\">Effetto di lunga durata<\/li>\n<\/ul>\n<\/div>\n<br>\n<div class=\"col-margin\"><img src=\"\/farmacia\/wp-content\/uploads\/img-footer-logo-04.png\" alt=\"\"><\/div>\n<\/div>\n<div class=\"col-sm-6\">\n<div class=\"col-margin\">\n<ul class=\"ul-feature-list\">\n \t<li class=\"feature-list\">Transazione Sicura<\/li>\n \t<li class=\"feature-list\">Visita i link dei certificati nella pagina di Checkout<\/li>\n<\/ul>\n<\/div>\n<div class=\"col-margin\"><img class=\"img-payment\" src=\"\/farmacia\/wp-content\/uploads\/payment-methods.png\" alt=\"Payment Methods\"><\/div>\n<\/div>\n<\/div>\n<\/div>\n<\/div>\n<\/div>\n<\/div>\n\n\n<div class=\"tab\" data-sort = \"asc\"><button class=\"tablinks tablinks_default active\" data-target = \"tab-160\">160mg<\/button><\/div><div id =\"tab-160\" class = \"tabcontent active\" >\n            <div class=\"table-container\">\n                <div id=\"shop-prod-table\">\n                <table class=\"table\">\n                <caption><h2> Super Kamagra  160mg<\/h2><\/caption>\n                <thead>\n                       <tr class=\"table-header_default\">\n                                <th scope =\"col\">Pacco<\/th>\n                                <th scope =\"col\">Prezzo<\/th>\n                                <th scope =\"col\">Per Pillola<\/th>\n                                <th scope =\"col\">Risparmio<\/th>\n                                <th scope =\"col\">Bonus<\/th>\n                                <th scope =\"col\"><\/th>\n                        <\/tr>\n                <\/thead><tbody><tr>\n             <td data-title=\"Pacco\">160mg x 4 pillole<\/td>\n             <td data-title=\"Prezzo\"> <div itemprop=\"offers\" itemscope=\"itemscope\" itemtype=\"https:\/\/schema.org\/Offer\">\n            \n            <meta itemprop=\"url\" content =\"https:\/\/slowdentist.it\/farmacia\/kamagra-super\/\">\n            <link itemprop =\"availability\" href=\"https:\/\/schema.org\/InStock\">\n            <span itemprop=\"priceCurrency\" content=\"EUR\">\u20ac<\/span> <span itemprop=\"price\" content=\"39.99\">39.99<\/span><\/div><\/td>\n             <td data-title=\"Per Pillola\">\u20ac 10<\/td>\n             <td class=\"field-economy_default\" data-title=\"Risparmio\">\u20ac 0<\/td>\n             <td data-title=\"Bonus\">-<\/td>\n             <td data-title=\"\">\n                <a href=\"?add-to-cart=2929\" class =\"buy-btn_default buy-btn ajax_add_to_cart add_to_cart_button\" rel=\"nofollow\" data-product_id = \"2929\">Compra<\/a>\n             <\/td>\n            <\/tr><tr>\n             <td data-title=\"Pacco\">160mg x 8 pillole<\/td>\n             <td data-title=\"Prezzo\"> <div itemprop=\"offers\" itemscope=\"itemscope\" itemtype=\"https:\/\/schema.org\/Offer\">\n            <span class=\"crossed_out_price\">\u20ac 80.01 \/<\/span>\n            <meta itemprop=\"url\" content =\"https:\/\/slowdentist.it\/farmacia\/kamagra-super\/\">\n            <link itemprop =\"availability\" href=\"https:\/\/schema.org\/InStock\">\n            <span itemprop=\"priceCurrency\" content=\"EUR\">\u20ac<\/span> <span itemprop=\"price\" content=\"65.93\">65.93<\/span><\/div><\/td>\n             <td data-title=\"Per Pillola\">\u20ac 8.24<\/td>\n             <td class=\"field-economy_default\" data-title=\"Risparmio\">\u20ac 14.08<\/td>\n             <td data-title=\"Bonus\">-<\/td>\n             <td data-title=\"\">\n                <a href=\"?add-to-cart=2931\" class =\"buy-btn_default buy-btn ajax_add_to_cart add_to_cart_button\" rel=\"nofollow\" data-product_id = \"2931\">Compra<\/a>\n             <\/td>\n            <\/tr><tr>\n             <td data-title=\"Pacco\">160mg x 12 pillole<\/td>\n             <td data-title=\"Prezzo\"> <div itemprop=\"offers\" itemscope=\"itemscope\" itemtype=\"https:\/\/schema.org\/Offer\">\n            <span class=\"crossed_out_price\">\u20ac 120.05 \/<\/span>\n            <meta itemprop=\"url\" content =\"https:\/\/slowdentist.it\/farmacia\/kamagra-super\/\">\n            <link itemprop =\"availability\" href=\"https:\/\/schema.org\/InStock\">\n            <span itemprop=\"priceCurrency\" content=\"EUR\">\u20ac<\/span> <span itemprop=\"price\" content=\"96.29\">96.29<\/span><\/div><\/td>\n             <td data-title=\"Per Pillola\">\u20ac 8.02<\/td>\n             <td class=\"field-economy_default\" data-title=\"Risparmio\">\u20ac 23.76<\/td>\n             <td data-title=\"Bonus\">-<\/td>\n             <td data-title=\"\">\n                <a href=\"?add-to-cart=2925\" class =\"buy-btn_default buy-btn ajax_add_to_cart add_to_cart_button\" rel=\"nofollow\" data-product_id = \"2925\">Compra<\/a>\n             <\/td>\n            <\/tr><tr>\n             <td data-title=\"Pacco\">160mg x 20 pillole<\/td>\n             <td data-title=\"Prezzo\"> <div itemprop=\"offers\" itemscope=\"itemscope\" itemtype=\"https:\/\/schema.org\/Offer\">\n            <span class=\"crossed_out_price\">\u20ac 199.95 \/<\/span>\n            <meta itemprop=\"url\" content =\"https:\/\/slowdentist.it\/farmacia\/kamagra-super\/\">\n            <link itemprop =\"availability\" href=\"https:\/\/schema.org\/InStock\">\n            <span itemprop=\"priceCurrency\" content=\"EUR\">\u20ac<\/span> <span itemprop=\"price\" content=\"147.95\">147.95<\/span><\/div><\/td>\n             <td data-title=\"Per Pillola\">\u20ac 7.4<\/td>\n             <td class=\"field-economy_default\" data-title=\"Risparmio\">\u20ac 52<\/td>\n             <td data-title=\"Bonus\">+ 4 pillole<\/td>\n             <td data-title=\"\">\n                <a href=\"?add-to-cart=2927\" class =\"buy-btn_default buy-btn ajax_add_to_cart add_to_cart_button\" rel=\"nofollow\" data-product_id = \"2927\">Compra<\/a>\n             <\/td>\n            <\/tr><tr>\n             <td data-title=\"Pacco\">160mg x 32 pillole<\/td>\n             <td data-title=\"Prezzo\"> <div itemprop=\"offers\" itemscope=\"itemscope\" itemtype=\"https:\/\/schema.org\/Offer\">\n            <span class=\"crossed_out_price\">\u20ac 319.86 \/<\/span>\n            <meta itemprop=\"url\" content =\"https:\/\/slowdentist.it\/farmacia\/kamagra-super\/\">\n            <link itemprop =\"availability\" href=\"https:\/\/schema.org\/InStock\">\n            <span itemprop=\"priceCurrency\" content=\"EUR\">\u20ac<\/span> <span itemprop=\"price\" content=\"207.86\">207.86<\/span><\/div><\/td>\n             <td data-title=\"Per Pillola\">\u20ac 6.5<\/td>\n             <td class=\"field-economy_default\" data-title=\"Risparmio\">\u20ac 112<\/td>\n             <td data-title=\"Bonus\">+ 4 pillole<\/td>\n             <td data-title=\"\">\n                <a href=\"?add-to-cart=2928\" class =\"buy-btn_default buy-btn ajax_add_to_cart add_to_cart_button\" rel=\"nofollow\" data-product_id = \"2928\">Compra<\/a>\n             <\/td>\n            <\/tr><tr>\n             <td data-title=\"Pacco\">160mg x 60 pillole<\/td>\n             <td data-title=\"Prezzo\"> <div itemprop=\"offers\" itemscope=\"itemscope\" itemtype=\"https:\/\/schema.org\/Offer\">\n            <span class=\"crossed_out_price\">\u20ac 599.99 \/<\/span>\n            <meta itemprop=\"url\" content =\"https:\/\/slowdentist.it\/farmacia\/kamagra-super\/\">\n            <link itemprop =\"availability\" href=\"https:\/\/schema.org\/InStock\">\n            <span itemprop=\"priceCurrency\" content=\"EUR\">\u20ac<\/span> <span itemprop=\"price\" content=\"326.39\">326.39<\/span><\/div><\/td>\n             <td data-title=\"Per Pillola\">\u20ac 5.44<\/td>\n             <td class=\"field-economy_default\" data-title=\"Risparmio\">\u20ac 273.6<\/td>\n             <td data-title=\"Bonus\">+ 4 pillole<\/td>\n             <td data-title=\"\">\n                <a href=\"?add-to-cart=2930\" class =\"buy-btn_default buy-btn ajax_add_to_cart add_to_cart_button\" rel=\"nofollow\" data-product_id = \"2930\">Compra<\/a>\n             <\/td>\n            <\/tr><tr>\n             <td data-title=\"Pacco\">160mg x 92 pillole<\/td>\n             <td data-title=\"Prezzo\"> <div itemprop=\"offers\" itemscope=\"itemscope\" itemtype=\"https:\/\/schema.org\/Offer\">\n            <span class=\"crossed_out_price\">\u20ac 919.63 \/<\/span>\n            <meta itemprop=\"url\" content =\"https:\/\/slowdentist.it\/farmacia\/kamagra-super\/\">\n            <link itemprop =\"availability\" href=\"https:\/\/schema.org\/InStock\">\n            <span itemprop=\"priceCurrency\" content=\"EUR\">\u20ac<\/span> <span itemprop=\"price\" content=\"455.95\">455.95<\/span><\/div><\/td>\n             <td data-title=\"Per Pillola\">\u20ac 4.96<\/td>\n             <td class=\"field-economy_default\" data-title=\"Risparmio\">\u20ac 463.68<\/td>\n             <td data-title=\"Bonus\">+ 6 pillole<\/td>\n             <td data-title=\"\">\n                <a href=\"?add-to-cart=2932\" class =\"buy-btn_default buy-btn ajax_add_to_cart add_to_cart_button\" rel=\"nofollow\" data-product_id = \"2932\">Compra<\/a>\n             <\/td>\n            <\/tr><tr>\n             <td data-title=\"Pacco\">160mg x 152 pillole<\/td>\n             <td data-title=\"Prezzo\"> <div itemprop=\"offers\" itemscope=\"itemscope\" itemtype=\"https:\/\/schema.org\/Offer\">\n            <span class=\"crossed_out_price\">\u20ac 1519.75 \/<\/span>\n            <meta itemprop=\"url\" content =\"https:\/\/slowdentist.it\/farmacia\/kamagra-super\/\">\n            <link itemprop =\"availability\" href=\"https:\/\/schema.org\/InStock\">\n            <span itemprop=\"priceCurrency\" content=\"EUR\">\u20ac<\/span> <span itemprop=\"price\" content=\"694.39\">694.39<\/span><\/div><\/td>\n             <td data-title=\"Per Pillola\">\u20ac 4.57<\/td>\n             <td class=\"field-economy_default\" data-title=\"Risparmio\">\u20ac 825.36<\/td>\n             <td data-title=\"Bonus\">+ 8 pillole<\/td>\n             <td data-title=\"\">\n                <a href=\"?add-to-cart=2926\" class =\"buy-btn_default buy-btn ajax_add_to_cart add_to_cart_button\" rel=\"nofollow\" data-product_id = \"2926\">Compra<\/a>\n             <\/td>\n            <\/tr><\/tbody> <\/table>\n            <\/div>\n        <\/div>\n    <\/div>\n\n\n<p><div class=\"letter\">\n<div class=\"letter-head\">\n<div class=\"letter-title heading-letter\">Esempio di busta<\/div>\n<div class=\"letter-pack\"><img src=\"\/farmacia\/wp-content\/uploads\/example-package.jpg\" alt=\"\" width=\"505\" height=\"105\"><\/div>\n<\/div>\n<div class=\"letter-desc\">Il tuo ordine sar\u00e0 imballato in modo sicuro e consegnato entro 24 ore. Questo \u00e8 l'aspetto dell'imballaggio (immagini reali dell'articolo inviato). Ha le dimensioni e l'aspetto di una normale lettera (24x11x0,7 cm) e non mancher\u00e0 il contenuto.<\/div>\n<\/div><br>\n<div class=\"delivery\">\n<div class=\"delivery-result\">\n<div class=\"delivery-unit\">\n<div class=\"delivery-unit-inner\">\n<div class=\"delivery-unit-type\">\n<div class=\"delivery-unit-label\">\n              Metodo di consegna<\/div>\n<div class=\"delivery-unit-value\">\n              Express<\/div>\n              <div class=\"delivery-unit-value\">\n              Post EU<\/div>\n<\/div>\n<div class=\"delivery-unit-term\">\n<div class=\"delivery-unit-label\">\n              Tempi di consegna<\/div>\n<div class=\"delivery-unit-value\">\n              4-11 giorni lavorativi<\/div>\n              <div class=\"delivery-unit-value\">\n              8-13 giorni<\/div>\n<\/div>\n<div class=\"delivery-unit-price\">\n<div class=\"delivery-unit-label\">\n              Prezzo<\/div>\n<div class=\"delivery-unit-sum\">\n              \u20ac 14.99<\/div>\n              <div class=\"delivery-unit-sum\">\n              \u20ac 00.00 (ordina da \u20ac 200)<\/div>\n<\/div>\n<\/div>\n<\/div>\n<\/div>\n<\/div>\n<div class=\"advant-list\">\n<div class=\"advant-list-item\">\n          Spedizione internazionale<\/div>\n<div class=\"advant-list-item\">\n          Protezione e sicurezza<\/div>\n<div class=\"advant-list-item\">\n          Imballaggio discreto<\/div>\n<div class=\"advant-list-item\">\n          Garanzia di privacy e anonimato<\/div>\n<div class=\"advant-list-item\">\n          Consegna del suo ordine entro 21 giorni<\/div>\n<div class=\"advant-list-item\">\n          Consegna assicurata al 100%.<\/div>\n<\/div><\/p>\n<div class=\"product-content\">\n<p><\/p>\n<\/div>\n\n\n<h2 class=\"wp-block-heading\">Perch\u00e9 Kamagra Super?<\/h2>\n\n\n\n<p>Super Kamagra ha una doppia azione, quindi \u00e8 possibile ottenere gli effetti del Sildenafil e della Dapoxetina allo stesso tempo. Kamagra Super \u00e8 una combinazione collaudata nel tempo che aiuta gli uomini di tutto il mondo a combattere l&#8217;impotenza sessuale.&nbsp;<\/p>\n\n\n\n<p>Potete ordinare Kamagra o Viagra sul nostro sito web. Nella farmacia su Internet \u00e8 possibile acquistare farmaci per la potenza senza prescrizione medica. I nostri consulenti sono sempre lieti di rispondere alle vostre ulteriori domande. Per ottenere immediatamente il farmaco selezionato, \u00e8 sufficiente lasciare un&#8217;applicazione online sul nostro sito web.<\/p>\n\n\n\n<h2 class=\"wp-block-heading\">Super droga ad un prezzo super&nbsp;<\/h2>\n\n\n\n<p>Kamagra Super pu\u00f2 essere usato dai membri del sesso forte che desiderano eliminare la disfunzione erettile. Viene utilizzato per i seguenti scopi:<\/p>\n\n\n\n<ul>\n<li>per rafforzare l&#8217;erezione;<\/li>\n\n\n\n<li>per combattere l&#8217;eiaculazione precoce;<\/li>\n\n\n\n<li>per impotenza causata da fattori organici, psicogeni o misti;<\/li>\n\n\n\n<li>in caso di diminuzione della libido.<\/li>\n<\/ul>\n\n\n\n<p>I due principi attivi di Super Kamagra aumentano significativamente l&#8217;efficacia e permettono anche di utilizzare le pillole per trattare un elenco pi\u00f9 ampio di condizioni. I vantaggi della medicina includono:<\/p>\n\n\n\n<ul>\n<li>sicurezza se usato correttamente;<\/li>\n\n\n\n<li>lievi effetti sul sistema sessuale;<\/li>\n\n\n\n<li>una forma conveniente di rilascio;<\/li>\n\n\n\n<li>Mancanza di effetto abitudinario se assunto frequentemente;<\/li>\n\n\n\n<li>un prezzo accessibile per Super Kamagra.<\/li>\n<\/ul>\n\n\n\n<h2 class=\"wp-block-heading\">Dettagli sul meccanismo di azione sul corpo&nbsp;<\/h2>\n\n\n\n<p>Il meccanismo d&#8217;azione di Kamagra Super interessa ogni acquirente. Per creare questo generico, il produttore ha utilizzato contemporaneamente Dapoxetina e Sildenafil. Ognuno dei componenti \u00e8 progettato per risolvere un compito specifico. Senza Sildenafil, sarebbe impossibile bloccare l&#8217;azione di FDE tipo 5. Quando l&#8217;enzima viene inibito, riesce a rilasciare azoto, che permette ai corpi cavernosi dei muscoli lisci di essere riempiti di sangue.&nbsp;<\/p>\n\n\n\n<p>Il secondo principio attivo, la dapoxetina, \u00e8 progettato per bloccare l&#8217;azione della serotonina, che pu\u00f2 ridurre la suscettibilit\u00e0 del sistema nervoso maschile. Rallentando la sensibilit\u00e0, \u00e8 possibile ritardare significativamente l&#8217;inizio di un&#8217;erezione. Il risultato \u00e8 un&#8217;estensione del sesso.<\/p>\n\n\n\n<h2 class=\"wp-block-heading\">Super Kamagra e come si differenzia dal Viagra<\/h2>\n\n\n\n<p>Il Viagra originale rimane uno dei farmaci pi\u00f9 popolari per il trattamento della disfunzione erettile. Allo stesso tempo, esistono oggi sul mercato altri farmaci che aiutano gli uomini ad affrontare questa malattia. Kamagra Super si differenzia per il fatto che per la sua produzione non viene utilizzato un solo agente attivo, ma due componenti contemporaneamente. Di conseguenza, riesce a indurre naturalmente l&#8217;erezione, oltre a prolungare notevolmente il sesso.<\/p>\n\n\n\n<h2 class=\"wp-block-heading\">Quanto tempo prima del sesso si dovrebbe prendere Kamagra&nbsp;<\/h2>\n\n\n\n<p>Kamagra Super dovrebbe essere usato 30 minuti prima di iniziare a fare sesso. La compressa deve essere presa una volta al giorno. La durata dell&#8217;azione del principio attivo non supera le 6 ore. Durante tutto questo tempo, un uomo \u00e8 in grado di partecipare ai rapporti sessuali. L&#8217;azione di Kamagra avviene solo a condizione di stimolazione sessuale.<\/p>\n\n\n\n<h3 class=\"wp-block-heading\">Informazioni importanti prima dell&#8217;appuntamento&nbsp;<\/h3>\n\n\n\n<p>Il punto obbligatorio quando si usano i farmaci per migliorare la potenza rimane la consultazione con il medico curante. Kamagra non deve essere prescritto ai pazienti che hanno le seguenti condizioni:<\/p>\n\n\n\n<ul>\n<li>malattie cardiache;<\/li>\n\n\n\n<li>disturbi ai reni e al fegato;<\/li>\n\n\n\n<li>crisi epilettiche;<\/li>\n\n\n\n<li>pressione sanguigna alta o bassa;<\/li>\n\n\n\n<li>malattia dell&#8217;ulcera.<\/li>\n<\/ul>\n\n\n\n<p>I pazienti con controindicazioni all&#8217;assunzione di Kamagra possono sempre usare Cialis (con Tadalafil) o Levitra (con Vardenafil).<\/p>\n\n\n\n<h2 class=\"wp-block-heading\">Il dosaggio ideale&nbsp;<\/h2>\n\n\n\n<p>Il dosaggio del principio attivo del Camagra deve essere determinato individualmente dal vostro medico. Il produttore raccomanda di utilizzare rispettivamente 60 mg e 100 mg di Dapoxetina e Sildenafil. Durante l&#8217;uso, pu\u00f2 essere modificato da un medico tenendo conto delle condizioni del paziente, dello stadio di disfunzione erettile e di altri fattori.<\/p>\n\n\n\n<h3 class=\"wp-block-heading\">Proibizione dell&#8217;alcol?&nbsp;<\/h3>\n\n\n\n<p>Quando prendete Kamagra, ricordate che Kamagra e l&#8217;alcol non possono essere combinati. Quest&#8217;ultimo compromette in modo significativo l&#8217;effetto del principio attivo, quindi aumenta la probabilit\u00e0 di sviluppare reazioni avverse. Durante il consulto, non dimenticate di elencare altri farmaci che state assumendo in questo momento. Il fatto \u00e8 che Kamagra non si combina con nitrati, antibiotici, bloccanti delle proteasi e altri farmaci. Il vostro medico pu\u00f2 fornirvi un elenco completo.<\/p>\n\n\n\n<h3 class=\"wp-block-heading\">Cos&#8217;altro \u00e8 proibito?&nbsp;<\/h3>\n\n\n\n<p>Kamagra non dovrebbe essere usato da persone che hanno incontrato un&#8217;intolleranza individuale ai principi attivi nella sua composizione. Le donne, per le quali \u00e8 stata creata una propria linea di medicinali, dovrebbero essere subito respinte dall&#8217;accoglienza. Anche Kamagra Super non \u00e8 adatto a ragazzi che non hanno ancora compiuto 18 anni. Se l&#8217;attivit\u00e0 sessuale \u00e8 vietata dal medico, questa prescrizione deve essere rigorosamente seguita. Quando si prende Kamagra, non c&#8217;\u00e8 alcun effetto sulla guida di veicoli a motore. Allo stesso tempo, Kamagra pu\u00f2 causare vertigini e altri effetti collaterali, a causa dei quali si dovrebbe stare pi\u00f9 attenti al suo utilizzo.<\/p>\n\n\n\n<h3 class=\"wp-block-heading\">Cosa potrebbe mai andare storto?&nbsp;<\/h3>\n\n\n\n<p>La probabilit\u00e0 di effetti collaterali quando si prende Kamagra correttamente sar\u00e0 minima. La frequenza degli effetti collaterali dipende dallo stato del vostro corpo e dal dosaggio, quindi la dose giornaliera deve essere prescritta dal medico.<\/p>\n\n\n\n<h3 class=\"wp-block-heading\">Sovradosaggio<\/h3>\n\n\n\n<p>Durante un sovradosaggio si osservano di solito i seguenti effetti:<\/p>\n\n\n\n<ul>\n<li>vertigini;<\/li>\n\n\n\n<li>macchie pigmentate sulla pelle del viso;<\/li>\n\n\n\n<li>Interruzione della BP;<\/li>\n\n\n\n<li>dolore muscolare;<\/li>\n\n\n\n<li>sonnolenza e debolezza.<\/li>\n<\/ul>\n\n\n\n<p>Se si scoprono effetti collaterali dall&#8217;assunzione di Kamagra, \u00e8 necessario contattare immediatamente uno specialista che fornir\u00e0 il trattamento medico richiesto in base ai sintomi.<\/p>\n\n\n\n<h3 class=\"wp-block-heading\">Regole di conservazione&nbsp;<\/h3>\n\n\n\n<p>Kamagra deve essere conservato nella sua confezione originale. Un luogo fuori dalla portata dei bambini o degli animali domestici \u00e8 adatto a questo scopo. Le condizioni ottimali sono l&#8217;umidit\u00e0 minima e la temperatura ambiente. Dopo la data di scadenza \u00e8 vietato assumere il farmaco.<\/p>\n\n\n\n<h3 class=\"wp-block-heading\">Responsabilit\u00e0 del venditore<\/h3>\n\n\n\n<p>Kamagra Super \u00e8 un rimedio medico che dovrebbe essere preso solo come prescritto dagli specialisti. Prima di un corso di Kamagra contro la disfunzione erettile, \u00e8 necessario prendere un appuntamento con un medico e sottoporsi alla diagnostica. Le informazioni contenute in questo sito sono fornite a scopo introduttivo. L&#8217;amministrazione di questo sito non \u00e8 responsabile di eventuali reazioni avverse causate dall&#8217;automedicazione.<\/p>\n\n\n\n<div>\n<ul class=\"top-sale-nav\">\n<li class=\"top-sale-nav-item\">Prodotti popolari<\/li>\n<\/ul>\n<div class=\"top-sale-content\">\n<div class=\"top-sale-product-list\">\n<div class=\"row justify-content-center\">\n<div class=\"col-6 col-md-4 product-parent\">\n<div class=\"product-list-item\">\n<div class=\"product-item\">\n<div class=\"product-item-img\">\n             <a href=\"\/farmacia\/cialis-generico\/\"> <img decoding=\"async\" loading=\"lazy\" src=\"\/farmacia\/wp-content\/uploads\/wm\/cialis-generic.webp\" alt=\"Cialis Generico\" width=\"240\" height=\"180\"> <\/a><\/div>\n<div class=\"product-item-title\">\n<h2><a href=\"\/farmacia\/cialis-generico\/\" class=\"product-item-title-link\">Cialis Generico<\/a><\/h2>\n<\/div>\n<div class=\"product-item-pack\">\n            10mg | 20mg | 40mg | 60mg | 80mg<\/div>\n<div class=\"product-item-group\">\n<div class=\"product-item-price\">\n              <span class=\"product-item-cost\">\u20ac 2.85<\/span> a pillola<\/div>\n<div class=\"product-item-buy\">\n              <a href=\"\/farmacia\/cialis-generico\/\" class=\"product-item-btn\">Compra<\/a><\/div>\n<\/div>\n<\/div>\n<\/div>\n<\/div>\n<div class=\"col-6 col-md-4 product-parent\">\n<div class=\"product-list-item\">\n<div class=\"product-item\">\n<div class=\"product-item-img\">\n             <a href=\"\/farmacia\/viagra-generico\/\"> <img decoding=\"async\" loading=\"lazy\" src=\"\/farmacia\/wp-content\/uploads\/wm\/viagra-generic.webp\" alt=\"Viagra Generico\" width=\"240\" height=\"180\"> <\/a><\/div>\n<div class=\"product-item-title\">\n<h2><a href=\"\/farmacia\/viagra-generico\/\" class=\"product-item-title-link\">Viagra Generico<\/a><\/h2>\n<\/div>\n<div class=\"product-item-pack\">\n            25mg | 50mg | 100mg | 120mg | 130mg | 150mg | 200mg<\/div>\n<div class=\"product-item-group\">\n<div class=\"product-item-price\">\n              <span class=\"product-item-cost\">\u20ac 1.64<\/span> a pillola<\/div>\n<div class=\"product-item-buy\">\n              <a href=\"\/farmacia\/viagra-generico\/\" class=\"product-item-btn\">Compra<\/a><\/div>\n<\/div>\n<\/div>\n<\/div>\n<\/div>\n<div class=\"col-6 col-md-4 product-parent\">\n<div class=\"product-list-item\">\n<div class=\"product-item\">\n<div class=\"product-item-img\">\n             <a href=\"\/farmacia\/levitra-generico\/\"> <img decoding=\"async\" loading=\"lazy\" src=\"\/farmacia\/wp-content\/uploads\/wm\/levitra-generic.webp\" alt=\"Levitra Generico\" width=\"240\" height=\"180\"> <\/a><\/div>\n<div class=\"product-item-title\">\n<h2><a href=\"\/farmacia\/levitra-generico\/\" class=\"product-item-title-link\">Levitra Generico<\/a><\/h2>\n<\/div>\n<div class=\"product-item-pack\">\n            10mg | 20mg | 40mg | 60mg<\/div>\n<div class=\"product-item-group\">\n<div class=\"product-item-price\">\n              <span class=\"product-item-cost\">\u20ac 2.59<\/span> a pillola<\/div>\n<div class=\"product-item-buy\">\n              <a href=\"\/farmacia\/levitra-generico\/\" class=\"product-item-btn\">Compra<\/a><\/div>\n<\/div>\n<\/div>\n<\/div>\n<\/div>\n<\/div>\n<\/div>\n<\/div>\n<\/div>","protected":false},"excerpt":{"rendered":"<p>Kamagra Super senza ricetta in Italia La disfunzione erettile rimane una delle malattie pi\u00f9 comuni che pu\u00f2 affrontare ogni uomo<\/p>\n","protected":false},"author":3,"featured_media":0,"parent":0,"menu_order":0,"comment_status":"closed","ping_status":"closed","template":"","meta":[],"_links":{"self":[{"href":"https:\/\/slowdentist.it\/farmacia\/wp-json\/wp\/v2\/pages\/761"}],"collection":[{"href":"https:\/\/slowdentist.it\/farmacia\/wp-json\/wp\/v2\/pages"}],"about":[{"href":"https:\/\/slowdentist.it\/farmacia\/wp-json\/wp\/v2\/types\/page"}],"author":[{"embeddable":true,"href":"https:\/\/slowdentist.it\/farmacia\/wp-json\/wp\/v2\/users\/3"}],"replies":[{"embeddable":true,"href":"https:\/\/slowdentist.it\/farmacia\/wp-json\/wp\/v2\/comments?post=761"}],"version-history":[{"count":12,"href":"https:\/\/slowdentist.it\/farmacia\/wp-json\/wp\/v2\/pages\/761\/revisions"}],"predecessor-version":[{"id":6381,"href":"https:\/\/slowdentist.it\/farmacia\/wp-json\/wp\/v2\/pages\/761\/revisions\/6381"}],"wp:attachment":[{"href":"https:\/\/slowdentist.it\/farmacia\/wp-json\/wp\/v2\/media?parent=761"}],"curies":[{"name":"wp","href":"https:\/\/api.w.org\/{rel}","templated":true}]}}